
{"id":4173,"date":"2021-08-17T08:50:42","date_gmt":"2021-08-17T08:50:42","guid":{"rendered":"https:\/\/portugalcurated.pt\/newcuratedinvestments\/art-advisory\/"},"modified":"2022-07-22T15:37:35","modified_gmt":"2022-07-22T15:37:35","slug":"conseil-artistique%ef%bf%bc","status":"publish","type":"page","link":"https:\/\/curated.pt\/fr\/conseil-artistique%ef%bf%bc\/","title":{"rendered":"Conseil Artistique\ufffc"},"content":{"rendered":"\t\t<div data-elementor-type=\"wp-page\" data-elementor-id=\"4173\" class=\"elementor elementor-4173 elementor-869\">\r\n\t\t\t\t\t\t\t\t\t<section class=\"elementor-section elementor-top-section elementor-element elementor-element-11ea1b55 elementor-section-boxed elementor-section-height-default elementor-section-height-default\" data-id=\"11ea1b55\" data-element_type=\"section\">\r\n\t\t\t\t\t\t<div class=\"elementor-container elementor-column-gap-default\">\r\n\t\t\t\t\t<div class=\"elementor-column elementor-col-100 elementor-top-column elementor-element elementor-element-6c2488a5\" data-id=\"6c2488a5\" data-element_type=\"column\">\r\n\t\t\t<div class=\"elementor-widget-wrap elementor-element-populated\">\r\n\t\t\t\t\t\t\t\t<div class=\"elementor-element elementor-element-57552d47 elementor-widget elementor-widget-text-editor\" data-id=\"57552d47\" data-element_type=\"widget\" data-widget_type=\"text-editor.default\">\r\n\t\t\t\t<div class=\"elementor-widget-container\">\r\n\t\t\t<style>\/*! elementor - v3.12.2 - 23-04-2023 *\/\r\n.elementor-widget-text-editor.elementor-drop-cap-view-stacked .elementor-drop-cap{background-color:#69727d;color:#fff}.elementor-widget-text-editor.elementor-drop-cap-view-framed .elementor-drop-cap{color:#69727d;border:3px solid;background-color:transparent}.elementor-widget-text-editor:not(.elementor-drop-cap-view-default) .elementor-drop-cap{margin-top:8px}.elementor-widget-text-editor:not(.elementor-drop-cap-view-default) .elementor-drop-cap-letter{width:1em;height:1em}.elementor-widget-text-editor .elementor-drop-cap{float:left;text-align:center;line-height:1;font-size:50px}.elementor-widget-text-editor .elementor-drop-cap-letter{display:inline-block}<\/style>\t\t\t\t<div><p>Nous travaillons avec des artistes de mani\u00e8re privil\u00e9gi\u00e9e et sommes en mesure de vous proposer les services et le contact avec les conseillers en art les plus renomm\u00e9s pour guider le choix des \u0153uvres ou la construction de collections pour les acheteurs, les investisseurs, les collectionneurs priv\u00e9s et institutionnels, en les aidant \u00e0 d\u00e9finir leurs crit\u00e8res de s\u00e9lection.<\/p><p>Nos conseils dans le monde de l&rsquo;acquisition d&rsquo;\u0153uvres d&rsquo;art s&rsquo;accompagnent toujours de visites d&rsquo;ateliers d&rsquo;artistes, de galeries ou encore de foires d&rsquo;art.<\/p><p>Nous privil\u00e9gions toujours l&rsquo;esth\u00e9tique recherch\u00e9e et les autres \u0153uvres de la collection pour trouver des \u0153uvres d&rsquo;art qui compl\u00e8tent l&rsquo;espace ou la collection de l&rsquo;investisseur.<\/p><p>Pour r\u00e9pondre \u00e0 vos besoins, n&rsquo;h\u00e9sitez pas \u00e0 nous contacter \u00e0 l&rsquo;adresse <a href=\"mailto:contact@curated.pt\">contact@curated.pt<\/a><\/p><\/div><p class=\"credit\">photo \u00a9 Sancha.Co collection<\/p>\t\t\t\t\t\t<\/div>\r\n\t\t\t\t<\/div>\r\n\t\t\t\t\t<\/div>\r\n\t\t<\/div>\r\n\t\t\t\t\t\t\t<\/div>\r\n\t\t<\/section>\r\n\t\t\t\t\t\t\t<\/div>\r\n\t\t","protected":false},"excerpt":{"rendered":"<p>Nous travaillons avec des artistes de mani\u00e8re privil\u00e9gi\u00e9e et sommes en mesure de vous proposer les services et le contact avec les conseillers en art les plus renomm\u00e9s pour guider&#46;&#46;&#46;<\/p>\n","protected":false},"author":1,"featured_media":1903,"parent":0,"menu_order":0,"comment_status":"closed","ping_status":"closed","template":"page-templates\/default-page.php","meta":{"footnotes":""},"_links":{"self":[{"href":"https:\/\/curated.pt\/fr\/wp-json\/wp\/v2\/pages\/4173"}],"collection":[{"href":"https:\/\/curated.pt\/fr\/wp-json\/wp\/v2\/pages"}],"about":[{"href":"https:\/\/curated.pt\/fr\/wp-json\/wp\/v2\/types\/page"}],"author":[{"embeddable":true,"href":"https:\/\/curated.pt\/fr\/wp-json\/wp\/v2\/users\/1"}],"replies":[{"embeddable":true,"href":"https:\/\/curated.pt\/fr\/wp-json\/wp\/v2\/comments?post=4173"}],"version-history":[{"count":5,"href":"https:\/\/curated.pt\/fr\/wp-json\/wp\/v2\/pages\/4173\/revisions"}],"predecessor-version":[{"id":4407,"href":"https:\/\/curated.pt\/fr\/wp-json\/wp\/v2\/pages\/4173\/revisions\/4407"}],"wp:featuredmedia":[{"embeddable":true,"href":"https:\/\/curated.pt\/fr\/wp-json\/wp\/v2\/media\/1903"}],"wp:attachment":[{"href":"https:\/\/curated.pt\/fr\/wp-json\/wp\/v2\/media?parent=4173"}],"curies":[{"name":"wp","href":"https:\/\/api.w.org\/{rel}","templated":true}]}}