
{"id":4175,"date":"2021-08-17T08:59:37","date_gmt":"2021-08-17T08:59:37","guid":{"rendered":"https:\/\/portugalcurated.pt\/newcuratedinvestments\/carreiras\/"},"modified":"2022-07-22T15:30:52","modified_gmt":"2022-07-22T15:30:52","slug":"carrieres","status":"publish","type":"page","link":"https:\/\/curated.pt\/fr\/carrieres\/","title":{"rendered":"Carri\u00e8res"},"content":{"rendered":"\t\t<div data-elementor-type=\"wp-page\" data-elementor-id=\"4175\" class=\"elementor elementor-4175 elementor-890\">\r\n\t\t\t\t\t\t\t\t\t<section class=\"elementor-section elementor-top-section elementor-element elementor-element-1e6e8589 elementor-section-boxed elementor-section-height-default elementor-section-height-default\" data-id=\"1e6e8589\" data-element_type=\"section\">\r\n\t\t\t\t\t\t<div class=\"elementor-container elementor-column-gap-default\">\r\n\t\t\t\t\t<div class=\"elementor-column elementor-col-100 elementor-top-column elementor-element elementor-element-593d53c3\" data-id=\"593d53c3\" data-element_type=\"column\">\r\n\t\t\t<div class=\"elementor-widget-wrap elementor-element-populated\">\r\n\t\t\t\t\t\t\t\t<div class=\"elementor-element elementor-element-72ca123d elementor-widget elementor-widget-text-editor\" data-id=\"72ca123d\" data-element_type=\"widget\" data-widget_type=\"text-editor.default\">\r\n\t\t\t\t<div class=\"elementor-widget-container\">\r\n\t\t\t<style>\/*! elementor - v3.12.2 - 23-04-2023 *\/\r\n.elementor-widget-text-editor.elementor-drop-cap-view-stacked .elementor-drop-cap{background-color:#69727d;color:#fff}.elementor-widget-text-editor.elementor-drop-cap-view-framed .elementor-drop-cap{color:#69727d;border:3px solid;background-color:transparent}.elementor-widget-text-editor:not(.elementor-drop-cap-view-default) .elementor-drop-cap{margin-top:8px}.elementor-widget-text-editor:not(.elementor-drop-cap-view-default) .elementor-drop-cap-letter{width:1em;height:1em}.elementor-widget-text-editor .elementor-drop-cap{float:left;text-align:center;line-height:1;font-size:50px}.elementor-widget-text-editor .elementor-drop-cap-letter{display:inline-block}<\/style>\t\t\t\t<div><p>L&rsquo;amour du patrimoine est au c\u0153ur de notre marque.<br \/>Nous n\u2019avons actuellement pas de postes disponibles, mais vivre en ayant le sens de l&rsquo;excellence sera la porte d&rsquo;entr\u00e9e vers de futures opportunit\u00e9s.<\/p><p>M\u00eame sans postes disponibles, vous pouvez \u00eatre audacieux ou vouloir nous envoyer une candidature spontan\u00e9e avec vos id\u00e9es.<\/p><p>Tous les candidats sont pri\u00e9s d&rsquo;envoyer un lien de leur profil LinkedIn avec une lettre de motivation \u00e0\u00a0<a href=\"mailto:contact@curated.pt\">contact@curated.pt<\/a>.<\/p><\/div>\t\t\t\t\t\t<\/div>\r\n\t\t\t\t<\/div>\r\n\t\t\t\t\t<\/div>\r\n\t\t<\/div>\r\n\t\t\t\t\t\t\t<\/div>\r\n\t\t<\/section>\r\n\t\t\t\t\t\t\t<\/div>\r\n\t\t","protected":false},"excerpt":{"rendered":"<p>L&rsquo;amour du patrimoine est au c\u0153ur de notre marque. Nous n\u2019avons actuellement pas de postes disponibles, mais vivre en ayant le sens de l&rsquo;excellence sera la porte d&rsquo;entr\u00e9e vers de&#46;&#46;&#46;<\/p>\n","protected":false},"author":1,"featured_media":3852,"parent":0,"menu_order":0,"comment_status":"closed","ping_status":"closed","template":"page-templates\/default-page.php","meta":{"footnotes":""},"_links":{"self":[{"href":"https:\/\/curated.pt\/fr\/wp-json\/wp\/v2\/pages\/4175"}],"collection":[{"href":"https:\/\/curated.pt\/fr\/wp-json\/wp\/v2\/pages"}],"about":[{"href":"https:\/\/curated.pt\/fr\/wp-json\/wp\/v2\/types\/page"}],"author":[{"embeddable":true,"href":"https:\/\/curated.pt\/fr\/wp-json\/wp\/v2\/users\/1"}],"replies":[{"embeddable":true,"href":"https:\/\/curated.pt\/fr\/wp-json\/wp\/v2\/comments?post=4175"}],"version-history":[{"count":7,"href":"https:\/\/curated.pt\/fr\/wp-json\/wp\/v2\/pages\/4175\/revisions"}],"predecessor-version":[{"id":4439,"href":"https:\/\/curated.pt\/fr\/wp-json\/wp\/v2\/pages\/4175\/revisions\/4439"}],"wp:featuredmedia":[{"embeddable":true,"href":"https:\/\/curated.pt\/fr\/wp-json\/wp\/v2\/media\/3852"}],"wp:attachment":[{"href":"https:\/\/curated.pt\/fr\/wp-json\/wp\/v2\/media?parent=4175"}],"curies":[{"name":"wp","href":"https:\/\/api.w.org\/{rel}","templated":true}]}}