
{"id":4180,"date":"2021-08-17T08:50:04","date_gmt":"2021-08-17T08:50:04","guid":{"rendered":"https:\/\/portugalcurated.pt\/newcuratedinvestments\/concierge-relocation\/"},"modified":"2022-07-22T15:32:13","modified_gmt":"2022-07-22T15:32:13","slug":"conciergerie-demenagement","status":"publish","type":"page","link":"https:\/\/curated.pt\/fr\/conciergerie-demenagement\/","title":{"rendered":"Conciergerie &#038; D\u00e9m\u00e9nagement"},"content":{"rendered":"\t\t<div data-elementor-type=\"wp-page\" data-elementor-id=\"4180\" class=\"elementor elementor-4180 elementor-867\">\r\n\t\t\t\t\t\t\t\t\t<section class=\"elementor-section elementor-top-section elementor-element elementor-element-52af4f11 elementor-section-boxed elementor-section-height-default elementor-section-height-default\" data-id=\"52af4f11\" data-element_type=\"section\">\r\n\t\t\t\t\t\t<div class=\"elementor-container elementor-column-gap-default\">\r\n\t\t\t\t\t<div class=\"elementor-column elementor-col-100 elementor-top-column elementor-element elementor-element-54117c4c\" data-id=\"54117c4c\" data-element_type=\"column\">\r\n\t\t\t<div class=\"elementor-widget-wrap elementor-element-populated\">\r\n\t\t\t\t\t\t\t\t<div class=\"elementor-element elementor-element-67349b69 elementor-widget elementor-widget-text-editor\" data-id=\"67349b69\" data-element_type=\"widget\" data-widget_type=\"text-editor.default\">\r\n\t\t\t\t<div class=\"elementor-widget-container\">\r\n\t\t\t<style>\/*! elementor - v3.12.2 - 23-04-2023 *\/\r\n.elementor-widget-text-editor.elementor-drop-cap-view-stacked .elementor-drop-cap{background-color:#69727d;color:#fff}.elementor-widget-text-editor.elementor-drop-cap-view-framed .elementor-drop-cap{color:#69727d;border:3px solid;background-color:transparent}.elementor-widget-text-editor:not(.elementor-drop-cap-view-default) .elementor-drop-cap{margin-top:8px}.elementor-widget-text-editor:not(.elementor-drop-cap-view-default) .elementor-drop-cap-letter{width:1em;height:1em}.elementor-widget-text-editor .elementor-drop-cap{float:left;text-align:center;line-height:1;font-size:50px}.elementor-widget-text-editor .elementor-drop-cap-letter{display:inline-block}<\/style>\t\t\t\t<div><p>Notre service client comprend \u00e9galement des services de Conciergerie et de Relocalisation.<\/p><p>Notre fondatrice, <a href=\"https:\/\/sancha.co\" target=\"_blank\" rel=\"noopener\">Sancha.Co<\/a>, qui travaille dans le domaine du contenu depuis pr\u00e8s de deux d\u00e9cennies, d\u00e9veloppe et pr\u00e9sente un programme t\u00e9l\u00e9vis\u00e9 qui a toujours partag\u00e9 les meilleurs conseils sur le Portugal authentique, avec un grand sens de l&rsquo;authenticit\u00e9 et de l&rsquo;excellence.<\/p><p>Lors de votre d\u00e9m\u00e9nagement, nous prenons en charge toutes les installations n\u00e9cessaires au fonctionnement de la maison et assurons l&rsquo;entretien de votre propri\u00e9t\u00e9. Nous proposons \u00e9galement des services de gardiennage, de la gestion de la copropri\u00e9t\u00e9 \u00e0 l&rsquo;entretien et \u00e0 la pr\u00e9paration de la maison pour votre arriv\u00e9e, entre autres services sur mesure.<\/p><p>Pour r\u00e9pondre \u00e0 vos besoins, n&rsquo;h\u00e9sitez pas \u00e0 nous contacter \u00e0 l&rsquo;adresse  <a href=\"mailto:contact@curated.pt\">contact@curated.pt<\/a><\/p><\/div>\t\t\t\t\t\t<\/div>\r\n\t\t\t\t<\/div>\r\n\t\t\t\t\t<\/div>\r\n\t\t<\/div>\r\n\t\t\t\t\t\t\t<\/div>\r\n\t\t<\/section>\r\n\t\t\t\t\t\t\t<\/div>\r\n\t\t","protected":false},"excerpt":{"rendered":"<p>Notre service client comprend \u00e9galement des services de Conciergerie et de Relocalisation. Notre fondatrice, Sancha.Co, qui travaille dans le domaine du contenu depuis pr\u00e8s de deux d\u00e9cennies, d\u00e9veloppe et pr\u00e9sente&#46;&#46;&#46;<\/p>\n","protected":false},"author":1,"featured_media":3413,"parent":0,"menu_order":0,"comment_status":"closed","ping_status":"closed","template":"page-templates\/default-page.php","meta":{"footnotes":""},"_links":{"self":[{"href":"https:\/\/curated.pt\/fr\/wp-json\/wp\/v2\/pages\/4180"}],"collection":[{"href":"https:\/\/curated.pt\/fr\/wp-json\/wp\/v2\/pages"}],"about":[{"href":"https:\/\/curated.pt\/fr\/wp-json\/wp\/v2\/types\/page"}],"author":[{"embeddable":true,"href":"https:\/\/curated.pt\/fr\/wp-json\/wp\/v2\/users\/1"}],"replies":[{"embeddable":true,"href":"https:\/\/curated.pt\/fr\/wp-json\/wp\/v2\/comments?post=4180"}],"version-history":[{"count":8,"href":"https:\/\/curated.pt\/fr\/wp-json\/wp\/v2\/pages\/4180\/revisions"}],"predecessor-version":[{"id":4433,"href":"https:\/\/curated.pt\/fr\/wp-json\/wp\/v2\/pages\/4180\/revisions\/4433"}],"wp:featuredmedia":[{"embeddable":true,"href":"https:\/\/curated.pt\/fr\/wp-json\/wp\/v2\/media\/3413"}],"wp:attachment":[{"href":"https:\/\/curated.pt\/fr\/wp-json\/wp\/v2\/media?parent=4180"}],"curies":[{"name":"wp","href":"https:\/\/api.w.org\/{rel}","templated":true}]}}