
{"id":4183,"date":"2021-08-17T08:49:40","date_gmt":"2021-08-17T08:49:40","guid":{"rendered":"https:\/\/portugalcurated.pt\/newcuratedinvestments\/costumer-care-post-sales\/"},"modified":"2024-11-15T09:59:33","modified_gmt":"2024-11-15T09:59:33","slug":"service-client-apres-vente","status":"publish","type":"page","link":"https:\/\/curated.pt\/fr\/service-client-apres-vente\/","title":{"rendered":"Service Client &#038; Apr\u00e8s-Vente"},"content":{"rendered":"\t\t<div data-elementor-type=\"wp-page\" data-elementor-id=\"4183\" class=\"elementor elementor-4183 elementor-866\">\r\n\t\t\t\t\t\t\t\t\t<section class=\"elementor-section elementor-top-section elementor-element elementor-element-4fb9db67 elementor-section-boxed elementor-section-height-default elementor-section-height-default\" data-id=\"4fb9db67\" data-element_type=\"section\">\r\n\t\t\t\t\t\t<div class=\"elementor-container elementor-column-gap-default\">\r\n\t\t\t\t\t<div class=\"elementor-column elementor-col-100 elementor-top-column elementor-element elementor-element-84911d2\" data-id=\"84911d2\" data-element_type=\"column\">\r\n\t\t\t<div class=\"elementor-widget-wrap elementor-element-populated\">\r\n\t\t\t\t\t\t\t\t<div class=\"elementor-element elementor-element-5a0288e9 elementor-widget elementor-widget-text-editor\" data-id=\"5a0288e9\" data-element_type=\"widget\" data-widget_type=\"text-editor.default\">\r\n\t\t\t\t<div class=\"elementor-widget-container\">\r\n\t\t\t<style>\/*! elementor - v3.12.2 - 23-04-2023 *\/\r\n.elementor-widget-text-editor.elementor-drop-cap-view-stacked .elementor-drop-cap{background-color:#69727d;color:#fff}.elementor-widget-text-editor.elementor-drop-cap-view-framed .elementor-drop-cap{color:#69727d;border:3px solid;background-color:transparent}.elementor-widget-text-editor:not(.elementor-drop-cap-view-default) .elementor-drop-cap{margin-top:8px}.elementor-widget-text-editor:not(.elementor-drop-cap-view-default) .elementor-drop-cap-letter{width:1em;height:1em}.elementor-widget-text-editor .elementor-drop-cap{float:left;text-align:center;line-height:1;font-size:50px}.elementor-widget-text-editor .elementor-drop-cap-letter{display:inline-block}<\/style>\t\t\t\t<p>Notre fondatrice <a href=\"https:\/\/sancha.co\" target=\"_blank\" rel=\"noopener\">Sancha.Co<\/a> est passionn\u00e9e par le Portugal et travaille dans le domaine du contenu depuis deux d\u00e9cennies en tant qu&rsquo;ambassadrice de l&rsquo;excellence du Portugal.<\/p><p>Nos premi\u00e8res transactions ont \u00e9t\u00e9 r\u00e9alis\u00e9es par le biais de r\u00e9f\u00e9rences et de recommandations, nous sommes donc convaincus que notre passion est un service personnalis\u00e9 constant, qui nous aide \u00e0 nous diff\u00e9rencier et \u00e0 d\u00e9passer les attentes de nos clients.<\/p>\n<p>Nos services sont \u00e9galement con\u00e7us pour fournir un soutien et des conseils pendant les phases d\u2019apr\u00e8s-vente de l&rsquo;achat d&rsquo;une propri\u00e9t\u00e9 qui incluent les licences et les mises \u00e0 jour de l&rsquo;\u00e9tat de la construction, les inspections pr\u00e9alables, la configuration des services publics et la livraison des cl\u00e9s. Nous aidons aussi nos clients \u00e0 s&rsquo;installer avec un livret personnel et des conseils sur le Portugal s\u00e9lectionn\u00e9s par notre fondatrice.<\/p>\n<p>Pour r\u00e9pondre \u00e0 vos besoins, n&rsquo;h\u00e9sitez pas \u00e0 nous contacter \u00e0 l&rsquo;adresse<\/p>\n<p style=\"font-weight: 400;\"><a href=\"mailto:contact@curated.pt\">contact@curated.pt<\/a><\/p>\t\t\t\t\t\t<\/div>\r\n\t\t\t\t<\/div>\r\n\t\t\t\t\t<\/div>\r\n\t\t<\/div>\r\n\t\t\t\t\t\t\t<\/div>\r\n\t\t<\/section>\r\n\t\t\t\t\t\t\t<\/div>\r\n\t\t","protected":false},"excerpt":{"rendered":"<p>Notre fondatrice Sancha.Co est passionn\u00e9e par le Portugal et travaille dans le domaine du contenu depuis deux d\u00e9cennies en tant qu&rsquo;ambassadrice de l&rsquo;excellence du Portugal. Nos premi\u00e8res transactions ont \u00e9t\u00e9&#46;&#46;&#46;<\/p>\n","protected":false},"author":1,"featured_media":3870,"parent":0,"menu_order":0,"comment_status":"closed","ping_status":"closed","template":"page-templates\/default-page.php","meta":{"footnotes":""},"_links":{"self":[{"href":"https:\/\/curated.pt\/fr\/wp-json\/wp\/v2\/pages\/4183"}],"collection":[{"href":"https:\/\/curated.pt\/fr\/wp-json\/wp\/v2\/pages"}],"about":[{"href":"https:\/\/curated.pt\/fr\/wp-json\/wp\/v2\/types\/page"}],"author":[{"embeddable":true,"href":"https:\/\/curated.pt\/fr\/wp-json\/wp\/v2\/users\/1"}],"replies":[{"embeddable":true,"href":"https:\/\/curated.pt\/fr\/wp-json\/wp\/v2\/comments?post=4183"}],"version-history":[{"count":15,"href":"https:\/\/curated.pt\/fr\/wp-json\/wp\/v2\/pages\/4183\/revisions"}],"predecessor-version":[{"id":4902,"href":"https:\/\/curated.pt\/fr\/wp-json\/wp\/v2\/pages\/4183\/revisions\/4902"}],"wp:featuredmedia":[{"embeddable":true,"href":"https:\/\/curated.pt\/fr\/wp-json\/wp\/v2\/media\/3870"}],"wp:attachment":[{"href":"https:\/\/curated.pt\/fr\/wp-json\/wp\/v2\/media?parent=4183"}],"curies":[{"name":"wp","href":"https:\/\/api.w.org\/{rel}","templated":true}]}}