
{"id":4185,"date":"2021-08-17T08:48:41","date_gmt":"2021-08-17T08:48:41","guid":{"rendered":"https:\/\/portugalcurated.pt\/newcuratedinvestments\/comprar\/"},"modified":"2022-07-22T15:43:47","modified_gmt":"2022-07-22T15:43:47","slug":"acheter","status":"publish","type":"page","link":"https:\/\/curated.pt\/fr\/acheter\/","title":{"rendered":"Acheter"},"content":{"rendered":"\t\t<div data-elementor-type=\"wp-page\" data-elementor-id=\"4185\" class=\"elementor elementor-4185 elementor-863\">\r\n\t\t\t\t\t\t\t\t\t<section class=\"elementor-section elementor-top-section elementor-element elementor-element-fd48e25 elementor-section-boxed elementor-section-height-default elementor-section-height-default\" data-id=\"fd48e25\" data-element_type=\"section\">\r\n\t\t\t\t\t\t<div class=\"elementor-container elementor-column-gap-default\">\r\n\t\t\t\t\t<div class=\"elementor-column elementor-col-100 elementor-top-column elementor-element elementor-element-555bfcca\" data-id=\"555bfcca\" data-element_type=\"column\">\r\n\t\t\t<div class=\"elementor-widget-wrap elementor-element-populated\">\r\n\t\t\t\t\t\t\t\t<div class=\"elementor-element elementor-element-37d5e240 elementor-widget elementor-widget-text-editor\" data-id=\"37d5e240\" data-element_type=\"widget\" data-widget_type=\"text-editor.default\">\r\n\t\t\t\t<div class=\"elementor-widget-container\">\r\n\t\t\t<style>\/*! elementor - v3.12.2 - 23-04-2023 *\/\r\n.elementor-widget-text-editor.elementor-drop-cap-view-stacked .elementor-drop-cap{background-color:#69727d;color:#fff}.elementor-widget-text-editor.elementor-drop-cap-view-framed .elementor-drop-cap{color:#69727d;border:3px solid;background-color:transparent}.elementor-widget-text-editor:not(.elementor-drop-cap-view-default) .elementor-drop-cap{margin-top:8px}.elementor-widget-text-editor:not(.elementor-drop-cap-view-default) .elementor-drop-cap-letter{width:1em;height:1em}.elementor-widget-text-editor .elementor-drop-cap{float:left;text-align:center;line-height:1;font-size:50px}.elementor-widget-text-editor .elementor-drop-cap-letter{display:inline-block}<\/style>\t\t\t\t<div><p>Afin de vous proposer la meilleure exp\u00e9rience, nous disposons d\u2019une \u00e9quipe capable de s\u2019occuper de tous les aspects bureaucratiques d\u2019un achat.<\/p><p>Notre \u00e9quipe a \u00e9t\u00e9 con\u00e7ue pour rationaliser votre dossier, en s&rsquo;occupant de chaque phase avec tout le soin et les d\u00e9tails n\u00e9cessaires, naturellement pr\u00e9par\u00e9e pour aider les investisseurs, les acheteurs de r\u00e9sidences principales, de r\u00e9sidences secondaires et de maisons de vacances et les acheteurs de Golden Visa.<\/p><p>Gr\u00e2ce \u00e0 nos partenariats \u00e9tablis avec des promoteurs, des avocats et des fiscalistes portugais, nous fournissons une solution compl\u00e8te \u00e0 nos clients int\u00e9ress\u00e9s par le programme Golden Visa du Portugal.<\/p><p>Nous sommes \u00e9galement pr\u00eats \u00e0 vous conseiller sur le statut de R\u00e9sidents non habituels et les opportunit\u00e9s de d\u00e9veloppement : \u00e9tapes pr\u00e9liminaires, processus de transaction, co\u00fbts d&rsquo;achat et co\u00fbts li\u00e9s \u00e0 la propri\u00e9t\u00e9 en cours.<\/p><p>Pour r\u00e9pondre \u00e0 vos besoins, n&rsquo;h\u00e9sitez pas \u00e0 nous contacter \u00e0 l&rsquo;adresse\u00a0<a href=\"mailto:contact@curated.pt\">contact@curated.pt<\/a><\/p><\/div><p class=\"credit\">photo \u00a9 Marko Roth<\/p>\t\t\t\t\t\t<\/div>\r\n\t\t\t\t<\/div>\r\n\t\t\t\t\t<\/div>\r\n\t\t<\/div>\r\n\t\t\t\t\t\t\t<\/div>\r\n\t\t<\/section>\r\n\t\t\t\t\t\t\t<\/div>\r\n\t\t","protected":false},"excerpt":{"rendered":"<p>Afin de vous proposer la meilleure exp\u00e9rience, nous disposons d\u2019une \u00e9quipe capable de s\u2019occuper de tous les aspects bureaucratiques d\u2019un achat. Notre \u00e9quipe a \u00e9t\u00e9 con\u00e7ue pour rationaliser votre dossier,&#46;&#46;&#46;<\/p>\n","protected":false},"author":1,"featured_media":3855,"parent":0,"menu_order":0,"comment_status":"closed","ping_status":"closed","template":"page-templates\/default-page.php","meta":{"footnotes":""},"_links":{"self":[{"href":"https:\/\/curated.pt\/fr\/wp-json\/wp\/v2\/pages\/4185"}],"collection":[{"href":"https:\/\/curated.pt\/fr\/wp-json\/wp\/v2\/pages"}],"about":[{"href":"https:\/\/curated.pt\/fr\/wp-json\/wp\/v2\/types\/page"}],"author":[{"embeddable":true,"href":"https:\/\/curated.pt\/fr\/wp-json\/wp\/v2\/users\/1"}],"replies":[{"embeddable":true,"href":"https:\/\/curated.pt\/fr\/wp-json\/wp\/v2\/comments?post=4185"}],"version-history":[{"count":10,"href":"https:\/\/curated.pt\/fr\/wp-json\/wp\/v2\/pages\/4185\/revisions"}],"predecessor-version":[{"id":4346,"href":"https:\/\/curated.pt\/fr\/wp-json\/wp\/v2\/pages\/4185\/revisions\/4346"}],"wp:featuredmedia":[{"embeddable":true,"href":"https:\/\/curated.pt\/fr\/wp-json\/wp\/v2\/media\/3855"}],"wp:attachment":[{"href":"https:\/\/curated.pt\/fr\/wp-json\/wp\/v2\/media?parent=4185"}],"curies":[{"name":"wp","href":"https:\/\/api.w.org\/{rel}","templated":true}]}}