
{"id":4187,"date":"2021-08-17T08:48:48","date_gmt":"2021-08-17T08:48:48","guid":{"rendered":"https:\/\/portugalcurated.pt\/newcuratedinvestments\/for-sellers\/"},"modified":"2022-07-22T15:43:23","modified_gmt":"2022-07-22T15:43:23","slug":"vendre","status":"publish","type":"page","link":"https:\/\/curated.pt\/fr\/vendre\/","title":{"rendered":"Vendre"},"content":{"rendered":"\t\t<div data-elementor-type=\"wp-page\" data-elementor-id=\"4187\" class=\"elementor elementor-4187 elementor-864\">\r\n\t\t\t\t\t\t\t\t\t<section class=\"elementor-section elementor-top-section elementor-element elementor-element-41f2783c elementor-section-boxed elementor-section-height-default elementor-section-height-default\" data-id=\"41f2783c\" data-element_type=\"section\">\r\n\t\t\t\t\t\t<div class=\"elementor-container elementor-column-gap-default\">\r\n\t\t\t\t\t<div class=\"elementor-column elementor-col-100 elementor-top-column elementor-element elementor-element-24911dce\" data-id=\"24911dce\" data-element_type=\"column\">\r\n\t\t\t<div class=\"elementor-widget-wrap elementor-element-populated\">\r\n\t\t\t\t\t\t\t\t<div class=\"elementor-element elementor-element-48f38232 elementor-widget elementor-widget-text-editor\" data-id=\"48f38232\" data-element_type=\"widget\" data-widget_type=\"text-editor.default\">\r\n\t\t\t\t<div class=\"elementor-widget-container\">\r\n\t\t\t<style>\/*! elementor - v3.12.2 - 23-04-2023 *\/\r\n.elementor-widget-text-editor.elementor-drop-cap-view-stacked .elementor-drop-cap{background-color:#69727d;color:#fff}.elementor-widget-text-editor.elementor-drop-cap-view-framed .elementor-drop-cap{color:#69727d;border:3px solid;background-color:transparent}.elementor-widget-text-editor:not(.elementor-drop-cap-view-default) .elementor-drop-cap{margin-top:8px}.elementor-widget-text-editor:not(.elementor-drop-cap-view-default) .elementor-drop-cap-letter{width:1em;height:1em}.elementor-widget-text-editor .elementor-drop-cap{float:left;text-align:center;line-height:1;font-size:50px}.elementor-widget-text-editor .elementor-drop-cap-letter{display:inline-block}<\/style>\t\t\t\t<div><p><span lang=\"FR\">Si vous souhaitez voir votre propri\u00e9t\u00e9 associ\u00e9e \u00e0 de nombreuses autres propri\u00e9t\u00e9s sur des sites tournants, CURATED Investments n&rsquo;est peut-\u00eatre pas ce que vous recherchez. Pour nous, les tr\u00e9sors ne doivent \u00eatre pr\u00e9sent\u00e9s qu&rsquo;au march\u00e9 qui les recherche, et cela, toujours de mani\u00e8re discr\u00e8te et sans exposition qui r\u00e9v\u00e8le ou identifie la propri\u00e9t\u00e9, \u00e0 moins que ce ne soit votre souhait.<\/span><\/p><\/div><div><p><span lang=\"FR\">En nous confiant votre propri\u00e9t\u00e9, nous vous assurons une discr\u00e9tion maximale et une \u00e9quipe professionnelle et comp\u00e9tente qui vous permettra d&rsquo;acc\u00e9der \u00e0 des informations actuelles sur le march\u00e9, \u00e0 des ressources marketing et publicitaires avanc\u00e9es, tant au niveau national qu&rsquo;international.<\/span><\/p><\/div><div><p><span lang=\"FR\">Votre propri\u00e9t\u00e9 sera l&rsquo;un de nos tr\u00e9sors bien gard\u00e9s, \u00e0 l&rsquo;abri des sites de publicit\u00e9 massive.<\/span><\/p><\/div><div><p><span lang=\"FR\">Que pouvez-vous attendre de nous\u00a0?<\/span><\/p><\/div><div><p><span lang=\"FR\">\u2022 Planifier la meilleure strat\u00e9gie pour vendre votre propri\u00e9t\u00e9, toujours avec un maximum de discr\u00e9tion.<\/span><\/p><\/div><div><p><span lang=\"FR\">\u2022 Obtenir une estimation juste et pr\u00e9cise de votre bien en fonction nos connaissances pour vous garantir le meilleur prix.<\/span><\/p><\/div><div><p><span lang=\"FR\">\u2022 Volont\u00e9 de signer un NDA (Accord de Confidentialit\u00e9) pour ne pas promouvoir ou r\u00e9v\u00e9ler que votre propri\u00e9t\u00e9 est \u00e0 vendre.<\/span><\/p><\/div><div><p><span lang=\"FR\">\u2022 Le Home staging avec exposition compl\u00e8te, photographies et vid\u00e9os professionnelles, promotion en ligne sur des portails nationaux et internationaux, les ventes priv\u00e9es, la publicit\u00e9, les campagnes par e-mail, newsletters et Google AdWords sont \u00e9galement possibles, mais uniquement avec votre accord.<\/span><\/p><\/div><div><p><span lang=\"FR\">\u2022 Acc\u00e8s \u00e0 des acheteurs potentiels gr\u00e2ce \u00e0 notre r\u00e9seau de contacts, notre strat\u00e9gie marketing, notre base de donn\u00e9es et notre vaste liste d&rsquo;autres partenaires immobiliers nationaux et internationaux.<\/span>\u2022 G\u00e9rer les demandes de renseignements sur votre propri\u00e9t\u00e9, qualifier les clients en fonction de leurs besoins individuels avant les visites pour \u00e9viter l&rsquo;exposition de la propri\u00e9t\u00e9.<\/p><\/div><div><p><span lang=\"FR\">\u2022 Planification des visites, registre des commentaires des acheteurs et communication dans le format qui vous convient le mieux.<\/span><\/p><\/div><div><p><span lang=\"FR\">\u2022 G\u00e9rer les n\u00e9gociations de vente en votre nom et s&rsquo;efforcer d&rsquo;obtenir le meilleur r\u00e9sultat possible.<\/span><\/p><\/div><div><p><span lang=\"FR\">\u2022 Finaliser la vente par l&rsquo;interm\u00e9diaire de notre \u00e9quipe d&rsquo;avocats et de notaires, en veillant \u00e0 ce que toutes les parties l\u00e9galement prot\u00e9g\u00e9es soient prot\u00e9g\u00e9es et bien repr\u00e9sent\u00e9es, en permanence, selon un calendrier organis\u00e9 et avec un traitement direct sans interm\u00e9diaires ou autres collaborateurs.<\/span><\/p><\/div><div><p><span lang=\"FR\">\u2022 Vous aurez toujours un contact personnalis\u00e9 pour toutes les questions, trait\u00e9es dans le format que vous demandez, en tenant toujours compte de votre emploi du temps.<\/span><\/p><\/div><div><p><span lang=\"FR\">\u2022 Nous proposons une gamme exclusive de propri\u00e9t\u00e9s et notre portefeuille est toujours tri\u00e9 sur le volet, en mettant l&rsquo;accent sur le patrimoine portugais, la qualit\u00e9 et l&rsquo;excellence de l&rsquo;immobilier, sur la base de normes de qualit\u00e9 \u00e9lev\u00e9es et d&rsquo;opportunit\u00e9s d&rsquo;investissement attrayantes.<\/span><\/p><\/div><div><span lang=\"FR\">Pour r\u00e9pondre \u00e0 vos besoins, <\/span><\/div><div><span lang=\"FR\">n&rsquo;h\u00e9sitez pas \u00e0 nous contacter \u00e0 l&rsquo;adresse <\/span><a href=\"mailto:contact@curated.pt\">contact@curated.pt<\/a><\/div>\t\t\t\t\t\t<\/div>\r\n\t\t\t\t<\/div>\r\n\t\t\t\t\t<\/div>\r\n\t\t<\/div>\r\n\t\t\t\t\t\t\t<\/div>\r\n\t\t<\/section>\r\n\t\t\t\t\t\t\t<\/div>\r\n\t\t","protected":false},"excerpt":{"rendered":"<p>Si vous souhaitez voir votre propri\u00e9t\u00e9 associ\u00e9e \u00e0 de nombreuses autres propri\u00e9t\u00e9s sur des sites tournants, CURATED Investments n&rsquo;est peut-\u00eatre pas ce que vous recherchez. Pour nous, les tr\u00e9sors ne&#46;&#46;&#46;<\/p>\n","protected":false},"author":1,"featured_media":3857,"parent":0,"menu_order":0,"comment_status":"closed","ping_status":"closed","template":"page-templates\/default-page.php","meta":{"footnotes":""},"_links":{"self":[{"href":"https:\/\/curated.pt\/fr\/wp-json\/wp\/v2\/pages\/4187"}],"collection":[{"href":"https:\/\/curated.pt\/fr\/wp-json\/wp\/v2\/pages"}],"about":[{"href":"https:\/\/curated.pt\/fr\/wp-json\/wp\/v2\/types\/page"}],"author":[{"embeddable":true,"href":"https:\/\/curated.pt\/fr\/wp-json\/wp\/v2\/users\/1"}],"replies":[{"embeddable":true,"href":"https:\/\/curated.pt\/fr\/wp-json\/wp\/v2\/comments?post=4187"}],"version-history":[{"count":8,"href":"https:\/\/curated.pt\/fr\/wp-json\/wp\/v2\/pages\/4187\/revisions"}],"predecessor-version":[{"id":4422,"href":"https:\/\/curated.pt\/fr\/wp-json\/wp\/v2\/pages\/4187\/revisions\/4422"}],"wp:featuredmedia":[{"embeddable":true,"href":"https:\/\/curated.pt\/fr\/wp-json\/wp\/v2\/media\/3857"}],"wp:attachment":[{"href":"https:\/\/curated.pt\/fr\/wp-json\/wp\/v2\/media?parent=4187"}],"curies":[{"name":"wp","href":"https:\/\/api.w.org\/{rel}","templated":true}]}}