
{"id":4191,"date":"2020-07-02T14:07:56","date_gmt":"2020-07-02T14:07:56","guid":{"rendered":"https:\/\/portugalcurated.pt\/newcuratedinvestments\/home\/"},"modified":"2025-05-28T14:06:35","modified_gmt":"2025-05-28T14:06:35","slug":"home","status":"publish","type":"page","link":"https:\/\/curated.pt\/fr\/","title":{"rendered":"Home"},"content":{"rendered":"\t\t<div data-elementor-type=\"wp-page\" data-elementor-id=\"4191\" class=\"elementor elementor-4191 elementor-10\">\r\n\t\t\t\t\t\t\t\t\t<section class=\"elementor-section elementor-top-section elementor-element elementor-element-db22229 elementor-section-boxed elementor-section-height-default elementor-section-height-default\" data-id=\"db22229\" data-element_type=\"section\">\r\n\t\t\t\t\t\t<div class=\"elementor-container elementor-column-gap-default\">\r\n\t\t\t\t\t<div class=\"elementor-column elementor-col-100 elementor-top-column elementor-element elementor-element-f514769\" data-id=\"f514769\" data-element_type=\"column\">\r\n\t\t\t<div class=\"elementor-widget-wrap elementor-element-populated\">\r\n\t\t\t\t\t\t\t\t<div class=\"elementor-element elementor-element-3533fe3 sevices-no-icon elementor-widget elementor-widget-services\" data-id=\"3533fe3\" data-element_type=\"widget\" data-widget_type=\"services.default\">\r\n\t\t\t\t<div class=\"elementor-widget-container\">\r\n\t\t\t                <div class=\"pxp-services pxp-cover pt-100 mb-200 \" style=\"background-image: url(https:\/\/curated.pt\/wp-content\/uploads\/2022\/04\/cropped-Wht-Choose-Us-2.jpg);\">\r\n                    <h2 class=\"text-center pxp-section-h2\" style=\"color: \"> Ce qui nous diff\u00e9rencie<\/h2>\r\n                    <div class=\"pxp-text-light text-center\" style=\"color: \">Nous n'avons que des propri\u00e9t\u00e9s s\u00e9lectionn\u00e9es<\/div>\r\n\r\n                    <div class=\"container\">\r\n                        <div class=\"pxp-services-container rounded-lg mt-4 mt-md-5\">\r\n                                                                <a href=\"https:\/\/curated.pt\/fr\/ce-qui-nous-differencie\/\" class=\"pxp-services-item\"  >\r\n                                \r\n                                        <div class=\"pxp-services-item-fig\">\r\n                                                                                                <span class=\"\" style=\"color: \"><\/span>\r\n                                                                                        <\/div>\r\n\r\n                                        <div class=\"pxp-services-item-text text-center\">\r\n                                            <div class=\"pxp-services-item-text-title\">Des Propri\u00e9t\u00e9s s\u00e9lectionn\u00e9es<\/div>\r\n                                            <div class=\"pxp-services-item-text-sub\">Attendez-vous uniquement \u00e0 des propri\u00e9t\u00e9s uniques. Nous avons acc\u00e8s \u00e0 un r\u00e9seau privil\u00e9gi\u00e9 et vendons des propri\u00e9t\u00e9s tri\u00e9es sur le volet.<\/div>\r\n                                        <\/div>\r\n\r\n                                        <div class=\"pxp-services-item-cta text-uppercase text-center\" style=\"color: \">MORE<\/div>\r\n\r\n                                                                    <\/a>\r\n                                                                    <a href=\"https:\/\/curated.pt\/fr\/ce-qui-nous-differencie\/\" class=\"pxp-services-item\"  >\r\n                                \r\n                                        <div class=\"pxp-services-item-fig\">\r\n                                                                                                <span class=\"\" style=\"color: \"><\/span>\r\n                                                                                        <\/div>\r\n\r\n                                        <div class=\"pxp-services-item-text text-center\">\r\n                                            <div class=\"pxp-services-item-text-title\">Notre r\u00e9seau privil\u00e8ge<\/div>\r\n                                            <div class=\"pxp-services-item-text-sub\">Outre nos propri\u00e9t\u00e9s, notre r\u00e9seau social influent nous permet \u00e9galement d'acc\u00e9der \u00e0 de nombreux clients internationaux.<\/div>\r\n                                        <\/div>\r\n\r\n                                        <div class=\"pxp-services-item-cta text-uppercase text-center\" style=\"color: \">MORE<\/div>\r\n\r\n                                                                    <\/a>\r\n                                                                    <a href=\"https:\/\/curated.pt\/fr\/ce-qui-nous-differencie\/\" class=\"pxp-services-item\"  >\r\n                                \r\n                                        <div class=\"pxp-services-item-fig\">\r\n                                                                                                <span class=\"\" style=\"color: \"><\/span>\r\n                                                                                        <\/div>\r\n\r\n                                        <div class=\"pxp-services-item-text text-center\">\r\n                                            <div class=\"pxp-services-item-text-title\">Nos partenariats<\/div>\r\n                                            <div class=\"pxp-services-item-text-sub\">Nous avons \u00e9galement uni nos forces pour nous associer aux meilleurs promoteurs et agences immobili\u00e8res existant au Portugal.<\/div>\r\n                                        <\/div>\r\n\r\n                                        <div class=\"pxp-services-item-cta text-uppercase text-center\" style=\"color: \">MORE<\/div>\r\n\r\n                                                                    <\/a>\r\n                                                                    <a href=\"https:\/\/curated.pt\/fr\/ce-qui-nous-differencie\/\" class=\"pxp-services-item\"  >\r\n                                \r\n                                        <div class=\"pxp-services-item-fig\">\r\n                                                                                                <span class=\"\" style=\"color: \"><\/span>\r\n                                                                                        <\/div>\r\n\r\n                                        <div class=\"pxp-services-item-text text-center\">\r\n                                            <div class=\"pxp-services-item-text-title\">Des prestations sur mesure<\/div>\r\n                                            <div class=\"pxp-services-item-text-sub\">Nous vous proposons un service sur mesure, o\u00f9 l'esth\u00e9tique, la qualit\u00e9, mais surtout votre temps sont \u00e9lev\u00e9s au rang de priorit\u00e9s.<\/div>\r\n                                        <\/div>\r\n\r\n                                        <div class=\"pxp-services-item-cta text-uppercase text-center\" style=\"color: \">MORE<\/div>\r\n\r\n                                                                    <\/a>\r\n                                                            <div class=\"clearfix\"><\/div>\r\n                        <\/div>\r\n                    <\/div>\r\n                <\/div>\r\n            \t\t<\/div>\r\n\t\t\t\t<\/div>\r\n\t\t\t\t\t<\/div>\r\n\t\t<\/div>\r\n\t\t\t\t\t\t\t<\/div>\r\n\t\t<\/section>\r\n\t\t\t\t<section class=\"elementor-section elementor-top-section elementor-element elementor-element-42b0471 elementor-section-boxed elementor-section-height-default elementor-section-height-default\" data-id=\"42b0471\" data-element_type=\"section\">\r\n\t\t\t\t\t\t<div class=\"elementor-container elementor-column-gap-default\">\r\n\t\t\t\t\t<div class=\"elementor-column elementor-col-100 elementor-top-column elementor-element elementor-element-c69ff35\" data-id=\"c69ff35\" data-element_type=\"column\">\r\n\t\t\t<div class=\"elementor-widget-wrap elementor-element-populated\">\r\n\t\t\t\t\t\t\t\t<div class=\"elementor-element elementor-element-341a35b elementor-widget elementor-widget-html\" data-id=\"341a35b\" data-element_type=\"widget\" data-widget_type=\"html.default\">\r\n\t\t\t\t<div class=\"elementor-widget-container\">\r\n\t\t\t<div class=\"elementor-element elementor-element-0518fbe home-areas-grid elementor-widget elementor-widget-areas\" data-id=\"0518fbe\" data-element_type=\"widget\" data-widget_type=\"areas.default\">\r\n  <div class=\"elementor-widget-container\">\r\n    <div class=\"container \">\r\n      <h2 class=\"pxp-section-h2\">Type d\u2019investissement<\/h2>\r\n      <div class=\"pxp-text-light\">Nous trouverons votre propri\u00e9t\u00e9<\/div>\r\n      <div class=\"row mt-4 mt-md-5\">\r\n        <div class=\"col-sm-12 col-md-6 col-lg-4\">\r\n<a href=\"mailto:contact@curated.pt\" class=\"pxp-areas-1-item rounded-lg\">\r\n  <div class=\"pxp-areas-1-item-fig pxp-cover\" style=\"background-image: url(https:\/\/curated.pt\/wp-content\/uploads\/2023\/09\/SanchaTrindadePR2023-45-C-800x600.jpg);\"><\/div>\r\n  <div class=\"pxp-areas-1-item-details\">\r\n    <div class=\"pxp-areas-1-item-details-area\">R\u00e9sidentielle<\/div>\r\n    <div class=\"pxp-areas-1-item-details-city\"><\/div>\r\n  <\/div>\r\n<\/a>\r\n        <\/div>\r\n        <div class=\"col-sm-12 col-md-6 col-lg-4\">\r\n          <a href=\"mailto:contact@curated.pt\" class=\"pxp-areas-1-item rounded-lg\">\r\n  <div class=\"pxp-areas-1-item-fig pxp-cover\" style=\"background-image: url(https:\/\/curated.pt\/wp-content\/uploads\/2024\/03\/conde-35-slider-jul18-18C-800x600.jpg);\"><\/div>\r\n  <div class=\"pxp-areas-1-item-details\">\r\n    <div class=\"pxp-areas-1-item-details-area\">B\u00e2timents<\/div>\r\n    <div class=\"pxp-areas-1-item-details-city\"><\/div>\r\n  <\/div>\r\n<\/a>\r\n        <\/div>\r\n        <div class=\"col-sm-12 col-md-6 col-lg-4\">\r\n<a href=\"mailto:contact@curated.pt\" class=\"pxp-areas-1-item rounded-lg\">\r\n  <div class=\"pxp-areas-1-item-fig pxp-cover\" style=\"background-image: url(https:\/\/curated.pt\/wp-content\/uploads\/2024\/03\/liberdade-238-slider-05-min-800x600.jpg);\"><\/div>\r\n  <div class=\"pxp-areas-1-item-details\">\r\n    <div class=\"pxp-areas-1-item-details-area\">Nouveaux D\u00e9veloppements<\/div>\r\n    <div class=\"pxp-areas-1-item-details-city\"><\/div>\r\n  <\/div>\r\n<\/a>\r\n        <\/div>\r\n        <div class=\"col-sm-12 col-md-6 col-lg-4\">\r\n<a href=\"mailto:contact@curated.pt\" class=\"pxp-areas-1-item rounded-lg\">\r\n  <div class=\"pxp-areas-1-item-fig pxp-cover\" style=\"background-image: url(https:\/\/curated.pt\/wp-content\/uploads\/2024\/03\/for-sale-land-plot-villa-construction-santiago-cacem-alentejo-portugal-ter4249nd4-2B.jpg);\"><\/div>\r\n  <div class=\"pxp-areas-1-item-details\">\r\n    <div class=\"pxp-areas-1-item-details-area\">Terrains<\/div>\r\n    <div class=\"pxp-areas-1-item-details-city\"><\/div>\r\n  <\/div>\r\n<\/a>\r\n        <\/div>\r\n        <div class=\"col-sm-12 col-md-6 col-lg-4\">\r\n<a href=\"mailto:contact@curated.pt\" class=\"pxp-areas-1-item rounded-lg\">\r\n  <div class=\"pxp-areas-1-item-fig pxp-cover\" style=\"background-image: url(https:\/\/curated.pt\/wp-content\/uploads\/2024\/12\/Hotel-Nomadic-Fare.jpeg);\"><\/div>\r\n  <div class=\"pxp-areas-1-item-details\">\r\n    <div class=\"pxp-areas-1-item-details-area\">H\u00f4tels<\/div>\r\n    <div class=\"pxp-areas-1-item-details-city\"><\/div>\r\n  <\/div>\r\n<\/a>\r\n        <\/div>\r\n        <div class=\"col-sm-12 col-md-6 col-lg-4\">\r\n<a href=\"mailto:contact@curated.pt\" class=\"pxp-areas-1-item rounded-lg\">\r\n  <div class=\"pxp-areas-1-item-fig pxp-cover\" style=\"background-image: url(https:\/\/curated.pt\/wp-content\/uploads\/2024\/03\/trt5h-demirden-ilio-nude-pasabahce-magazalari-shop-in-shop-retail-design-magaza-01-626x600.jpg);\"><\/div>\r\n  <div class=\"pxp-areas-1-item-details\">\r\n    <div class=\"pxp-areas-1-item-details-area\">Espaces Commerciaux<\/div>\r\n    <div class=\"pxp-areas-1-item-details-city\"><\/div>\r\n  <\/div>\r\n<\/a>\r\n        <\/div>\r\n      <\/div>\r\n    <\/div>\r\n  <\/div>\r\n<\/div>\t\t<\/div>\r\n\t\t\t\t<\/div>\r\n\t\t\t\t\t<\/div>\r\n\t\t<\/div>\r\n\t\t\t\t\t\t\t<\/div>\r\n\t\t<\/section>\r\n\t\t\t\t<section class=\"elementor-section elementor-top-section elementor-element elementor-element-155dcbf elementor-section-boxed elementor-section-height-default elementor-section-height-default\" data-id=\"155dcbf\" data-element_type=\"section\">\r\n\t\t\t\t\t\t<div class=\"elementor-container elementor-column-gap-default\">\r\n\t\t\t\t\t<div class=\"elementor-column elementor-col-100 elementor-top-column elementor-element elementor-element-fee3656\" data-id=\"fee3656\" data-element_type=\"column\">\r\n\t\t\t<div class=\"elementor-widget-wrap elementor-element-populated\">\r\n\t\t\t\t\t\t\t\t<div class=\"elementor-element elementor-element-0518fbe home-areas-grid elementor-widget elementor-widget-areas\" data-id=\"0518fbe\" data-element_type=\"widget\" data-widget_type=\"areas.default\">\r\n\t\t\t\t<div class=\"elementor-widget-container\">\r\n\t\t\t                <div class=\"container \">\r\n                    <h2 class=\"pxp-section-h2\">Explorez le Portugal<\/h2>\r\n                    <div class=\"pxp-text-light\">Le Portugal, le pays \u00e9clectique<\/div>\r\n\r\n                    <div class=\"row mt-4 mt-md-5\">\r\n                        \r\n                            <div class=\"col-sm-12 col-md-6 col-lg-4\">\r\n                                <a href=\"?search_neighborhood=Lisbonne&#038;search_city=La%20lumi\u00e8re%20incomparable\" class=\"pxp-areas-1-item rounded-lg\">\r\n                                    <div class=\"pxp-areas-1-item-fig pxp-cover\" style=\"background-image: url(https:\/\/curated.pt\/wp-content\/uploads\/2022\/05\/1-Lisbon-2-774x600.jpg);\"><\/div>\r\n                                    <div class=\"pxp-areas-1-item-details\">\r\n                                                                                    <div class=\"pxp-areas-1-item-details-area\">Lisbonne<\/div>\r\n                                                                                    <div class=\"pxp-areas-1-item-details-city\">La lumi\u00e8re incomparable<\/div>\r\n                                                                            <\/div>\r\n                                    <div class=\"pxp-areas-1-item-counter\"><span>0 Properties<\/span><\/div>\r\n                                    <div class=\"pxp-areas-1-item-cta text-uppercase\" style=\"color: \">Explore<\/div>\r\n                                <\/a>\r\n                            <\/div>\r\n                        \r\n                            <div class=\"col-sm-12 col-md-6 col-lg-4\">\r\n                                <a href=\"?search_neighborhood=Estoril%20Cascais%20&#038;%20Sintra&#038;search_city=L&#039;or%20tr\u00e8s%20proche%20de%20la%20capitale\" class=\"pxp-areas-1-item rounded-lg\">\r\n                                    <div class=\"pxp-areas-1-item-fig pxp-cover\" style=\"background-image: url(https:\/\/curated.pt\/wp-content\/uploads\/2022\/04\/2-Estoril-Cascais-e-Sintra--774x600.jpg);\"><\/div>\r\n                                    <div class=\"pxp-areas-1-item-details\">\r\n                                                                                    <div class=\"pxp-areas-1-item-details-area\">Estoril Cascais &amp; Sintra<\/div>\r\n                                                                                    <div class=\"pxp-areas-1-item-details-city\">L&#039;or tr\u00e8s proche de la capitale<\/div>\r\n                                                                            <\/div>\r\n                                    <div class=\"pxp-areas-1-item-counter\"><span>0 Properties<\/span><\/div>\r\n                                    <div class=\"pxp-areas-1-item-cta text-uppercase\" style=\"color: \">Explore<\/div>\r\n                                <\/a>\r\n                            <\/div>\r\n                        \r\n                            <div class=\"col-sm-12 col-md-6 col-lg-4\">\r\n                                <a href=\"?search_neighborhood=Comporta%20&#038;%20Melides&#038;search_city=14%20\/%205.000%20Resultados%20de%20traducci\u00f3n%20star_border%20Sable%20imp\u00e9rial\" class=\"pxp-areas-1-item rounded-lg\">\r\n                                    <div class=\"pxp-areas-1-item-fig pxp-cover\" style=\"background-image: url(https:\/\/curated.pt\/wp-content\/uploads\/2022\/04\/3-Comporta-e-Melides--774x600.jpg);\"><\/div>\r\n                                    <div class=\"pxp-areas-1-item-details\">\r\n                                                                                    <div class=\"pxp-areas-1-item-details-area\">Comporta &amp; Melides<\/div>\r\n                                                                                    <div class=\"pxp-areas-1-item-details-city\">14 \/ 5.000 Resultados de traducci\u00f3n star_border Sable imp\u00e9rial<\/div>\r\n                                                                            <\/div>\r\n                                    <div class=\"pxp-areas-1-item-counter\"><span>0 Properties<\/span><\/div>\r\n                                    <div class=\"pxp-areas-1-item-cta text-uppercase\" style=\"color: \">Explore<\/div>\r\n                                <\/a>\r\n                            <\/div>\r\n                        \r\n                            <div class=\"col-sm-12 col-md-6 col-lg-4\">\r\n                                <a href=\"?search_neighborhood=Alentejo%20&#038;%20Algarve&#038;search_city=Brise%20au%20sud\" class=\"pxp-areas-1-item rounded-lg\">\r\n                                    <div class=\"pxp-areas-1-item-fig pxp-cover\" style=\"background-image: url(https:\/\/curated.pt\/wp-content\/uploads\/2022\/04\/4-Alentejo-Algarve.jpg);\"><\/div>\r\n                                    <div class=\"pxp-areas-1-item-details\">\r\n                                                                                    <div class=\"pxp-areas-1-item-details-area\">Alentejo &amp; Algarve<\/div>\r\n                                                                                    <div class=\"pxp-areas-1-item-details-city\">Brise au sud<\/div>\r\n                                                                            <\/div>\r\n                                    <div class=\"pxp-areas-1-item-counter\"><span>0 Properties<\/span><\/div>\r\n                                    <div class=\"pxp-areas-1-item-cta text-uppercase\" style=\"color: \">Explore<\/div>\r\n                                <\/a>\r\n                            <\/div>\r\n                        \r\n                            <div class=\"col-sm-12 col-md-6 col-lg-4\">\r\n                                <a href=\"?search_neighborhood=Porto%20&#038;%20Douro%20&#038;search_city=Un%20compliment%20au%20vin\" class=\"pxp-areas-1-item rounded-lg\">\r\n                                    <div class=\"pxp-areas-1-item-fig pxp-cover\" style=\"background-image: url(https:\/\/curated.pt\/wp-content\/uploads\/2022\/04\/2-Porto-774x600.jpg);\"><\/div>\r\n                                    <div class=\"pxp-areas-1-item-details\">\r\n                                                                                    <div class=\"pxp-areas-1-item-details-area\">Porto &amp; Douro <\/div>\r\n                                                                                    <div class=\"pxp-areas-1-item-details-city\">Un compliment au vin<\/div>\r\n                                                                            <\/div>\r\n                                    <div class=\"pxp-areas-1-item-counter\"><span>0 Properties<\/span><\/div>\r\n                                    <div class=\"pxp-areas-1-item-cta text-uppercase\" style=\"color: \">Explore<\/div>\r\n                                <\/a>\r\n                            <\/div>\r\n                        \r\n                            <div class=\"col-sm-12 col-md-6 col-lg-4\">\r\n                                <a href=\"?search_neighborhood=\u00celes&#038;search_city=Le%20r\u00eave%20atlantique\" class=\"pxp-areas-1-item rounded-lg\">\r\n                                    <div class=\"pxp-areas-1-item-fig pxp-cover\" style=\"background-image: url(https:\/\/curated.pt\/wp-content\/uploads\/2022\/04\/6-Islands-638x600.jpg);\"><\/div>\r\n                                    <div class=\"pxp-areas-1-item-details\">\r\n                                                                                    <div class=\"pxp-areas-1-item-details-area\">\u00celes<\/div>\r\n                                                                                    <div class=\"pxp-areas-1-item-details-city\">Le r\u00eave atlantique<\/div>\r\n                                                                            <\/div>\r\n                                    <div class=\"pxp-areas-1-item-counter\"><span>0 Properties<\/span><\/div>\r\n                                    <div class=\"pxp-areas-1-item-cta text-uppercase\" style=\"color: \">Explore<\/div>\r\n                                <\/a>\r\n                            <\/div>\r\n                                            <\/div>\r\n\r\n                                    <\/div>\r\n            \t\t<\/div>\r\n\t\t\t\t<\/div>\r\n\t\t\t\t\t<\/div>\r\n\t\t<\/div>\r\n\t\t\t\t\t\t\t<\/div>\r\n\t\t<\/section>\r\n\t\t\t\t<section class=\"elementor-section elementor-top-section elementor-element elementor-element-67c80bf elementor-section-boxed elementor-section-height-default elementor-section-height-default\" data-id=\"67c80bf\" data-element_type=\"section\">\r\n\t\t\t\t\t\t<div class=\"elementor-container elementor-column-gap-default\">\r\n\t\t\t\t\t<div class=\"elementor-column elementor-col-100 elementor-top-column elementor-element elementor-element-03268ae\" data-id=\"03268ae\" data-element_type=\"column\">\r\n\t\t\t<div class=\"elementor-widget-wrap elementor-element-populated\">\r\n\t\t\t\t\t\t\t\t<div class=\"elementor-element elementor-element-2b16419 elementor-widget elementor-widget-promo\" data-id=\"2b16419\" data-element_type=\"widget\" data-widget_type=\"promo.default\">\r\n\t\t\t\t<div class=\"elementor-widget-container\">\r\n\t\t\t                <div class=\"pxp-cta-1 pxp-cover  pb-300\" style=\"background-image: url(https:\/\/curated.pt\/wp-content\/uploads\/2022\/05\/FullSizeRender-1920x1280.jpg)\">\r\n                    <div class=\"container\">\r\n                        <div class=\"row justify-content-end\">\r\n                            <div class=\"col-sm-12 col-md-6 col-lg-4\">\r\n                                <div class=\"pxp-cta-1-caption pxp-animate-in\">\r\n                                    <h2 class=\"pxp-section-h2\">Trouvez efficacement, de n&#039;importe o\u00f9 dans le monde<\/h2>\r\n                                    <div class=\"pxp-text-light\">Boostez votre recherche avec un service sur mesure. Dites-nous ce que vous recherchez et nous atteindrons votre objectif.<\/div>\r\n\r\n                                                                            <a href=\"mailto:contact@curated.pt\" class=\"pxp-primary-cta text-uppercase mt-3 mt-md-5 pxp-animate\" id=\"cta-69d041e135eb2\" style=\"color: \"  target=\"_blank\" >\u00c9crivez-nous un e-mail<\/a>\r\n                                        <style>.pxp-primary-cta#cta-69d041e135eb2:after { border-top: 2px solid ; }<\/style>\r\n                                                                    <\/div>\r\n                            <\/div>\r\n                        <\/div>\r\n                    <\/div>\r\n                <\/div>\r\n            \t\t<\/div>\r\n\t\t\t\t<\/div>\r\n\t\t\t\t\t<\/div>\r\n\t\t<\/div>\r\n\t\t\t\t\t\t\t<\/div>\r\n\t\t<\/section>\r\n\t\t\t\t\t\t\t<\/div>\r\n\t\t","protected":false},"excerpt":{"rendered":"<p>Ce qui nous diff\u00e9rencie Nous n&rsquo;avons que des propri\u00e9t\u00e9s s\u00e9lectionn\u00e9es Des Propri\u00e9t\u00e9s s\u00e9lectionn\u00e9es Attendez-vous uniquement \u00e0 des propri\u00e9t\u00e9s uniques. Nous avons acc\u00e8s \u00e0 un r\u00e9seau privil\u00e9gi\u00e9 et vendons des propri\u00e9t\u00e9s&#46;&#46;&#46;<\/p>\n","protected":false},"author":1,"featured_media":3456,"parent":0,"menu_order":0,"comment_status":"closed","ping_status":"closed","template":"fullwidth.php","meta":{"footnotes":""},"_links":{"self":[{"href":"https:\/\/curated.pt\/fr\/wp-json\/wp\/v2\/pages\/4191"}],"collection":[{"href":"https:\/\/curated.pt\/fr\/wp-json\/wp\/v2\/pages"}],"about":[{"href":"https:\/\/curated.pt\/fr\/wp-json\/wp\/v2\/types\/page"}],"author":[{"embeddable":true,"href":"https:\/\/curated.pt\/fr\/wp-json\/wp\/v2\/users\/1"}],"replies":[{"embeddable":true,"href":"https:\/\/curated.pt\/fr\/wp-json\/wp\/v2\/comments?post=4191"}],"version-history":[{"count":69,"href":"https:\/\/curated.pt\/fr\/wp-json\/wp\/v2\/pages\/4191\/revisions"}],"predecessor-version":[{"id":4971,"href":"https:\/\/curated.pt\/fr\/wp-json\/wp\/v2\/pages\/4191\/revisions\/4971"}],"wp:featuredmedia":[{"embeddable":true,"href":"https:\/\/curated.pt\/fr\/wp-json\/wp\/v2\/media\/3456"}],"wp:attachment":[{"href":"https:\/\/curated.pt\/fr\/wp-json\/wp\/v2\/media?parent=4191"}],"curies":[{"name":"wp","href":"https:\/\/api.w.org\/{rel}","templated":true}]}}