
{"id":4193,"date":"2022-02-09T17:36:01","date_gmt":"2022-02-09T17:36:01","guid":{"rendered":"https:\/\/portugalcurated.pt\/newcuratedinvestments\/home-staging\/"},"modified":"2022-07-08T19:47:29","modified_gmt":"2022-07-08T19:47:29","slug":"home-staging","status":"publish","type":"page","link":"https:\/\/curated.pt\/fr\/home-staging\/","title":{"rendered":"Home Staging"},"content":{"rendered":"\t\t<div data-elementor-type=\"wp-page\" data-elementor-id=\"4193\" class=\"elementor elementor-4193 elementor-1001\">\r\n\t\t\t\t\t\t\t\t\t<section class=\"elementor-section elementor-top-section elementor-element elementor-element-62a83e76 elementor-section-boxed elementor-section-height-default elementor-section-height-default\" data-id=\"62a83e76\" data-element_type=\"section\">\r\n\t\t\t\t\t\t<div class=\"elementor-container elementor-column-gap-default\">\r\n\t\t\t\t\t<div class=\"elementor-column elementor-col-100 elementor-top-column elementor-element elementor-element-65a2888a\" data-id=\"65a2888a\" data-element_type=\"column\">\r\n\t\t\t<div class=\"elementor-widget-wrap elementor-element-populated\">\r\n\t\t\t\t\t\t\t\t<div class=\"elementor-element elementor-element-e36b3d8 elementor-widget elementor-widget-text-editor\" data-id=\"e36b3d8\" data-element_type=\"widget\" data-widget_type=\"text-editor.default\">\r\n\t\t\t\t<div class=\"elementor-widget-container\">\r\n\t\t\t<style>\/*! elementor - v3.12.2 - 23-04-2023 *\/\r\n.elementor-widget-text-editor.elementor-drop-cap-view-stacked .elementor-drop-cap{background-color:#69727d;color:#fff}.elementor-widget-text-editor.elementor-drop-cap-view-framed .elementor-drop-cap{color:#69727d;border:3px solid;background-color:transparent}.elementor-widget-text-editor:not(.elementor-drop-cap-view-default) .elementor-drop-cap{margin-top:8px}.elementor-widget-text-editor:not(.elementor-drop-cap-view-default) .elementor-drop-cap-letter{width:1em;height:1em}.elementor-widget-text-editor .elementor-drop-cap{float:left;text-align:center;line-height:1;font-size:50px}.elementor-widget-text-editor .elementor-drop-cap-letter{display:inline-block}<\/style>\t\t\t\t<p>Le Home Staging vise \u00e0 mettre en sc\u00e8ne l&rsquo;int\u00e9rieur du bien, un atout pour rendre la maison plus attractive pour le plus grand nombre d&rsquo;acheteurs potentiels.<\/p><p>C\u2019est la meilleure fa\u00e7on de concr\u00e9tiser des solutions architecturales et des exp\u00e9riences esth\u00e9tiques pour mettre en valeur le mobilier, consolider rapidement l\u2019activit\u00e9, en r\u00e9pondant toujours aux attentes du march\u00e9. Comptez sur nous et sur notre service de Home Staging pour donner de la valeur \u00e0 tout type de propri\u00e9t\u00e9.<\/p><p>Pour r\u00e9pondre \u00e0 vos besoins, n&rsquo;h\u00e9sitez pas \u00e0 nous contacter \u00e0 l&rsquo;adresse\u00a0<a href=\"mailto:contact@curated.pt\">contact@curated.pt<\/a><\/p><p class=\"credit\">photo \u00a9 Sancha.Co with Nini Andrade e Silva book<\/p>\t\t\t\t\t\t<\/div>\r\n\t\t\t\t<\/div>\r\n\t\t\t\t\t<\/div>\r\n\t\t<\/div>\r\n\t\t\t\t\t\t\t<\/div>\r\n\t\t<\/section>\r\n\t\t\t\t\t\t\t<\/div>\r\n\t\t","protected":false},"excerpt":{"rendered":"<p>Le Home Staging vise \u00e0 mettre en sc\u00e8ne l&rsquo;int\u00e9rieur du bien, un atout pour rendre la maison plus attractive pour le plus grand nombre d&rsquo;acheteurs potentiels. C\u2019est la meilleure fa\u00e7on&#46;&#46;&#46;<\/p>\n","protected":false},"author":1,"featured_media":3878,"parent":0,"menu_order":0,"comment_status":"closed","ping_status":"closed","template":"page-templates\/default-page.php","meta":{"footnotes":""},"_links":{"self":[{"href":"https:\/\/curated.pt\/fr\/wp-json\/wp\/v2\/pages\/4193"}],"collection":[{"href":"https:\/\/curated.pt\/fr\/wp-json\/wp\/v2\/pages"}],"about":[{"href":"https:\/\/curated.pt\/fr\/wp-json\/wp\/v2\/types\/page"}],"author":[{"embeddable":true,"href":"https:\/\/curated.pt\/fr\/wp-json\/wp\/v2\/users\/1"}],"replies":[{"embeddable":true,"href":"https:\/\/curated.pt\/fr\/wp-json\/wp\/v2\/comments?post=4193"}],"version-history":[{"count":10,"href":"https:\/\/curated.pt\/fr\/wp-json\/wp\/v2\/pages\/4193\/revisions"}],"predecessor-version":[{"id":4436,"href":"https:\/\/curated.pt\/fr\/wp-json\/wp\/v2\/pages\/4193\/revisions\/4436"}],"wp:featuredmedia":[{"embeddable":true,"href":"https:\/\/curated.pt\/fr\/wp-json\/wp\/v2\/media\/3878"}],"wp:attachment":[{"href":"https:\/\/curated.pt\/fr\/wp-json\/wp\/v2\/media?parent=4193"}],"curies":[{"name":"wp","href":"https:\/\/api.w.org\/{rel}","templated":true}]}}