
{"id":4195,"date":"2022-02-09T17:19:00","date_gmt":"2022-02-09T17:19:00","guid":{"rendered":"https:\/\/portugalcurated.pt\/newcuratedinvestments\/invest-remotely\/"},"modified":"2024-03-05T14:56:27","modified_gmt":"2024-03-05T14:56:27","slug":"investir-a-distance","status":"publish","type":"page","link":"https:\/\/curated.pt\/fr\/investir-a-distance\/","title":{"rendered":"Investir \u00e0 Distance"},"content":{"rendered":"\t\t<div data-elementor-type=\"wp-page\" data-elementor-id=\"4195\" class=\"elementor elementor-4195 elementor-997\">\r\n\t\t\t\t\t\t\t\t\t<section class=\"elementor-section elementor-top-section elementor-element elementor-element-5738b04 elementor-section-boxed elementor-section-height-default elementor-section-height-default\" data-id=\"5738b04\" data-element_type=\"section\">\r\n\t\t\t\t\t\t<div class=\"elementor-container elementor-column-gap-default\">\r\n\t\t\t\t\t<div class=\"elementor-column elementor-col-100 elementor-top-column elementor-element elementor-element-16fe808\" data-id=\"16fe808\" data-element_type=\"column\">\r\n\t\t\t<div class=\"elementor-widget-wrap elementor-element-populated\">\r\n\t\t\t\t\t\t\t\t<div class=\"elementor-element elementor-element-13f4c75 elementor-widget elementor-widget-text-editor\" data-id=\"13f4c75\" data-element_type=\"widget\" data-widget_type=\"text-editor.default\">\r\n\t\t\t\t<div class=\"elementor-widget-container\">\r\n\t\t\t<style>\/*! elementor - v3.12.2 - 23-04-2023 *\/\r\n.elementor-widget-text-editor.elementor-drop-cap-view-stacked .elementor-drop-cap{background-color:#69727d;color:#fff}.elementor-widget-text-editor.elementor-drop-cap-view-framed .elementor-drop-cap{color:#69727d;border:3px solid;background-color:transparent}.elementor-widget-text-editor:not(.elementor-drop-cap-view-default) .elementor-drop-cap{margin-top:8px}.elementor-widget-text-editor:not(.elementor-drop-cap-view-default) .elementor-drop-cap-letter{width:1em;height:1em}.elementor-widget-text-editor .elementor-drop-cap{float:left;text-align:center;line-height:1;font-size:50px}.elementor-widget-text-editor .elementor-drop-cap-letter{display:inline-block}<\/style>\t\t\t\t<p>Nous souhaitons que nos clients se sentent en confiance dans ce processus et nous pouvons les accompagner tout au long de la proc\u00e9dure.<\/p>\n<p>Pour ce faire, vous aurez besoin d&rsquo;un num\u00e9ro d&rsquo;identification. En r\u00e8gle g\u00e9n\u00e9rale, il n&rsquo;est pas n\u00e9cessaire de d\u00e9signer un repr\u00e9sentant fiscal, sauf si vous \u00eates ou serez bient\u00f4t assujetti \u00e0 l&rsquo;imp\u00f4t au Portugal. Et dans ce cas, si vous n&rsquo;avez pas d&rsquo;adresse dans un pays de l&rsquo;UE ou dans un membre de l&rsquo;Espace \u00e9conomique europ\u00e9en.<\/p>\n<p>Vous devrez \u00e9galement ouvrir un compte bancaire portugais pour acheter une propri\u00e9t\u00e9. Des documents d&rsquo;identit\u00e9 et un num\u00e9ro d&rsquo;identification fiscale seront n\u00e9cessaires pour ouvrir le compte.<br><\/p>\n<p>Dans le cas d&rsquo;une \u00e9valuation bancaire, la banque \u00e9value la valeur du bien, qui est g\u00e9n\u00e9ralement inf\u00e9rieure \u00e0 la valeur du march\u00e9. Avec ou sans distinction, lorsque le prix d&rsquo;achat est conclu, le processus sera accompagn\u00e9 par notre soci\u00e9t\u00e9 et un avocat, indiqu\u00e9 par nous ou par une autre personne de votre confiance.<\/p>\n<p>Pour r\u00e9pondre \u00e0 vos besoins, n&rsquo;h\u00e9sitez pas \u00e0 nous contacter \u00e0 l&rsquo;adresse&nbsp;<a href=\"mailto:contact@curated.pt\">contact@curated.pt<\/a><\/p>\n<p class=\"credit\">photo \u00a9 Sancha.Co with Nini Andrade e Silva book<\/p>\t\t\t\t\t\t<\/div>\r\n\t\t\t\t<\/div>\r\n\t\t\t\t\t<\/div>\r\n\t\t<\/div>\r\n\t\t\t\t\t\t\t<\/div>\r\n\t\t<\/section>\r\n\t\t\t\t\t\t\t<\/div>\r\n\t\t","protected":false},"excerpt":{"rendered":"<p>Nous souhaitons que nos clients se sentent en confiance dans ce processus et nous pouvons les accompagner tout au long de la proc\u00e9dure. Pour ce faire, vous aurez besoin d&rsquo;un&#46;&#46;&#46;<\/p>\n","protected":false},"author":1,"featured_media":3502,"parent":0,"menu_order":0,"comment_status":"closed","ping_status":"closed","template":"page-templates\/default-page.php","meta":{"footnotes":""},"_links":{"self":[{"href":"https:\/\/curated.pt\/fr\/wp-json\/wp\/v2\/pages\/4195"}],"collection":[{"href":"https:\/\/curated.pt\/fr\/wp-json\/wp\/v2\/pages"}],"about":[{"href":"https:\/\/curated.pt\/fr\/wp-json\/wp\/v2\/types\/page"}],"author":[{"embeddable":true,"href":"https:\/\/curated.pt\/fr\/wp-json\/wp\/v2\/users\/1"}],"replies":[{"embeddable":true,"href":"https:\/\/curated.pt\/fr\/wp-json\/wp\/v2\/comments?post=4195"}],"version-history":[{"count":18,"href":"https:\/\/curated.pt\/fr\/wp-json\/wp\/v2\/pages\/4195\/revisions"}],"predecessor-version":[{"id":4711,"href":"https:\/\/curated.pt\/fr\/wp-json\/wp\/v2\/pages\/4195\/revisions\/4711"}],"wp:featuredmedia":[{"embeddable":true,"href":"https:\/\/curated.pt\/fr\/wp-json\/wp\/v2\/media\/3502"}],"wp:attachment":[{"href":"https:\/\/curated.pt\/fr\/wp-json\/wp\/v2\/media?parent=4195"}],"curies":[{"name":"wp","href":"https:\/\/api.w.org\/{rel}","templated":true}]}}