
{"id":4197,"date":"2021-08-17T08:45:58","date_gmt":"2021-08-17T08:45:58","guid":{"rendered":"https:\/\/portugalcurated.pt\/newcuratedinvestments\/non-habitual-residents\/"},"modified":"2024-03-04T19:48:06","modified_gmt":"2024-03-04T19:48:06","slug":"resident-non-habituel","status":"publish","type":"page","link":"https:\/\/curated.pt\/fr\/resident-non-habituel\/","title":{"rendered":"R\u00e9sident Non Habituel"},"content":{"rendered":"\t\t<div data-elementor-type=\"wp-page\" data-elementor-id=\"4197\" class=\"elementor elementor-4197 elementor-854\">\r\n\t\t\t\t\t\t\t\t\t<section class=\"elementor-section elementor-top-section elementor-element elementor-element-96321df elementor-section-boxed elementor-section-height-default elementor-section-height-default\" data-id=\"96321df\" data-element_type=\"section\">\r\n\t\t\t\t\t\t<div class=\"elementor-container elementor-column-gap-default\">\r\n\t\t\t\t\t<div class=\"elementor-column elementor-col-100 elementor-top-column elementor-element elementor-element-ac150a6\" data-id=\"ac150a6\" data-element_type=\"column\">\r\n\t\t\t<div class=\"elementor-widget-wrap elementor-element-populated\">\r\n\t\t\t\t\t\t\t\t<div class=\"elementor-element elementor-element-ad0ec8b elementor-widget elementor-widget-text-editor\" data-id=\"ad0ec8b\" data-element_type=\"widget\" data-widget_type=\"text-editor.default\">\r\n\t\t\t\t<div class=\"elementor-widget-container\">\r\n\t\t\t<style>\/*! elementor - v3.12.2 - 23-04-2023 *\/\r\n.elementor-widget-text-editor.elementor-drop-cap-view-stacked .elementor-drop-cap{background-color:#69727d;color:#fff}.elementor-widget-text-editor.elementor-drop-cap-view-framed .elementor-drop-cap{color:#69727d;border:3px solid;background-color:transparent}.elementor-widget-text-editor:not(.elementor-drop-cap-view-default) .elementor-drop-cap{margin-top:8px}.elementor-widget-text-editor:not(.elementor-drop-cap-view-default) .elementor-drop-cap-letter{width:1em;height:1em}.elementor-widget-text-editor .elementor-drop-cap{float:left;text-align:center;line-height:1;font-size:50px}.elementor-widget-text-editor .elementor-drop-cap-letter{display:inline-block}<\/style>\t\t\t\t<p>Au Portugal, le r\u00e9gime fiscal des r\u00e9sidents non habituels (RNH) est un programme incroyablement attractif d&rsquo;octroi d&rsquo;avantages fiscaux, disponible pour l&rsquo;acquisition d&rsquo;une r\u00e9sidence d&rsquo;au moins 183 jours par an au Portugal. Le r\u00e9gime des r\u00e9sidents non habituels (RNH) a \u00e9t\u00e9 con\u00e7u pour permettre aux investisseurs et aux professionnels sp\u00e9cialis\u00e9s d&rsquo;acc\u00e9der \u00e0 de nombreux avantages.<\/p><p>Tout citoyen du monde peut demander le statut de RNH s&rsquo;il n&rsquo;a pas r\u00e9sid\u00e9 au Portugal au cours des cinq ann\u00e9es civiles pr\u00e9c\u00e9dentes.<\/p><p>Pour b\u00e9n\u00e9ficier de ce r\u00e9gime, il faut \u00eatre physiquement pr\u00e9sent au Portugal pendant plus de 183 jours par ann\u00e9e civile et apporter la preuve de sa r\u00e9sidence permanente au Portugal au 31 d\u00e9cembre de l&rsquo;ann\u00e9e en question.<\/p><p>Les revenus \u00e9trangers peuvent \u00eatre consid\u00e9r\u00e9s comme faisant partie des revenus \u00e9trangers, et les revenus ne sont pas \u00e9quivalents \u00e0 l&rsquo;imp\u00f4t. Le r\u00e9gime des r\u00e9sidents non habituels accorde des avantages fiscaux aux personnes qui s&rsquo;installent au Portugal. Les \u00e9trangers qui s&rsquo;installent au Portugal peuvent b\u00e9n\u00e9ficier d&rsquo;un r\u00e9gime fiscal sp\u00e9cial pendant une p\u00e9riode de dix ans.<\/p><p>Toutefois, le budget de l&rsquo;\u00c9tat de 2024 a abrog\u00e9 le r\u00e9gime des RNH en autorisant uniquement les personnes d\u00e9j\u00e0 enregistr\u00e9es en tant que RNH \u00e0 mettre fin \u00e0 leur p\u00e9riode de dix ans d&rsquo;avantages fiscaux et en leur permettant de s&rsquo;enregistrer jusqu&rsquo;\u00e0 la fin de l&rsquo;ann\u00e9e 2024 dans certaines situations tr\u00e8s sp\u00e9cifiques.<\/p><p>Pour r\u00e9pondre \u00e0 vos besoins, n&rsquo;h\u00e9sitez pas \u00e0 nous contacter \u00e0 l&rsquo;adresse <a href=\"mailto:contact@curated.pt\">contact@curated.pt<\/a><\/p>\t\t\t\t\t\t<\/div>\r\n\t\t\t\t<\/div>\r\n\t\t\t\t\t<\/div>\r\n\t\t<\/div>\r\n\t\t\t\t\t\t\t<\/div>\r\n\t\t<\/section>\r\n\t\t\t\t\t\t\t<\/div>\r\n\t\t","protected":false},"excerpt":{"rendered":"<p>Au Portugal, le r\u00e9gime fiscal des r\u00e9sidents non habituels (RNH) est un programme incroyablement attractif d&rsquo;octroi d&rsquo;avantages fiscaux, disponible pour l&rsquo;acquisition d&rsquo;une r\u00e9sidence d&rsquo;au moins 183 jours par an au&#46;&#46;&#46;<\/p>\n","protected":false},"author":1,"featured_media":3890,"parent":0,"menu_order":0,"comment_status":"closed","ping_status":"closed","template":"page-templates\/default-page.php","meta":{"footnotes":""},"_links":{"self":[{"href":"https:\/\/curated.pt\/fr\/wp-json\/wp\/v2\/pages\/4197"}],"collection":[{"href":"https:\/\/curated.pt\/fr\/wp-json\/wp\/v2\/pages"}],"about":[{"href":"https:\/\/curated.pt\/fr\/wp-json\/wp\/v2\/types\/page"}],"author":[{"embeddable":true,"href":"https:\/\/curated.pt\/fr\/wp-json\/wp\/v2\/users\/1"}],"replies":[{"embeddable":true,"href":"https:\/\/curated.pt\/fr\/wp-json\/wp\/v2\/comments?post=4197"}],"version-history":[{"count":11,"href":"https:\/\/curated.pt\/fr\/wp-json\/wp\/v2\/pages\/4197\/revisions"}],"predecessor-version":[{"id":4678,"href":"https:\/\/curated.pt\/fr\/wp-json\/wp\/v2\/pages\/4197\/revisions\/4678"}],"wp:featuredmedia":[{"embeddable":true,"href":"https:\/\/curated.pt\/fr\/wp-json\/wp\/v2\/media\/3890"}],"wp:attachment":[{"href":"https:\/\/curated.pt\/fr\/wp-json\/wp\/v2\/media?parent=4197"}],"curies":[{"name":"wp","href":"https:\/\/api.w.org\/{rel}","templated":true}]}}