
{"id":4199,"date":"2021-08-17T08:59:04","date_gmt":"2021-08-17T08:59:04","guid":{"rendered":"https:\/\/portugalcurated.pt\/newcuratedinvestments\/parcerias\/"},"modified":"2022-07-22T15:39:24","modified_gmt":"2022-07-22T15:39:24","slug":"partenariats","status":"publish","type":"page","link":"https:\/\/curated.pt\/fr\/partenariats\/","title":{"rendered":"Partenariats"},"content":{"rendered":"\t\t<div data-elementor-type=\"wp-page\" data-elementor-id=\"4199\" class=\"elementor elementor-4199 elementor-888\">\r\n\t\t\t\t\t\t\t\t\t<section class=\"elementor-section elementor-top-section elementor-element elementor-element-4e6f896f elementor-section-boxed elementor-section-height-default elementor-section-height-default\" data-id=\"4e6f896f\" data-element_type=\"section\">\r\n\t\t\t\t\t\t<div class=\"elementor-container elementor-column-gap-default\">\r\n\t\t\t\t\t<div class=\"elementor-column elementor-col-100 elementor-top-column elementor-element elementor-element-22cb10f6\" data-id=\"22cb10f6\" data-element_type=\"column\">\r\n\t\t\t<div class=\"elementor-widget-wrap elementor-element-populated\">\r\n\t\t\t\t\t\t\t\t<div class=\"elementor-element elementor-element-2a2cbc58 elementor-widget elementor-widget-text-editor\" data-id=\"2a2cbc58\" data-element_type=\"widget\" data-widget_type=\"text-editor.default\">\r\n\t\t\t\t<div class=\"elementor-widget-container\">\r\n\t\t\t<style>\/*! elementor - v3.12.2 - 23-04-2023 *\/\r\n.elementor-widget-text-editor.elementor-drop-cap-view-stacked .elementor-drop-cap{background-color:#69727d;color:#fff}.elementor-widget-text-editor.elementor-drop-cap-view-framed .elementor-drop-cap{color:#69727d;border:3px solid;background-color:transparent}.elementor-widget-text-editor:not(.elementor-drop-cap-view-default) .elementor-drop-cap{margin-top:8px}.elementor-widget-text-editor:not(.elementor-drop-cap-view-default) .elementor-drop-cap-letter{width:1em;height:1em}.elementor-widget-text-editor .elementor-drop-cap{float:left;text-align:center;line-height:1;font-size:50px}.elementor-widget-text-editor .elementor-drop-cap-letter{display:inline-block}<\/style>\t\t\t\t<p>Nous croyons aux partenaires qui partagent nos valeurs. Nous sommes conscients que tous ne travaillent pas de la m\u00eame mani\u00e8re, ce partage de valeurs et ce sens de l&rsquo;excellence \u00e9tant donc fondamentaux pour nous.<\/p><p>De notre c\u00f4t\u00e9, vous vous engagez \u00e0 travailler en \u00e9quipe, continuellement concentr\u00e9 sur la recherche de la meilleure solution pour le client final, le propri\u00e9taire ou l&rsquo;acheteur.<\/p><p>Si vous pensez que nous pouvons travailler ensemble, n&rsquo;h\u00e9sitez pas \u00e0 nous contacter \u00e0 l&rsquo;adresse <a href=\"mailto:contact@curated.pt\">contact@curated.pt<\/a><\/p>\t\t\t\t\t\t<\/div>\r\n\t\t\t\t<\/div>\r\n\t\t\t\t\t<\/div>\r\n\t\t<\/div>\r\n\t\t\t\t\t\t\t<\/div>\r\n\t\t<\/section>\r\n\t\t\t\t\t\t\t<\/div>\r\n\t\t","protected":false},"excerpt":{"rendered":"<p>Nous croyons aux partenaires qui partagent nos valeurs. Nous sommes conscients que tous ne travaillent pas de la m\u00eame mani\u00e8re, ce partage de valeurs et ce sens de l&rsquo;excellence \u00e9tant&#46;&#46;&#46;<\/p>\n","protected":false},"author":1,"featured_media":3899,"parent":0,"menu_order":0,"comment_status":"closed","ping_status":"closed","template":"page-templates\/default-page.php","meta":{"footnotes":""},"_links":{"self":[{"href":"https:\/\/curated.pt\/fr\/wp-json\/wp\/v2\/pages\/4199"}],"collection":[{"href":"https:\/\/curated.pt\/fr\/wp-json\/wp\/v2\/pages"}],"about":[{"href":"https:\/\/curated.pt\/fr\/wp-json\/wp\/v2\/types\/page"}],"author":[{"embeddable":true,"href":"https:\/\/curated.pt\/fr\/wp-json\/wp\/v2\/users\/1"}],"replies":[{"embeddable":true,"href":"https:\/\/curated.pt\/fr\/wp-json\/wp\/v2\/comments?post=4199"}],"version-history":[{"count":7,"href":"https:\/\/curated.pt\/fr\/wp-json\/wp\/v2\/pages\/4199\/revisions"}],"predecessor-version":[{"id":4438,"href":"https:\/\/curated.pt\/fr\/wp-json\/wp\/v2\/pages\/4199\/revisions\/4438"}],"wp:featuredmedia":[{"embeddable":true,"href":"https:\/\/curated.pt\/fr\/wp-json\/wp\/v2\/media\/3899"}],"wp:attachment":[{"href":"https:\/\/curated.pt\/fr\/wp-json\/wp\/v2\/media?parent=4199"}],"curies":[{"name":"wp","href":"https:\/\/api.w.org\/{rel}","templated":true}]}}