
{"id":4201,"date":"2021-08-16T15:09:19","date_gmt":"2021-08-16T15:09:19","guid":{"rendered":"https:\/\/portugalcurated.pt\/newcuratedinvestments\/portugal\/"},"modified":"2025-06-22T19:18:11","modified_gmt":"2025-06-22T19:18:11","slug":"porquoi-choisir-le-portugal","status":"publish","type":"page","link":"https:\/\/curated.pt\/fr\/porquoi-choisir-le-portugal\/","title":{"rendered":"Porquoi choisir le Portugal"},"content":{"rendered":"\t\t<div data-elementor-type=\"wp-page\" data-elementor-id=\"4201\" class=\"elementor elementor-4201 elementor-805\">\r\n\t\t\t\t\t\t\t\t\t<section class=\"elementor-section elementor-top-section elementor-element elementor-element-0653923 elementor-section-boxed elementor-section-height-default elementor-section-height-default\" data-id=\"0653923\" data-element_type=\"section\">\r\n\t\t\t\t\t\t<div class=\"elementor-container elementor-column-gap-default\">\r\n\t\t\t\t\t<div class=\"elementor-column elementor-col-100 elementor-top-column elementor-element elementor-element-77d8b4e\" data-id=\"77d8b4e\" data-element_type=\"column\">\r\n\t\t\t<div class=\"elementor-widget-wrap elementor-element-populated\">\r\n\t\t\t\t\t\t\t\t<div class=\"elementor-element elementor-element-2501caf elementor-widget elementor-widget-text-editor\" data-id=\"2501caf\" data-element_type=\"widget\" data-widget_type=\"text-editor.default\">\r\n\t\t\t\t<div class=\"elementor-widget-container\">\r\n\t\t\t<style>\/*! elementor - v3.12.2 - 23-04-2023 *\/\r\n.elementor-widget-text-editor.elementor-drop-cap-view-stacked .elementor-drop-cap{background-color:#69727d;color:#fff}.elementor-widget-text-editor.elementor-drop-cap-view-framed .elementor-drop-cap{color:#69727d;border:3px solid;background-color:transparent}.elementor-widget-text-editor:not(.elementor-drop-cap-view-default) .elementor-drop-cap{margin-top:8px}.elementor-widget-text-editor:not(.elementor-drop-cap-view-default) .elementor-drop-cap-letter{width:1em;height:1em}.elementor-widget-text-editor .elementor-drop-cap{float:left;text-align:center;line-height:1;font-size:50px}.elementor-widget-text-editor .elementor-drop-cap-letter{display:inline-block}<\/style>\t\t\t\t<p>Le Portugal est sous les projecteurs du monde comme <strong>l&rsquo;un des pays les plus fascinants pour vivre en Europe<\/strong>.\u00a0Sa <strong>qualit\u00e9 de vie exceptionnelle<\/strong> fait partie des nombreuses raisons qui font du Portugal une destination d\u00e9sirable, aux yeux des grands investisseurs ainsi que des \u00e9trangers qui choisissent d\u2019y vivre.<\/p><p>Situ\u00e9 dans le Sud-ouest de l&rsquo;Europe et point central entre trois continents, l&rsquo;europ\u00e9en, l&rsquo;am\u00e9ricain et l&rsquo;africain, le Portugal est <strong>une \u00e9tape importante pour les routes internationales<\/strong>.Trois a\u00e9roports couvrant le Nord, le Centre et le Sud du pays \u2013 Porto, Lisbonne et Faro \u2013ont des liaisons r\u00e9guli\u00e8res vers les principales villes du monde.<\/p><p>Le Portugal est connu pour son <strong>climat extraordinaire<\/strong>. La l\u00e9gendaire Lisbonne, sa capitale, est connue par les photographes comme la \u00ab Ville de la Lumi\u00e8re \u00bb, avec 3300 heures d\u2019ensoleillement par an, principalement dans le sud, l&rsquo;un des plus \u00e9lev\u00e9s d&rsquo;Europe. Vous pouvez vous attendre \u00e0 des hivers doux et \u00e0 des \u00e9t\u00e9s plus chauds et plus secs.<\/p><p><strong>Le Portugal est \u00e9galement connu pour sa s\u00e9curit\u00e9<\/strong>. C\u2019est un pays de plus en plus s\u00fbr, avec pr\u00e8s de neuf si\u00e8cles importants de fronti\u00e8res g\u00e9ographiques et qui a un r\u00e9gime parlementaire d\u00e9mocratique. Apr\u00e8s l&rsquo;Islande, la Nouvelle-Z\u00e9lande et le Danemark, il se classe quatri\u00e8me sur la liste des pays les plus s\u00fbrs du monde.<\/p><p>Le Portugal occupe la troisi\u00e8me place du classement des passeports les plus recherch\u00e9s au monde, gr\u00e2ce \u00e0 la circulation des citoyens sans visa vers cent trente-sept destinations.<\/p><p>Le Portugal est \u00e9galement connu pour \u00eatre <strong>tr\u00e8s favorable aux opportunit\u00e9s et aux affaires<\/strong> et se classe trente-neuvi\u00e8me sur cent quatre-vingt-dix \u00e9conomies dans le classement Ease of Doing Business 2020 de la Banque mondiale, et douzi\u00e8me au monde dans le classement Travel &amp; Tourism Competitiveness du Forum \u00e9conomique mondial.<\/p><p>Membre de l&rsquo;Union europ\u00e9enne depuis 26 ans, le Portugal fait partie du syst\u00e8me mon\u00e9taire europ\u00e9en et utilise la monnaie unique europ\u00e9enne.<\/p><p>Lisbonne a \u00e9t\u00e9 consid\u00e9r\u00e9e comme l&rsquo;une des dix destinations <strong>pr\u00e9f\u00e9r\u00e9es par les investisseurs europ\u00e9ens pour le secteur immobilier<\/strong> et accueille \u00e9galement le Web Summit, le plus grand \u00e9v\u00e9nement technologique d\u2019Europe.<\/p><p>Nos <strong>avantages fiscaux<\/strong> sont l&rsquo;un de nos points forts. Le Portugal est l&rsquo;un des march\u00e9s immobiliers les plus dynamiques d&rsquo;Europe et <strong>offre des r\u00e9gimes fiscaux stables qui facilitent l&rsquo;investissement et l&rsquo;int\u00e9gration des \u00e9trangers.<\/strong><\/p><p>La main-d&rsquo;\u0153uvre portugaise est qualifi\u00e9e et productive, avec des <strong>comp\u00e9tences linguistiques \u00e9lev\u00e9es<\/strong> et soutenue par des \u00e9tablissements scolaires de premier ordre et d\u2019excellentes \u00e9coles de gestion et de formation professionnelle pour le tourisme.<\/p><p>Notre pays est reconnu internationalement pour la qualit\u00e9 de ses infrastructures d&rsquo;accessibilit\u00e9 et de t\u00e9l\u00e9communications, avec <strong>un vaste r\u00e9seau de voies terrestres, ferroviaires, maritimes et a\u00e9roportuaires<\/strong>. Toutes les grandes villes ont des \u00e9coles et des universit\u00e9s internationales, id\u00e9ales pour changer la vie des familles. Le Portugal occupe \u00e9galement la douzi\u00e8me place dans la liste des meilleurs syst\u00e8mes de sant\u00e9 dans l&rsquo;enqu\u00eate de l&rsquo;OMS.<\/p><p>Gr\u00e2ce \u00e0 notre <strong>climat extraordinaire<\/strong>, il est facile de pratiquer des sports de plein air ou des sports nautiques au Portugal, mais aussi de jouer au golf sur les meilleurs parcours du monde. Notre territoire est de <strong>nature diversifi\u00e9e<\/strong> et nous sommes reconnus pour les exp\u00e9riences de bien-\u00eatre et pour notre <strong>beau patrimoine, une histoire de neuf si\u00e8cles<\/strong> et ses seize classifications de UNESCO, parmi les monuments, les paysages et le patrimoine immat\u00e9riel.<\/p><p><strong>Les Portugais sont connus pour \u00eatre accueillants et sympathiques<\/strong>, ce qui aide les \u00e9trangers qui visitent et s\u2019installent au Portugal \u00e0 s\u2019int\u00e9grer.<\/p><p>En plus d&rsquo;une c\u00f4te atlantique \u00e0 perte de vue, nous avons aussi des \u00eeles, et une <strong>gastronomie tr\u00e8s inspir\u00e9e par la mer avec des ingr\u00e9dients de qualit\u00e9<\/strong>.<\/p><p>Vivre au Portugal est toujours une bonne d\u00e9cision.<br \/>Pour plus d&rsquo;informations sur le Portugal, n&rsquo;h\u00e9sitez pas \u00e0 nous contacter \u00e0 l&rsquo;adresse <a href=\"mailto:contact@curated.pt\">contact@curated.pt<\/a><\/p><p class=\"credit\">photo \u00a9 Marko Roth<\/p>\t\t\t\t\t\t<\/div>\r\n\t\t\t\t<\/div>\r\n\t\t\t\t\t<\/div>\r\n\t\t<\/div>\r\n\t\t\t\t\t\t\t<\/div>\r\n\t\t<\/section>\r\n\t\t\t\t\t\t\t<\/div>\r\n\t\t","protected":false},"excerpt":{"rendered":"<p>Le Portugal est sous les projecteurs du monde comme l&rsquo;un des pays les plus fascinants pour vivre en Europe.\u00a0Sa qualit\u00e9 de vie exceptionnelle fait partie des nombreuses raisons qui font&#46;&#46;&#46;<\/p>\n","protected":false},"author":1,"featured_media":4978,"parent":0,"menu_order":0,"comment_status":"closed","ping_status":"closed","template":"page-templates\/default-page.php","meta":{"footnotes":""},"_links":{"self":[{"href":"https:\/\/curated.pt\/fr\/wp-json\/wp\/v2\/pages\/4201"}],"collection":[{"href":"https:\/\/curated.pt\/fr\/wp-json\/wp\/v2\/pages"}],"about":[{"href":"https:\/\/curated.pt\/fr\/wp-json\/wp\/v2\/types\/page"}],"author":[{"embeddable":true,"href":"https:\/\/curated.pt\/fr\/wp-json\/wp\/v2\/users\/1"}],"replies":[{"embeddable":true,"href":"https:\/\/curated.pt\/fr\/wp-json\/wp\/v2\/comments?post=4201"}],"version-history":[{"count":12,"href":"https:\/\/curated.pt\/fr\/wp-json\/wp\/v2\/pages\/4201\/revisions"}],"predecessor-version":[{"id":4984,"href":"https:\/\/curated.pt\/fr\/wp-json\/wp\/v2\/pages\/4201\/revisions\/4984"}],"wp:featuredmedia":[{"embeddable":true,"href":"https:\/\/curated.pt\/fr\/wp-json\/wp\/v2\/media\/4978"}],"wp:attachment":[{"href":"https:\/\/curated.pt\/fr\/wp-json\/wp\/v2\/media?parent=4201"}],"curies":[{"name":"wp","href":"https:\/\/api.w.org\/{rel}","templated":true}]}}