
{"id":4204,"date":"2021-08-17T08:49:09","date_gmt":"2021-08-17T08:49:09","guid":{"rendered":"https:\/\/portugalcurated.pt\/newcuratedinvestments\/rentals-management\/"},"modified":"2022-07-22T15:38:41","modified_gmt":"2022-07-22T15:38:41","slug":"locations-gestion-de-biens","status":"publish","type":"page","link":"https:\/\/curated.pt\/fr\/locations-gestion-de-biens\/","title":{"rendered":"Locations &#038; Gestion de Biens"},"content":{"rendered":"\t\t<div data-elementor-type=\"wp-page\" data-elementor-id=\"4204\" class=\"elementor elementor-4204 elementor-865\">\r\n\t\t\t\t\t\t\t\t\t<section class=\"elementor-section elementor-top-section elementor-element elementor-element-3bb83f2f elementor-section-boxed elementor-section-height-default elementor-section-height-default\" data-id=\"3bb83f2f\" data-element_type=\"section\">\r\n\t\t\t\t\t\t<div class=\"elementor-container elementor-column-gap-default\">\r\n\t\t\t\t\t<div class=\"elementor-column elementor-col-100 elementor-top-column elementor-element elementor-element-38eebfb8\" data-id=\"38eebfb8\" data-element_type=\"column\">\r\n\t\t\t<div class=\"elementor-widget-wrap elementor-element-populated\">\r\n\t\t\t\t\t\t\t\t<div class=\"elementor-element elementor-element-39fc524b elementor-widget elementor-widget-text-editor\" data-id=\"39fc524b\" data-element_type=\"widget\" data-widget_type=\"text-editor.default\">\r\n\t\t\t\t<div class=\"elementor-widget-container\">\r\n\t\t\t<style>\/*! elementor - v3.12.2 - 23-04-2023 *\/\r\n.elementor-widget-text-editor.elementor-drop-cap-view-stacked .elementor-drop-cap{background-color:#69727d;color:#fff}.elementor-widget-text-editor.elementor-drop-cap-view-framed .elementor-drop-cap{color:#69727d;border:3px solid;background-color:transparent}.elementor-widget-text-editor:not(.elementor-drop-cap-view-default) .elementor-drop-cap{margin-top:8px}.elementor-widget-text-editor:not(.elementor-drop-cap-view-default) .elementor-drop-cap-letter{width:1em;height:1em}.elementor-widget-text-editor .elementor-drop-cap{float:left;text-align:center;line-height:1;font-size:50px}.elementor-widget-text-editor .elementor-drop-cap-letter{display:inline-block}<\/style>\t\t\t\t<div><p>Nous nous engageons \u00e0 vous accompagner dans votre investissement si vous d\u00e9cidez de louer \u00e0 des tiers.<\/p><p>Vous aurez la garantie de locataires de confiance, gardant votre propri\u00e9t\u00e9 en excellent \u00e9tat et assurant le respect de la l\u00e9gislation portugaise. Gr\u00e2ce \u00e0 notre vaste exp\u00e9rience et \u00e0 notre r\u00e9seau de contacts, nous vous offrons un service fiable avec d&rsquo;excellents professionnels.<\/p><p>Nous mettons un point d&rsquo;honneur \u00e0 offrir un service complet en choisissant des professionnels qui partagent nos valeurs et notre int\u00e9grit\u00e9 professionnelle. Notre activit\u00e9 de location est transparente et offre une exp\u00e9rience personnalis\u00e9e, garantissant le respect de toutes les obligations l\u00e9gales. Nous couvrons l&rsquo;accompagnement de villas individuelles, d&rsquo;appartements et d\u2019immeubles entiers.<\/p><p>En Gestion Immobili\u00e8re, nous pouvons vous garantir des services essentiels, la gestion locative, la conformit\u00e9 l\u00e9gale et financi\u00e8re, les inspections, la maintenance et les r\u00e9parations. Dans le domaine de la location, nous assurons la tarification et la strat\u00e9gie, l&rsquo;image de marque et le marketing, la gestion locative, le contrat et l&#8217;emm\u00e9nagement, les rapports, la gestion de la facturation et les mises \u00e0 jour annuelles des loyers.<\/p><p>Pour r\u00e9pondre \u00e0 vos besoins, n&rsquo;h\u00e9sitez pas \u00e0 nous contacter \u00e0 l&rsquo;adresse\u00a0<a href=\"mailto:contact@curated.pt\">contact@curated.pt<\/a><\/p><\/div>\t\t\t\t\t\t<\/div>\r\n\t\t\t\t<\/div>\r\n\t\t\t\t\t<\/div>\r\n\t\t<\/div>\r\n\t\t\t\t\t\t\t<\/div>\r\n\t\t<\/section>\r\n\t\t\t\t\t\t\t<\/div>\r\n\t\t","protected":false},"excerpt":{"rendered":"<p>Nous nous engageons \u00e0 vous accompagner dans votre investissement si vous d\u00e9cidez de louer \u00e0 des tiers. Vous aurez la garantie de locataires de confiance, gardant votre propri\u00e9t\u00e9 en excellent&#46;&#46;&#46;<\/p>\n","protected":false},"author":1,"featured_media":3423,"parent":0,"menu_order":0,"comment_status":"closed","ping_status":"closed","template":"page-templates\/default-page.php","meta":{"footnotes":""},"_links":{"self":[{"href":"https:\/\/curated.pt\/fr\/wp-json\/wp\/v2\/pages\/4204"}],"collection":[{"href":"https:\/\/curated.pt\/fr\/wp-json\/wp\/v2\/pages"}],"about":[{"href":"https:\/\/curated.pt\/fr\/wp-json\/wp\/v2\/types\/page"}],"author":[{"embeddable":true,"href":"https:\/\/curated.pt\/fr\/wp-json\/wp\/v2\/users\/1"}],"replies":[{"embeddable":true,"href":"https:\/\/curated.pt\/fr\/wp-json\/wp\/v2\/comments?post=4204"}],"version-history":[{"count":10,"href":"https:\/\/curated.pt\/fr\/wp-json\/wp\/v2\/pages\/4204\/revisions"}],"predecessor-version":[{"id":4432,"href":"https:\/\/curated.pt\/fr\/wp-json\/wp\/v2\/pages\/4204\/revisions\/4432"}],"wp:featuredmedia":[{"embeddable":true,"href":"https:\/\/curated.pt\/fr\/wp-json\/wp\/v2\/media\/3423"}],"wp:attachment":[{"href":"https:\/\/curated.pt\/fr\/wp-json\/wp\/v2\/media?parent=4204"}],"curies":[{"name":"wp","href":"https:\/\/api.w.org\/{rel}","templated":true}]}}