
{"id":4206,"date":"2022-03-31T19:07:03","date_gmt":"2022-03-31T19:07:03","guid":{"rendered":"https:\/\/portugalcurated.pt\/newcuratedinvestments\/arrendar\/"},"modified":"2022-07-22T15:38:54","modified_gmt":"2022-07-22T15:38:54","slug":"louer","status":"publish","type":"page","link":"https:\/\/curated.pt\/fr\/louer\/","title":{"rendered":"Louer"},"content":{"rendered":"\t\t<div data-elementor-type=\"wp-page\" data-elementor-id=\"4206\" class=\"elementor elementor-4206 elementor-1053\">\r\n\t\t\t\t\t\t\t\t\t<section class=\"elementor-section elementor-top-section elementor-element elementor-element-283ba537 elementor-section-boxed elementor-section-height-default elementor-section-height-default\" data-id=\"283ba537\" data-element_type=\"section\">\r\n\t\t\t\t\t\t<div class=\"elementor-container elementor-column-gap-default\">\r\n\t\t\t\t\t<div class=\"elementor-column elementor-col-100 elementor-top-column elementor-element elementor-element-26fe73be\" data-id=\"26fe73be\" data-element_type=\"column\">\r\n\t\t\t<div class=\"elementor-widget-wrap elementor-element-populated\">\r\n\t\t\t\t\t\t\t\t<div class=\"elementor-element elementor-element-bff0d5b elementor-widget elementor-widget-text-editor\" data-id=\"bff0d5b\" data-element_type=\"widget\" data-widget_type=\"text-editor.default\">\r\n\t\t\t\t<div class=\"elementor-widget-container\">\r\n\t\t\t<style>\/*! elementor - v3.12.2 - 23-04-2023 *\/\r\n.elementor-widget-text-editor.elementor-drop-cap-view-stacked .elementor-drop-cap{background-color:#69727d;color:#fff}.elementor-widget-text-editor.elementor-drop-cap-view-framed .elementor-drop-cap{color:#69727d;border:3px solid;background-color:transparent}.elementor-widget-text-editor:not(.elementor-drop-cap-view-default) .elementor-drop-cap{margin-top:8px}.elementor-widget-text-editor:not(.elementor-drop-cap-view-default) .elementor-drop-cap-letter{width:1em;height:1em}.elementor-widget-text-editor .elementor-drop-cap{float:left;text-align:center;line-height:1;font-size:50px}.elementor-widget-text-editor .elementor-drop-cap-letter{display:inline-block}<\/style>\t\t\t\t<div><div><div><p><span lang=\"PT\">La location n&rsquo;est pas notre activit\u00e9 principale, mais gr\u00e2ce \u00e0 nos contacts hors march\u00e9 et \u00e0 nos partenariats avec des agences cl\u00e9s au Portugal, nous pouvons vous aider \u00e0 trouver la maison dont vous avez besoin, que ce soit pour une p\u00e9riode temporaire ou plus longue.<\/span><\/p><p><span lang=\"PT\">Dites-nous quels sont vos besoins et nous vous trouverons la plus belle des maisons.<\/span><\/p><p><span lang=\"PT\">Pour r\u00e9pondre \u00e0 vos besoins, n&rsquo;h\u00e9sitez pas \u00e0 nous contacter \u00e0 l&rsquo;adresse <\/span><\/p><\/div><p><a href=\"mailto:contact@curated.pt\">contact@curated.pt<\/a><\/p><\/div><\/div>\t\t\t\t\t\t<\/div>\r\n\t\t\t\t<\/div>\r\n\t\t\t\t\t<\/div>\r\n\t\t<\/div>\r\n\t\t\t\t\t\t\t<\/div>\r\n\t\t<\/section>\r\n\t\t\t\t\t\t\t<\/div>\r\n\t\t","protected":false},"excerpt":{"rendered":"<p>La location n&rsquo;est pas notre activit\u00e9 principale, mais gr\u00e2ce \u00e0 nos contacts hors march\u00e9 et \u00e0 nos partenariats avec des agences cl\u00e9s au Portugal, nous pouvons vous aider \u00e0 trouver&#46;&#46;&#46;<\/p>\n","protected":false},"author":1,"featured_media":3841,"parent":0,"menu_order":0,"comment_status":"closed","ping_status":"closed","template":"page-templates\/default-page.php","meta":{"footnotes":""},"_links":{"self":[{"href":"https:\/\/curated.pt\/fr\/wp-json\/wp\/v2\/pages\/4206"}],"collection":[{"href":"https:\/\/curated.pt\/fr\/wp-json\/wp\/v2\/pages"}],"about":[{"href":"https:\/\/curated.pt\/fr\/wp-json\/wp\/v2\/types\/page"}],"author":[{"embeddable":true,"href":"https:\/\/curated.pt\/fr\/wp-json\/wp\/v2\/users\/1"}],"replies":[{"embeddable":true,"href":"https:\/\/curated.pt\/fr\/wp-json\/wp\/v2\/comments?post=4206"}],"version-history":[{"count":11,"href":"https:\/\/curated.pt\/fr\/wp-json\/wp\/v2\/pages\/4206\/revisions"}],"predecessor-version":[{"id":4354,"href":"https:\/\/curated.pt\/fr\/wp-json\/wp\/v2\/pages\/4206\/revisions\/4354"}],"wp:featuredmedia":[{"embeddable":true,"href":"https:\/\/curated.pt\/fr\/wp-json\/wp\/v2\/media\/3841"}],"wp:attachment":[{"href":"https:\/\/curated.pt\/fr\/wp-json\/wp\/v2\/media?parent=4206"}],"curies":[{"name":"wp","href":"https:\/\/api.w.org\/{rel}","templated":true}]}}