
{"id":4208,"date":"2022-06-11T14:59:29","date_gmt":"2022-06-11T14:59:29","guid":{"rendered":"https:\/\/portugalcurated.pt\/newcuratedinvestments\/plan-your-visit-to-portugal\/"},"modified":"2022-07-22T15:41:00","modified_gmt":"2022-07-22T15:41:00","slug":"planifier-votre-visite-au-portugal","status":"publish","type":"page","link":"https:\/\/curated.pt\/fr\/planifier-votre-visite-au-portugal\/","title":{"rendered":"Planifier votre visite au Portugal"},"content":{"rendered":"\t\t<div data-elementor-type=\"wp-page\" data-elementor-id=\"4208\" class=\"elementor elementor-4208 elementor-4109\">\r\n\t\t\t\t\t\t\t\t\t<section class=\"elementor-section elementor-top-section elementor-element elementor-element-ce010ed elementor-section-boxed elementor-section-height-default elementor-section-height-default\" data-id=\"ce010ed\" data-element_type=\"section\">\r\n\t\t\t\t\t\t<div class=\"elementor-container elementor-column-gap-default\">\r\n\t\t\t\t\t<div class=\"elementor-column elementor-col-100 elementor-top-column elementor-element elementor-element-a74a2f6\" data-id=\"a74a2f6\" data-element_type=\"column\">\r\n\t\t\t<div class=\"elementor-widget-wrap elementor-element-populated\">\r\n\t\t\t\t\t\t\t\t<div class=\"elementor-element elementor-element-4917a8b elementor-widget elementor-widget-text-editor\" data-id=\"4917a8b\" data-element_type=\"widget\" data-widget_type=\"text-editor.default\">\r\n\t\t\t\t<div class=\"elementor-widget-container\">\r\n\t\t\t<style>\/*! elementor - v3.12.2 - 23-04-2023 *\/\r\n.elementor-widget-text-editor.elementor-drop-cap-view-stacked .elementor-drop-cap{background-color:#69727d;color:#fff}.elementor-widget-text-editor.elementor-drop-cap-view-framed .elementor-drop-cap{color:#69727d;border:3px solid;background-color:transparent}.elementor-widget-text-editor:not(.elementor-drop-cap-view-default) .elementor-drop-cap{margin-top:8px}.elementor-widget-text-editor:not(.elementor-drop-cap-view-default) .elementor-drop-cap-letter{width:1em;height:1em}.elementor-widget-text-editor .elementor-drop-cap{float:left;text-align:center;line-height:1;font-size:50px}.elementor-widget-text-editor .elementor-drop-cap-letter{display:inline-block}<\/style>\t\t\t\t<div><p>De nombreux investisseurs ne connaissent pas le Portugal et nous pouvons vous aider \u00e0 planifier votre voyage pour reconna\u00eetre les villes ou le territoire.<\/p><p>Que ce soit \u00e0 Lisbonne ou dans d&rsquo;autres villes et territoires, nous pouvons organiser votre exploration une exp\u00e9rience inoubliable adapt\u00e9e \u00e0 vos besoins.<\/p><p>Notre fondateur Sancha.Co travaille depuis de nombreuses ann\u00e9es \u00e0 la production de contenus lifestyle et conna\u00eet les meilleures options et tendances qui vous feront tomber amoureux du Portugal.<\/p><a href=\"mailto:contact@curated.pt\">contact@curated.pt<\/a><\/div>\t\t\t\t\t\t<\/div>\r\n\t\t\t\t<\/div>\r\n\t\t\t\t\t<\/div>\r\n\t\t<\/div>\r\n\t\t\t\t\t\t\t<\/div>\r\n\t\t<\/section>\r\n\t\t\t\t\t\t\t<\/div>\r\n\t\t","protected":false},"excerpt":{"rendered":"<p>De nombreux investisseurs ne connaissent pas le Portugal et nous pouvons vous aider \u00e0 planifier votre voyage pour reconna\u00eetre les villes ou le territoire. Que ce soit \u00e0 Lisbonne ou&#46;&#46;&#46;<\/p>\n","protected":false},"author":1,"featured_media":4209,"parent":0,"menu_order":0,"comment_status":"closed","ping_status":"closed","template":"page-templates\/default-page.php","meta":{"footnotes":""},"_links":{"self":[{"href":"https:\/\/curated.pt\/fr\/wp-json\/wp\/v2\/pages\/4208"}],"collection":[{"href":"https:\/\/curated.pt\/fr\/wp-json\/wp\/v2\/pages"}],"about":[{"href":"https:\/\/curated.pt\/fr\/wp-json\/wp\/v2\/types\/page"}],"author":[{"embeddable":true,"href":"https:\/\/curated.pt\/fr\/wp-json\/wp\/v2\/users\/1"}],"replies":[{"embeddable":true,"href":"https:\/\/curated.pt\/fr\/wp-json\/wp\/v2\/comments?post=4208"}],"version-history":[{"count":6,"href":"https:\/\/curated.pt\/fr\/wp-json\/wp\/v2\/pages\/4208\/revisions"}],"predecessor-version":[{"id":4437,"href":"https:\/\/curated.pt\/fr\/wp-json\/wp\/v2\/pages\/4208\/revisions\/4437"}],"wp:featuredmedia":[{"embeddable":true,"href":"https:\/\/curated.pt\/fr\/wp-json\/wp\/v2\/media\/4209"}],"wp:attachment":[{"href":"https:\/\/curated.pt\/fr\/wp-json\/wp\/v2\/media?parent=4208"}],"curies":[{"name":"wp","href":"https:\/\/api.w.org\/{rel}","templated":true}]}}