
{"id":4211,"date":"2021-08-17T08:50:24","date_gmt":"2021-08-17T08:50:24","guid":{"rendered":"https:\/\/portugalcurated.pt\/newcuratedinvestments\/renovation-interior-design\/"},"modified":"2022-07-22T15:41:27","modified_gmt":"2022-07-22T15:41:27","slug":"renovation-design-dinterieur","status":"publish","type":"page","link":"https:\/\/curated.pt\/fr\/renovation-design-dinterieur\/","title":{"rendered":"R\u00e9novation &#038; Design d&rsquo;Int\u00e9rieur"},"content":{"rendered":"\t\t<div data-elementor-type=\"wp-page\" data-elementor-id=\"4211\" class=\"elementor elementor-4211 elementor-868\">\r\n\t\t\t\t\t\t\t\t\t<section class=\"elementor-section elementor-top-section elementor-element elementor-element-5119c6c8 elementor-section-boxed elementor-section-height-default elementor-section-height-default\" data-id=\"5119c6c8\" data-element_type=\"section\">\r\n\t\t\t\t\t\t<div class=\"elementor-container elementor-column-gap-default\">\r\n\t\t\t\t\t<div class=\"elementor-column elementor-col-100 elementor-top-column elementor-element elementor-element-53cf892b\" data-id=\"53cf892b\" data-element_type=\"column\">\r\n\t\t\t<div class=\"elementor-widget-wrap elementor-element-populated\">\r\n\t\t\t\t\t\t\t\t<div class=\"elementor-element elementor-element-6cce2be8 elementor-widget elementor-widget-text-editor\" data-id=\"6cce2be8\" data-element_type=\"widget\" data-widget_type=\"text-editor.default\">\r\n\t\t\t\t<div class=\"elementor-widget-container\">\r\n\t\t\t<style>\/*! elementor - v3.12.2 - 23-04-2023 *\/\r\n.elementor-widget-text-editor.elementor-drop-cap-view-stacked .elementor-drop-cap{background-color:#69727d;color:#fff}.elementor-widget-text-editor.elementor-drop-cap-view-framed .elementor-drop-cap{color:#69727d;border:3px solid;background-color:transparent}.elementor-widget-text-editor:not(.elementor-drop-cap-view-default) .elementor-drop-cap{margin-top:8px}.elementor-widget-text-editor:not(.elementor-drop-cap-view-default) .elementor-drop-cap-letter{width:1em;height:1em}.elementor-widget-text-editor .elementor-drop-cap{float:left;text-align:center;line-height:1;font-size:50px}.elementor-widget-text-editor .elementor-drop-cap-letter{display:inline-block}<\/style>\t\t\t\t<div><p>Apr\u00e8s avoir achet\u00e9 votre propri\u00e9t\u00e9, une r\u00e9novation \u00e0 votre go\u00fbt peut \u00eatre n\u00e9cessaire.<\/p><p>Nous sommes experts dans l&rsquo;\u00e9valuation de l&rsquo;ADN de notre client si un studio d&rsquo;architecture ou de design d&rsquo;int\u00e9rieur est n\u00e9cessaire pour r\u00e9nover votre nouvelle propri\u00e9t\u00e9.<\/p><p>Du minimaliste au classique, qu&rsquo;il soit moderne, contemporain ou traditionnel, la valeur intrins\u00e8que du design contemplatif sera toujours la devise pour trouver l&rsquo;architecte ou le designer qui correspond le mieux \u00e0 votre histoire personnelle et \u00e0 vos attentes en mati\u00e8re d\u2019esth\u00e9tique.<\/p><p>Nous accompagnons les travaux de construction et de d\u00e9coration, que ce soit par la conception du projet d&rsquo;int\u00e9rieur ou en garantissant la livraison des commandes, installation et montage inclus.<\/p><p>Comptez sur nos conseils pour vous guider dans le plus vaste des choix.<\/p><p>Pour r\u00e9pondre \u00e0 vos besoins, n&rsquo;h\u00e9sitez pas \u00e0 nous contacter \u00e0 l&rsquo;adresse <a href=\"mailto:contact@curated.pt\">contact@curated.pt<\/a><\/p><\/div>\t\t\t\t\t\t<\/div>\r\n\t\t\t\t<\/div>\r\n\t\t\t\t\t<\/div>\r\n\t\t<\/div>\r\n\t\t\t\t\t\t\t<\/div>\r\n\t\t<\/section>\r\n\t\t\t\t\t\t\t<\/div>\r\n\t\t","protected":false},"excerpt":{"rendered":"<p>Apr\u00e8s avoir achet\u00e9 votre propri\u00e9t\u00e9, une r\u00e9novation \u00e0 votre go\u00fbt peut \u00eatre n\u00e9cessaire. Nous sommes experts dans l&rsquo;\u00e9valuation de l&rsquo;ADN de notre client si un studio d&rsquo;architecture ou de design&#46;&#46;&#46;<\/p>\n","protected":false},"author":1,"featured_media":3387,"parent":0,"menu_order":0,"comment_status":"closed","ping_status":"closed","template":"page-templates\/default-page.php","meta":{"footnotes":""},"_links":{"self":[{"href":"https:\/\/curated.pt\/fr\/wp-json\/wp\/v2\/pages\/4211"}],"collection":[{"href":"https:\/\/curated.pt\/fr\/wp-json\/wp\/v2\/pages"}],"about":[{"href":"https:\/\/curated.pt\/fr\/wp-json\/wp\/v2\/types\/page"}],"author":[{"embeddable":true,"href":"https:\/\/curated.pt\/fr\/wp-json\/wp\/v2\/users\/1"}],"replies":[{"embeddable":true,"href":"https:\/\/curated.pt\/fr\/wp-json\/wp\/v2\/comments?post=4211"}],"version-history":[{"count":10,"href":"https:\/\/curated.pt\/fr\/wp-json\/wp\/v2\/pages\/4211\/revisions"}],"predecessor-version":[{"id":4434,"href":"https:\/\/curated.pt\/fr\/wp-json\/wp\/v2\/pages\/4211\/revisions\/4434"}],"wp:featuredmedia":[{"embeddable":true,"href":"https:\/\/curated.pt\/fr\/wp-json\/wp\/v2\/media\/3387"}],"wp:attachment":[{"href":"https:\/\/curated.pt\/fr\/wp-json\/wp\/v2\/media?parent=4211"}],"curies":[{"name":"wp","href":"https:\/\/api.w.org\/{rel}","templated":true}]}}