
{"id":4213,"date":"2021-08-17T08:11:56","date_gmt":"2021-08-17T08:11:56","guid":{"rendered":"https:\/\/portugalcurated.pt\/newcuratedinvestments\/o-que-nos-diferencia\/"},"modified":"2024-11-15T14:09:15","modified_gmt":"2024-11-15T14:09:15","slug":"ce-qui-nous-differencie","status":"publish","type":"page","link":"https:\/\/curated.pt\/fr\/ce-qui-nous-differencie\/","title":{"rendered":"Ce qui nous diff\u00e9rencie\ufffc"},"content":{"rendered":"\t\t<div data-elementor-type=\"wp-page\" data-elementor-id=\"4213\" class=\"elementor elementor-4213 elementor-829\">\r\n\t\t\t\t\t\t\t\t\t<section class=\"elementor-section elementor-top-section elementor-element elementor-element-93bd6e0 elementor-section-boxed elementor-section-height-default elementor-section-height-default\" data-id=\"93bd6e0\" data-element_type=\"section\">\r\n\t\t\t\t\t\t<div class=\"elementor-container elementor-column-gap-default\">\r\n\t\t\t\t\t<div class=\"elementor-column elementor-col-100 elementor-top-column elementor-element elementor-element-6721ddb4\" data-id=\"6721ddb4\" data-element_type=\"column\">\r\n\t\t\t<div class=\"elementor-widget-wrap elementor-element-populated\">\r\n\t\t\t\t\t\t\t\t<div class=\"elementor-element elementor-element-270011da elementor-widget elementor-widget-text-editor\" data-id=\"270011da\" data-element_type=\"widget\" data-widget_type=\"text-editor.default\">\r\n\t\t\t\t<div class=\"elementor-widget-container\">\r\n\t\t\t<style>\/*! elementor - v3.12.2 - 23-04-2023 *\/\r\n.elementor-widget-text-editor.elementor-drop-cap-view-stacked .elementor-drop-cap{background-color:#69727d;color:#fff}.elementor-widget-text-editor.elementor-drop-cap-view-framed .elementor-drop-cap{color:#69727d;border:3px solid;background-color:transparent}.elementor-widget-text-editor:not(.elementor-drop-cap-view-default) .elementor-drop-cap{margin-top:8px}.elementor-widget-text-editor:not(.elementor-drop-cap-view-default) .elementor-drop-cap-letter{width:1em;height:1em}.elementor-widget-text-editor .elementor-drop-cap{float:left;text-align:center;line-height:1;font-size:50px}.elementor-widget-text-editor .elementor-drop-cap-letter{display:inline-block}<\/style>\t\t\t\t<div>\n<div>\n<div>Nous sommes une <strong>soci\u00e9t\u00e9 d&rsquo;investissement immobilier op\u00e9rant au Portugal<\/strong>, sp\u00e9cialis\u00e9e dans la conservation de biens immobiliers &#8211; b\u00e2timents, terrains, h\u00f4tels, nouveaux d\u00e9veloppements, r\u00e9sidentiels et commerciaux &#8211; pour des clients et des investisseurs tr\u00e8s exigeants.<\/div>\n<div><\/div>\n<div>Notre <strong>r\u00e9seau influent<\/strong> nous permet d&rsquo;acc\u00e9der \u00e0 de nombreux contacts nationaux et internationaux et de nous concentrer sur les <strong>propri\u00e9t\u00e9s patrimoniales et esth\u00e9tiques<\/strong>.<\/div>\n<\/div>\n<div>&nbsp;<span style=\"color: var( --e-global-color-text ); font-family: var( --e-global-typography-text-font-family ), Sans-serif;\">&nbsp;<\/span><\/div>\n<\/div>\n<div>Nous mettons un point d&rsquo;honneur \u00e0 r\u00e9unir propri\u00e9taires et investisseurs exigeants, <strong>toujours dans la plus grande discr\u00e9tion<\/strong>, quel que soit votre budget et en respectant vos exigences sp\u00e9cifiques.L&rsquo;offre de services est tout compris, combinant la propri\u00e9t\u00e9 de vos r\u00eaves avec un r\u00e9seau solide pour diff\u00e9rents services : juridique, financier, fiscaliste, service de relocation sur mesure, golden visa, r\u00e9sidents non habituels, statut de r\u00e9sident et investissement \u00e0 distance.<\/div>\n<div><\/div>\n<div>Notre r\u00e9seau nous permet \u00e9galement de mettre nos clients en relation avec un groupe tri\u00e9 sur le volet d&rsquo;architectes, d&rsquo;architectes d&rsquo;int\u00e9rieur et d&rsquo;entrepreneurs, ainsi qu&rsquo;\u00e0 un concierge et \u00e0 un acc\u00e8s \u00e0 l&rsquo;art et aux antiquit\u00e9s.<br><br>\nCompte tenu de l&rsquo;histoire de son p\u00e8re, antiquaire, qui a d\u00e9couvert le premier livre imprim\u00e9 au Portugal, notre fondatrice a<strong> une affection toute particuli\u00e8re pour le patrimoine<\/strong>. Le patrimoine, l&rsquo;esth\u00e9tique, mais surtout <strong>la qualit\u00e9 et l&rsquo;excellence<\/strong> sont tr\u00e8s importants pour CURATED Investments.<\/div>\n<div><\/div>\n<div>Avec un <strong>portefeuille de propri\u00e9t\u00e9s tri\u00e9es<\/strong> sur le volet, associ\u00e9 \u00e0 un <strong>service sur mesure complet<\/strong>, nous allions une <strong>exp\u00e9rience unique<\/strong>, o\u00f9 l&rsquo;esth\u00e9tique, la qualit\u00e9, mais surtout votre temps sont \u00e9lev\u00e9s au rang de priorit\u00e9s, avec notre service irr\u00e9prochable.<br><br><\/div>\n<div><\/div>\n<div>Contactez-nous \u00e0&nbsp;<a href=\"mailto:contact@curated.pt\">contact@curated.pt<\/a><\/div>\t\t\t\t\t\t<\/div>\r\n\t\t\t\t<\/div>\r\n\t\t\t\t\t<\/div>\r\n\t\t<\/div>\r\n\t\t\t\t\t\t\t<\/div>\r\n\t\t<\/section>\r\n\t\t\t\t\t\t\t<\/div>\r\n\t\t","protected":false},"excerpt":{"rendered":"<p>Nous sommes une soci\u00e9t\u00e9 d&rsquo;investissement immobilier op\u00e9rant au Portugal, sp\u00e9cialis\u00e9e dans la conservation de biens immobiliers &#8211; b\u00e2timents, terrains, h\u00f4tels, nouveaux d\u00e9veloppements, r\u00e9sidentiels et commerciaux &#8211; pour des clients et&#46;&#46;&#46;<\/p>\n","protected":false},"author":1,"featured_media":3907,"parent":0,"menu_order":0,"comment_status":"closed","ping_status":"closed","template":"page-templates\/default-page.php","meta":{"footnotes":""},"_links":{"self":[{"href":"https:\/\/curated.pt\/fr\/wp-json\/wp\/v2\/pages\/4213"}],"collection":[{"href":"https:\/\/curated.pt\/fr\/wp-json\/wp\/v2\/pages"}],"about":[{"href":"https:\/\/curated.pt\/fr\/wp-json\/wp\/v2\/types\/page"}],"author":[{"embeddable":true,"href":"https:\/\/curated.pt\/fr\/wp-json\/wp\/v2\/users\/1"}],"replies":[{"embeddable":true,"href":"https:\/\/curated.pt\/fr\/wp-json\/wp\/v2\/comments?post=4213"}],"version-history":[{"count":15,"href":"https:\/\/curated.pt\/fr\/wp-json\/wp\/v2\/pages\/4213\/revisions"}],"predecessor-version":[{"id":4911,"href":"https:\/\/curated.pt\/fr\/wp-json\/wp\/v2\/pages\/4213\/revisions\/4911"}],"wp:featuredmedia":[{"embeddable":true,"href":"https:\/\/curated.pt\/fr\/wp-json\/wp\/v2\/media\/3907"}],"wp:attachment":[{"href":"https:\/\/curated.pt\/fr\/wp-json\/wp\/v2\/media?parent=4213"}],"curies":[{"name":"wp","href":"https:\/\/api.w.org\/{rel}","templated":true}]}}