
{"id":4598,"date":"2023-04-21T11:08:50","date_gmt":"2023-04-21T11:08:50","guid":{"rendered":"https:\/\/portugalcurated.pt\/newcuratedinvestments\/area-lisbon\/"},"modified":"2024-02-29T18:01:13","modified_gmt":"2024-02-29T18:01:13","slug":"area-lisbonne","status":"publish","type":"page","link":"https:\/\/curated.pt\/fr\/area-lisbonne\/","title":{"rendered":"Lisbonne"},"content":{"rendered":"\t\t<div data-elementor-type=\"wp-page\" data-elementor-id=\"4598\" class=\"elementor elementor-4598 elementor-4451\">\r\n\t\t\t\t\t\t\t\t\t<section class=\"elementor-section elementor-top-section elementor-element elementor-element-6ca5efe elementor-section-boxed elementor-section-height-default elementor-section-height-default\" data-id=\"6ca5efe\" data-element_type=\"section\">\r\n\t\t\t\t\t\t<div class=\"elementor-container elementor-column-gap-default\">\r\n\t\t\t\t\t<div class=\"elementor-column elementor-col-100 elementor-top-column elementor-element elementor-element-5fd5936\" data-id=\"5fd5936\" data-element_type=\"column\">\r\n\t\t\t<div class=\"elementor-widget-wrap elementor-element-populated\">\r\n\t\t\t\t\t\t\t\t<div class=\"elementor-element elementor-element-5c1f5b3 elementor-widget elementor-widget-text-editor\" data-id=\"5c1f5b3\" data-element_type=\"widget\" data-widget_type=\"text-editor.default\">\r\n\t\t\t\t<div class=\"elementor-widget-container\">\r\n\t\t\t<style>\/*! elementor - v3.12.2 - 23-04-2023 *\/\r\n.elementor-widget-text-editor.elementor-drop-cap-view-stacked .elementor-drop-cap{background-color:#69727d;color:#fff}.elementor-widget-text-editor.elementor-drop-cap-view-framed .elementor-drop-cap{color:#69727d;border:3px solid;background-color:transparent}.elementor-widget-text-editor:not(.elementor-drop-cap-view-default) .elementor-drop-cap{margin-top:8px}.elementor-widget-text-editor:not(.elementor-drop-cap-view-default) .elementor-drop-cap-letter{width:1em;height:1em}.elementor-widget-text-editor .elementor-drop-cap{float:left;text-align:center;line-height:1;font-size:50px}.elementor-widget-text-editor .elementor-drop-cap-letter{display:inline-block}<\/style>\t\t\t\t<p>Lisbonne, au Portugal, est une destination prometteuse pour les investisseurs en raison de son \u00e9conomie dynamique, de sa situation strat\u00e9gique et de son march\u00e9 immobilier attractif. En tant que capitale, Lisbonne a connu une croissance \u00e9conomique significative ces derni\u00e8res ann\u00e9es, gr\u00e2ce \u00e0 un secteur technologique florissant, au tourisme et \u00e0 une sc\u00e8ne de start-ups en plein essor.<\/p><p>La situation strat\u00e9gique de la ville au sein de l&rsquo;Europe en fait une porte d&rsquo;entr\u00e9e pour les affaires et le commerce, ce qui renforce encore son attrait pour les investisseurs. En outre, Lisbonne offre un co\u00fbt de la vie relativement bas par rapport \u00e0 d&rsquo;autres capitales europ\u00e9ennes, ce qui en fait une option attrayante pour les entreprises comme pour les particuliers.<\/p><p>Le march\u00e9 de l&rsquo;immobilier \u00e0 Lisbonne est \u00e9galement en hausse, avec une augmentation constante de la valeur des propri\u00e9t\u00e9s et une demande croissante de propri\u00e9t\u00e9s locatives. Avec un riche patrimoine culturel, un climat doux et une atmosph\u00e8re accueillante, Lisbonne offre non seulement un environnement commercial favorable, mais aussi une excellente qualit\u00e9 de vie pour les r\u00e9sidents et les investisseurs.<\/p><p>Pour r\u00e9pondre \u00e0 vos besoins, n\u2019h\u00e9sitez pas \u00e0 nous contacter \u00e0 l\u2019adresse\u00a0<a href=\"mailto:contact@curated.pt\">contact@curated.pt<\/a><\/p>\t\t\t\t\t\t<\/div>\r\n\t\t\t\t<\/div>\r\n\t\t\t\t\t<\/div>\r\n\t\t<\/div>\r\n\t\t\t\t\t\t\t<\/div>\r\n\t\t<\/section>\r\n\t\t\t\t\t\t\t<\/div>\r\n\t\t","protected":false},"excerpt":{"rendered":"<p>Lisbonne, au Portugal, est une destination prometteuse pour les investisseurs en raison de son \u00e9conomie dynamique, de sa situation strat\u00e9gique et de son march\u00e9 immobilier attractif. En tant que capitale,&#46;&#46;&#46;<\/p>\n","protected":false},"author":1,"featured_media":4567,"parent":0,"menu_order":0,"comment_status":"closed","ping_status":"closed","template":"page-templates\/default-page.php","meta":{"footnotes":""},"_links":{"self":[{"href":"https:\/\/curated.pt\/fr\/wp-json\/wp\/v2\/pages\/4598"}],"collection":[{"href":"https:\/\/curated.pt\/fr\/wp-json\/wp\/v2\/pages"}],"about":[{"href":"https:\/\/curated.pt\/fr\/wp-json\/wp\/v2\/types\/page"}],"author":[{"embeddable":true,"href":"https:\/\/curated.pt\/fr\/wp-json\/wp\/v2\/users\/1"}],"replies":[{"embeddable":true,"href":"https:\/\/curated.pt\/fr\/wp-json\/wp\/v2\/comments?post=4598"}],"version-history":[{"count":8,"href":"https:\/\/curated.pt\/fr\/wp-json\/wp\/v2\/pages\/4598\/revisions"}],"predecessor-version":[{"id":4627,"href":"https:\/\/curated.pt\/fr\/wp-json\/wp\/v2\/pages\/4598\/revisions\/4627"}],"wp:featuredmedia":[{"embeddable":true,"href":"https:\/\/curated.pt\/fr\/wp-json\/wp\/v2\/media\/4567"}],"wp:attachment":[{"href":"https:\/\/curated.pt\/fr\/wp-json\/wp\/v2\/media?parent=4598"}],"curies":[{"name":"wp","href":"https:\/\/api.w.org\/{rel}","templated":true}]}}