
{"id":4599,"date":"2023-04-21T11:18:19","date_gmt":"2023-04-21T11:18:19","guid":{"rendered":"https:\/\/portugalcurated.pt\/newcuratedinvestments\/area-alentejo-algarve\/"},"modified":"2024-02-29T20:10:13","modified_gmt":"2024-02-29T20:10:13","slug":"area-alentejo-algarve","status":"publish","type":"page","link":"https:\/\/curated.pt\/fr\/area-alentejo-algarve\/","title":{"rendered":"Alentejo &#038; Algarve"},"content":{"rendered":"\r\n<p>L&rsquo;investissement dans les entreprises immobili\u00e8res de l&rsquo;Alentejo et de l&rsquo;Algarve offre une opportunit\u00e9 strat\u00e9gique li\u00e9e aux qualit\u00e9s uniques de ces deux r\u00e9gions du Portugal. L&rsquo;Alentejo, avec ses vastes \u00e9tendues de collines ondulantes, ses for\u00eats de ch\u00eanes-li\u00e8ges et ses villes historiques, offre un cadre tranquille et authentique qui s\u00e9duit les personnes \u00e0 la recherche d&rsquo;un mode de vie paisible.<\/p>\r\n<p>L&rsquo;Algarve, quant \u00e0 elle, est dot\u00e9e de plages magnifiques, d&rsquo;un climat m\u00e9diterran\u00e9en et d&rsquo;une sc\u00e8ne culturelle dynamique, ce qui en fait l&rsquo;une des r\u00e9gions pr\u00e9f\u00e9r\u00e9es des touristes et des expatri\u00e9s. Les deux r\u00e9gions b\u00e9n\u00e9ficient de l&rsquo;environnement \u00e9conomique stable et des politiques d&rsquo;investissement du Portugal, ce qui les rend attrayantes pour les projets immobiliers.<\/p>\r\n<p>Le potentiel de l&rsquo;Alentejo r\u00e9side dans ses vastes paysages vierges, qui offrent des possibilit\u00e9s de d\u00e9veloppement durable et respectueux de l&rsquo;environnement, r\u00e9pondant ainsi \u00e0 une demande mondiale croissante pour un mode de vie responsable et attentif. Par ailleurs, l&rsquo;industrie touristique bien \u00e9tablie de l&rsquo;Algarve garantit une demande constante pour diverses offres immobili\u00e8res, des propri\u00e9t\u00e9s de luxe en bord de mer aux complexes de golf. Investir dans des entreprises immobili\u00e8res de l&rsquo;Alentejo et de l&rsquo;Algarve permet donc de constituer un portefeuille \u00e9quilibr\u00e9 avec un potentiel de croissance \u00e0 long terme, en tirant parti de l&rsquo;attrait diversifi\u00e9 et de la stabilit\u00e9 \u00e9conomique de ces r\u00e9gions portugaises distinctes.<\/p>\r\n\r\n\r\n\r\n<p>Pour r\u00e9pondre \u00e0 vos besoins, n\u2019h\u00e9sitez pas \u00e0 nous contacter \u00e0 l\u2019adresse\u00a0<a href=\"mailto:contact@curated.pt\">contact@curated.pt<\/a><\/p>\r\n","protected":false},"excerpt":{"rendered":"<p>L&rsquo;investissement dans les entreprises immobili\u00e8res de l&rsquo;Alentejo et de l&rsquo;Algarve offre une opportunit\u00e9 strat\u00e9gique li\u00e9e aux qualit\u00e9s uniques de ces deux r\u00e9gions du Portugal. L&rsquo;Alentejo, avec ses vastes \u00e9tendues de&#46;&#46;&#46;<\/p>\n","protected":false},"author":1,"featured_media":4576,"parent":0,"menu_order":0,"comment_status":"closed","ping_status":"closed","template":"page-templates\/default-page.php","meta":{"footnotes":""},"_links":{"self":[{"href":"https:\/\/curated.pt\/fr\/wp-json\/wp\/v2\/pages\/4599"}],"collection":[{"href":"https:\/\/curated.pt\/fr\/wp-json\/wp\/v2\/pages"}],"about":[{"href":"https:\/\/curated.pt\/fr\/wp-json\/wp\/v2\/types\/page"}],"author":[{"embeddable":true,"href":"https:\/\/curated.pt\/fr\/wp-json\/wp\/v2\/users\/1"}],"replies":[{"embeddable":true,"href":"https:\/\/curated.pt\/fr\/wp-json\/wp\/v2\/comments?post=4599"}],"version-history":[{"count":3,"href":"https:\/\/curated.pt\/fr\/wp-json\/wp\/v2\/pages\/4599\/revisions"}],"predecessor-version":[{"id":4654,"href":"https:\/\/curated.pt\/fr\/wp-json\/wp\/v2\/pages\/4599\/revisions\/4654"}],"wp:featuredmedia":[{"embeddable":true,"href":"https:\/\/curated.pt\/fr\/wp-json\/wp\/v2\/media\/4576"}],"wp:attachment":[{"href":"https:\/\/curated.pt\/fr\/wp-json\/wp\/v2\/media?parent=4599"}],"curies":[{"name":"wp","href":"https:\/\/api.w.org\/{rel}","templated":true}]}}