
{"id":4602,"date":"2023-04-21T11:17:32","date_gmt":"2023-04-21T11:17:32","guid":{"rendered":"https:\/\/portugalcurated.pt\/newcuratedinvestments\/area-estoril-cascais-sintra\/"},"modified":"2024-02-29T18:34:05","modified_gmt":"2024-02-29T18:34:05","slug":"area-estoril-cascais-sintra","status":"publish","type":"page","link":"https:\/\/curated.pt\/fr\/area-estoril-cascais-sintra\/","title":{"rendered":"Estoril Cascais &#038; Sintra"},"content":{"rendered":"\r\n<p>Investir dans des entreprises immobili\u00e8res \u00e0 Estoril, Cascais et Sintra, situ\u00e9es le long de la Riviera portugaise, est une proposition convaincante qui s&rsquo;appuie sur les attributs uniques de la r\u00e9gion. La Riviera portugaise, avec ses paysages c\u00f4tiers \u00e0 couper le souffle, ses monuments historiques et son style de vie cosmopolite, est devenue une destination de plus en plus populaire, tant pour les touristes que pour ceux qui recherchent une exp\u00e9rience de vie de haute qualit\u00e9.<\/p>\r\n<p>L&rsquo;afflux constant de visiteurs et la tendance croissante \u00e0 l&rsquo;acquisition de r\u00e9sidences secondaires cr\u00e9ent une forte demande pour divers projets immobiliers. Des h\u00f4tels de charme aux stations baln\u00e9aires haut de gamme, des r\u00e9sidences de luxe aux espaces commerciaux, le paysage immobilier diversifi\u00e9 de ces r\u00e9gions offre un large \u00e9ventail d&rsquo;opportunit\u00e9s d&rsquo;investissement. La stabilit\u00e9 de l&rsquo;\u00e9conomie portugaise, le cadre juridique favorable et les incitations gouvernementales pour les investisseurs \u00e9trangers renforcent l&rsquo;attrait d&rsquo;Estoril, de Cascais et de Sintra en tant que sites id\u00e9aux pour les entreprises immobili\u00e8res.<\/p>\r\n<p>Avec des perspectives touristiques prometteuses et une r\u00e9putation de qualit\u00e9 de vie, l&rsquo;investissement dans l&rsquo;immobilier sur la Riviera portugaise s&rsquo;inscrit non seulement dans la tendance mondiale de recherche de march\u00e9s immobiliers attrayants, mais promet \u00e9galement un potentiel de croissance et de rentabilit\u00e9 durables.<\/p>\r\n\r\n\r\n\r\n<p>Pour r\u00e9pondre \u00e0 vos besoins, n\u2019h\u00e9sitez pas \u00e0 nous contacter \u00e0 l\u2019adresse\u00a0<a href=\"mailto:contact@curated.pt\">contact@curated.pt<\/a><\/p>\r\n\r\n\r\n\r\n<p>&nbsp;<\/p>\r\n","protected":false},"excerpt":{"rendered":"<p>Investir dans des entreprises immobili\u00e8res \u00e0 Estoril, Cascais et Sintra, situ\u00e9es le long de la Riviera portugaise, est une proposition convaincante qui s&rsquo;appuie sur les attributs uniques de la r\u00e9gion.&#46;&#46;&#46;<\/p>\n","protected":false},"author":1,"featured_media":4571,"parent":0,"menu_order":0,"comment_status":"closed","ping_status":"closed","template":"page-templates\/default-page.php","meta":{"footnotes":""},"_links":{"self":[{"href":"https:\/\/curated.pt\/fr\/wp-json\/wp\/v2\/pages\/4602"}],"collection":[{"href":"https:\/\/curated.pt\/fr\/wp-json\/wp\/v2\/pages"}],"about":[{"href":"https:\/\/curated.pt\/fr\/wp-json\/wp\/v2\/types\/page"}],"author":[{"embeddable":true,"href":"https:\/\/curated.pt\/fr\/wp-json\/wp\/v2\/users\/1"}],"replies":[{"embeddable":true,"href":"https:\/\/curated.pt\/fr\/wp-json\/wp\/v2\/comments?post=4602"}],"version-history":[{"count":4,"href":"https:\/\/curated.pt\/fr\/wp-json\/wp\/v2\/pages\/4602\/revisions"}],"predecessor-version":[{"id":4637,"href":"https:\/\/curated.pt\/fr\/wp-json\/wp\/v2\/pages\/4602\/revisions\/4637"}],"wp:featuredmedia":[{"embeddable":true,"href":"https:\/\/curated.pt\/fr\/wp-json\/wp\/v2\/media\/4571"}],"wp:attachment":[{"href":"https:\/\/curated.pt\/fr\/wp-json\/wp\/v2\/media?parent=4602"}],"curies":[{"name":"wp","href":"https:\/\/api.w.org\/{rel}","templated":true}]}}