
{"id":4604,"date":"2023-04-21T11:17:54","date_gmt":"2023-04-21T11:17:54","guid":{"rendered":"https:\/\/portugalcurated.pt\/newcuratedinvestments\/area-comporta-melides\/"},"modified":"2024-02-29T19:06:37","modified_gmt":"2024-02-29T19:06:37","slug":"area-comporta-melides","status":"publish","type":"page","link":"https:\/\/curated.pt\/fr\/area-comporta-melides\/","title":{"rendered":"Comporta &#038; Melides"},"content":{"rendered":"\r\n<p>Investir dans des entreprises immobili\u00e8res \u00e0 Comporta et Melides repr\u00e9sente une opportunit\u00e9 convaincante, ancr\u00e9e dans le charme unique et le potentiel inexploit\u00e9 de ces joyaux de la c\u00f4te portugaise. Comporta, connue pour ses plages immacul\u00e9es, ses rizi\u00e8res et son charme traditionnel, est devenue une destination convoit\u00e9e, attirant l&rsquo;attention d&rsquo;investisseurs \u00e0 la recherche d&rsquo;un m\u00e9lange d&rsquo;exclusivit\u00e9 et de beaut\u00e9 naturelle. Melides, avec ses paysages intacts et ses environs tranquilles, offre une \u00e9vasion sereine qui attire ceux qui recherchent une retraite plus isol\u00e9e.<\/p>\r\n<p>Le march\u00e9 immobilier de Comporta et de Melides est encore en pleine \u00e9volution, ce qui permet aux premiers investisseurs de profiter d&rsquo;une destination en plein essor. L&rsquo;attrait de ces r\u00e9gions r\u00e9side non seulement dans leurs paysages pittoresques, mais aussi dans le potentiel de d\u00e9veloppement de propri\u00e9t\u00e9s durables et respectueuses de l&rsquo;environnement, qui s&rsquo;inscrivent dans la tendance mondiale croissante vers un tourisme responsable.<\/p>\r\n<p>Alors que le Portugal continue de gagner en popularit\u00e9 en tant que destination recherch\u00e9e, investir dans des entreprises immobili\u00e8res \u00e0 Comporta et Melides permet aux investisseurs d&rsquo;exploiter la demande croissante de propri\u00e9t\u00e9s distinctives et respectueuses de l&rsquo;environnement, ce qui en fait une perspective attrayante pour ceux qui recherchent \u00e0 la fois des rendements financiers et la satisfaction de contribuer au d\u00e9veloppement de ces lieux idylliques.<\/p>\r\n\r\n\r\n\r\n<p>Pour r\u00e9pondre \u00e0 vos besoins, n\u2019h\u00e9sitez pas \u00e0 nous contacter \u00e0 l\u2019adresse\u00a0<a href=\"mailto:contact@curated.pt\">contact@curated.pt<\/a><\/p>\r\n","protected":false},"excerpt":{"rendered":"<p>Investir dans des entreprises immobili\u00e8res \u00e0 Comporta et Melides repr\u00e9sente une opportunit\u00e9 convaincante, ancr\u00e9e dans le charme unique et le potentiel inexploit\u00e9 de ces joyaux de la c\u00f4te portugaise. Comporta,&#46;&#46;&#46;<\/p>\n","protected":false},"author":1,"featured_media":4574,"parent":0,"menu_order":0,"comment_status":"closed","ping_status":"closed","template":"page-templates\/default-page.php","meta":{"footnotes":""},"_links":{"self":[{"href":"https:\/\/curated.pt\/fr\/wp-json\/wp\/v2\/pages\/4604"}],"collection":[{"href":"https:\/\/curated.pt\/fr\/wp-json\/wp\/v2\/pages"}],"about":[{"href":"https:\/\/curated.pt\/fr\/wp-json\/wp\/v2\/types\/page"}],"author":[{"embeddable":true,"href":"https:\/\/curated.pt\/fr\/wp-json\/wp\/v2\/users\/1"}],"replies":[{"embeddable":true,"href":"https:\/\/curated.pt\/fr\/wp-json\/wp\/v2\/comments?post=4604"}],"version-history":[{"count":3,"href":"https:\/\/curated.pt\/fr\/wp-json\/wp\/v2\/pages\/4604\/revisions"}],"predecessor-version":[{"id":4651,"href":"https:\/\/curated.pt\/fr\/wp-json\/wp\/v2\/pages\/4604\/revisions\/4651"}],"wp:featuredmedia":[{"embeddable":true,"href":"https:\/\/curated.pt\/fr\/wp-json\/wp\/v2\/media\/4574"}],"wp:attachment":[{"href":"https:\/\/curated.pt\/fr\/wp-json\/wp\/v2\/media?parent=4604"}],"curies":[{"name":"wp","href":"https:\/\/api.w.org\/{rel}","templated":true}]}}