
{"id":4606,"date":"2023-04-21T11:19:20","date_gmt":"2023-04-21T11:19:20","guid":{"rendered":"https:\/\/portugalcurated.pt\/newcuratedinvestments\/area-islands\/"},"modified":"2024-02-29T20:26:27","modified_gmt":"2024-02-29T20:26:27","slug":"area-islands","status":"publish","type":"page","link":"https:\/\/curated.pt\/fr\/area-islands\/","title":{"rendered":"Islands"},"content":{"rendered":"\r\n<p>Investir dans des entreprises immobili\u00e8res \u00e0 Mad\u00e8re et aux A\u00e7ores offre une opportunit\u00e9 convaincante, enracin\u00e9e dans la beaut\u00e9 naturelle et l&rsquo;attrait unique de ces archipels portugais.<\/p>\r\n<p>Mad\u00e8re, surnomm\u00e9e la \u00ab\u00a0Perle de l&rsquo;Atlantique\u00a0\u00bb, offre un climat subtropical, des paysages luxuriants et une atmosph\u00e8re accueillante. Les A\u00e7ores, un groupe d&rsquo;\u00eeles volcaniques, offrent des paysages \u00e9poustouflants, notamment des lacs de crat\u00e8re, des sources d&rsquo;eau chaude et des villages c\u00f4tiers pittoresques. Ces deux r\u00e9gions deviennent des destinations touristiques de plus en plus populaires, attirant des visiteurs en qu\u00eate d&rsquo;aventure, de nature et de tranquillit\u00e9.<\/p>\r\n<p>Investir dans l&rsquo;immobilier \u00e0 Mad\u00e8re et aux A\u00e7ores offre un large \u00e9ventail d&rsquo;opportunit\u00e9s, depuis les h\u00f4tels de charme et les locations de vacances jusqu&rsquo;aux projets \u00e9cologiques qui s&rsquo;inscrivent dans la tendance croissante du tourisme durable. L&rsquo;engagement du gouvernement portugais \u00e0 favoriser la croissance \u00e9conomique dans ces r\u00e9gions, associ\u00e9 au potentiel d&rsquo;exp\u00e9riences uniques et authentiques, fait de l&rsquo;investissement immobilier \u00e0 Mad\u00e8re et aux A\u00e7ores une perspective attrayante pour ceux qui cherchent \u00e0 capitaliser sur le march\u00e9 touristique en plein essor et sur le charme distinctif de ces \u00eeles paradisiaques.<\/p>\r\n\r\n\r\n\r\n<p>Pour r\u00e9pondre \u00e0 vos besoins, n\u2019h\u00e9sitez pas \u00e0 nous contacter \u00e0 l\u2019adresse\u00a0<a href=\"mailto:contact@curated.pt\">contact@curated.pt<\/a><\/p>\r\n","protected":false},"excerpt":{"rendered":"<p>Investir dans des entreprises immobili\u00e8res \u00e0 Mad\u00e8re et aux A\u00e7ores offre une opportunit\u00e9 convaincante, enracin\u00e9e dans la beaut\u00e9 naturelle et l&rsquo;attrait unique de ces archipels portugais. Mad\u00e8re, surnomm\u00e9e la \u00ab\u00a0Perle&#46;&#46;&#46;<\/p>\n","protected":false},"author":1,"featured_media":4580,"parent":0,"menu_order":0,"comment_status":"closed","ping_status":"closed","template":"page-templates\/default-page.php","meta":{"footnotes":""},"_links":{"self":[{"href":"https:\/\/curated.pt\/fr\/wp-json\/wp\/v2\/pages\/4606"}],"collection":[{"href":"https:\/\/curated.pt\/fr\/wp-json\/wp\/v2\/pages"}],"about":[{"href":"https:\/\/curated.pt\/fr\/wp-json\/wp\/v2\/types\/page"}],"author":[{"embeddable":true,"href":"https:\/\/curated.pt\/fr\/wp-json\/wp\/v2\/users\/1"}],"replies":[{"embeddable":true,"href":"https:\/\/curated.pt\/fr\/wp-json\/wp\/v2\/comments?post=4606"}],"version-history":[{"count":2,"href":"https:\/\/curated.pt\/fr\/wp-json\/wp\/v2\/pages\/4606\/revisions"}],"predecessor-version":[{"id":4663,"href":"https:\/\/curated.pt\/fr\/wp-json\/wp\/v2\/pages\/4606\/revisions\/4663"}],"wp:featuredmedia":[{"embeddable":true,"href":"https:\/\/curated.pt\/fr\/wp-json\/wp\/v2\/media\/4580"}],"wp:attachment":[{"href":"https:\/\/curated.pt\/fr\/wp-json\/wp\/v2\/media?parent=4606"}],"curies":[{"name":"wp","href":"https:\/\/api.w.org\/{rel}","templated":true}]}}