
{"id":4608,"date":"2023-04-21T11:18:46","date_gmt":"2023-04-21T11:18:46","guid":{"rendered":"https:\/\/portugalcurated.pt\/newcuratedinvestments\/area-oporto-douro\/"},"modified":"2024-02-29T20:21:05","modified_gmt":"2024-02-29T20:21:05","slug":"area-oporto-douro","status":"publish","type":"page","link":"https:\/\/curated.pt\/fr\/area-oporto-douro\/","title":{"rendered":"Oporto &#038; Douro"},"content":{"rendered":"\r\n<p>Investir dans des entreprises immobili\u00e8res \u00e0 Porto et dans le Douro repr\u00e9sente une opportunit\u00e9 s\u00e9duisante enracin\u00e9e dans le riche patrimoine culturel et le dynamisme \u00e9conomique de cette r\u00e9gion du nord du Portugal.<\/p>\r\n<p>Porto est une ville historique dot\u00e9e d&rsquo;une culture urbaine florissante, de caves \u00e0 vin renomm\u00e9es et d&rsquo;un centre-ville class\u00e9 par l&rsquo;UNESCO. La vall\u00e9e du Douro, c\u00e9l\u00e8bre pour ses vignobles en terrasses le long des rives, offre des paysages \u00e0 couper le souffle et se trouve au c\u0153ur de la plus ancienne r\u00e9gion viticole d\u00e9limit\u00e9e au monde.<\/p>\r\n<p>La synergie entre le dynamisme urbain de Porto et la beaut\u00e9 des paysages du Douro cr\u00e9e une gamme vari\u00e9e de possibilit\u00e9s immobili\u00e8res, depuis les propri\u00e9t\u00e9s historiques revitalis\u00e9es de Porto jusqu&rsquo;aux domaines viticoles de la vall\u00e9e du Douro. La croissance \u00e9conomique de la r\u00e9gion, soutenue par des secteurs tels que le tourisme, la technologie et la production de vin, renforce encore l&rsquo;attrait pour les investisseurs.<\/p>\r\n<p>Le climat d&rsquo;investissement favorable du Portugal et les initiatives du gouvernement pour stimuler le d\u00e9veloppement \u00e9conomique font de Porto et du Douro un choix strat\u00e9gique pour ceux qui recherchent un investissement immobilier \u00e9quilibr\u00e9 et gratifiant, mariant la richesse culturelle et le potentiel \u00e9conomique.<\/p>\r\n<p>Para mais informa\u00e7\u00f5es, contacte-nos em <a href=\"mailto:contact@curated.pt\">contact@curated.pt<\/a><\/p>\r\n","protected":false},"excerpt":{"rendered":"<p>Investir dans des entreprises immobili\u00e8res \u00e0 Porto et dans le Douro repr\u00e9sente une opportunit\u00e9 s\u00e9duisante enracin\u00e9e dans le riche patrimoine culturel et le dynamisme \u00e9conomique de cette r\u00e9gion du nord&#46;&#46;&#46;<\/p>\n","protected":false},"author":1,"featured_media":4578,"parent":0,"menu_order":0,"comment_status":"closed","ping_status":"closed","template":"page-templates\/default-page.php","meta":{"footnotes":""},"_links":{"self":[{"href":"https:\/\/curated.pt\/fr\/wp-json\/wp\/v2\/pages\/4608"}],"collection":[{"href":"https:\/\/curated.pt\/fr\/wp-json\/wp\/v2\/pages"}],"about":[{"href":"https:\/\/curated.pt\/fr\/wp-json\/wp\/v2\/types\/page"}],"author":[{"embeddable":true,"href":"https:\/\/curated.pt\/fr\/wp-json\/wp\/v2\/users\/1"}],"replies":[{"embeddable":true,"href":"https:\/\/curated.pt\/fr\/wp-json\/wp\/v2\/comments?post=4608"}],"version-history":[{"count":2,"href":"https:\/\/curated.pt\/fr\/wp-json\/wp\/v2\/pages\/4608\/revisions"}],"predecessor-version":[{"id":4661,"href":"https:\/\/curated.pt\/fr\/wp-json\/wp\/v2\/pages\/4608\/revisions\/4661"}],"wp:featuredmedia":[{"embeddable":true,"href":"https:\/\/curated.pt\/fr\/wp-json\/wp\/v2\/media\/4578"}],"wp:attachment":[{"href":"https:\/\/curated.pt\/fr\/wp-json\/wp\/v2\/media?parent=4608"}],"curies":[{"name":"wp","href":"https:\/\/api.w.org\/{rel}","templated":true}]}}