
{"id":3836,"date":"2022-03-31T19:07:03","date_gmt":"2022-03-31T19:07:03","guid":{"rendered":"https:\/\/portugalcurated.pt\/newcuratedinvestments\/arrendar\/"},"modified":"2022-06-08T15:23:15","modified_gmt":"2022-06-08T15:23:15","slug":"arrendar","status":"publish","type":"page","link":"https:\/\/curated.pt\/pt\/arrendar\/","title":{"rendered":"Arrendar"},"content":{"rendered":"\t\t<div data-elementor-type=\"wp-page\" data-elementor-id=\"3836\" class=\"elementor elementor-3836 elementor-1053\">\r\n\t\t\t\t\t\t\t\t\t<section class=\"elementor-section elementor-top-section elementor-element elementor-element-283ba537 elementor-section-boxed elementor-section-height-default elementor-section-height-default\" data-id=\"283ba537\" data-element_type=\"section\">\r\n\t\t\t\t\t\t<div class=\"elementor-container elementor-column-gap-default\">\r\n\t\t\t\t\t<div class=\"elementor-column elementor-col-100 elementor-top-column elementor-element elementor-element-26fe73be\" data-id=\"26fe73be\" data-element_type=\"column\">\r\n\t\t\t<div class=\"elementor-widget-wrap elementor-element-populated\">\r\n\t\t\t\t\t\t\t\t<div class=\"elementor-element elementor-element-bff0d5b elementor-widget elementor-widget-text-editor\" data-id=\"bff0d5b\" data-element_type=\"widget\" data-widget_type=\"text-editor.default\">\r\n\t\t\t\t<div class=\"elementor-widget-container\">\r\n\t\t\t<style>\/*! elementor - v3.12.2 - 23-04-2023 *\/\r\n.elementor-widget-text-editor.elementor-drop-cap-view-stacked .elementor-drop-cap{background-color:#69727d;color:#fff}.elementor-widget-text-editor.elementor-drop-cap-view-framed .elementor-drop-cap{color:#69727d;border:3px solid;background-color:transparent}.elementor-widget-text-editor:not(.elementor-drop-cap-view-default) .elementor-drop-cap{margin-top:8px}.elementor-widget-text-editor:not(.elementor-drop-cap-view-default) .elementor-drop-cap-letter{width:1em;height:1em}.elementor-widget-text-editor .elementor-drop-cap{float:left;text-align:center;line-height:1;font-size:50px}.elementor-widget-text-editor .elementor-drop-cap-letter{display:inline-block}<\/style>\t\t\t\t<div><div><div><p><span lang=\"PT\">O arrendamento n\u00e3o \u00e9 o nosso neg\u00f3cio principal, mas atrav\u00e9s da nossa rede de contactos e das nossas parcerias com as principais ag\u00eancias imobili\u00e1rias, podemos ajud\u00e1-lo a encontrar a casa que precisa, seja por um per\u00edodo tempor\u00e1rio ou por per\u00edodos mais longos.<\/span><\/p><\/div><div><p><span lang=\"PT\">Diga-nos as suas necessidades e encontraremos a casa que procura.<\/span><\/p><\/div><div><span lang=\"PT\">Para ajudar contacte-nos em <\/span><\/div><p><a href=\"mailto:contact@curated.pt\">contact@curated.pt<\/a><\/p><\/div><\/div>\t\t\t\t\t\t<\/div>\r\n\t\t\t\t<\/div>\r\n\t\t\t\t\t<\/div>\r\n\t\t<\/div>\r\n\t\t\t\t\t\t\t<\/div>\r\n\t\t<\/section>\r\n\t\t\t\t\t\t\t<\/div>\r\n\t\t","protected":false},"excerpt":{"rendered":"<p>O arrendamento n\u00e3o \u00e9 o nosso neg\u00f3cio principal, mas atrav\u00e9s da nossa rede de contactos e das nossas parcerias com as principais ag\u00eancias imobili\u00e1rias, podemos ajud\u00e1-lo a encontrar a casa&#46;&#46;&#46;<\/p>\n","protected":false},"author":1,"featured_media":3839,"parent":0,"menu_order":0,"comment_status":"closed","ping_status":"closed","template":"page-templates\/default-page.php","meta":{"footnotes":""},"_links":{"self":[{"href":"https:\/\/curated.pt\/pt\/wp-json\/wp\/v2\/pages\/3836"}],"collection":[{"href":"https:\/\/curated.pt\/pt\/wp-json\/wp\/v2\/pages"}],"about":[{"href":"https:\/\/curated.pt\/pt\/wp-json\/wp\/v2\/types\/page"}],"author":[{"embeddable":true,"href":"https:\/\/curated.pt\/pt\/wp-json\/wp\/v2\/users\/1"}],"replies":[{"embeddable":true,"href":"https:\/\/curated.pt\/pt\/wp-json\/wp\/v2\/comments?post=3836"}],"version-history":[{"count":1,"href":"https:\/\/curated.pt\/pt\/wp-json\/wp\/v2\/pages\/3836\/revisions"}],"predecessor-version":[{"id":3846,"href":"https:\/\/curated.pt\/pt\/wp-json\/wp\/v2\/pages\/3836\/revisions\/3846"}],"wp:featuredmedia":[{"embeddable":true,"href":"https:\/\/curated.pt\/pt\/wp-json\/wp\/v2\/media\/3839"}],"wp:attachment":[{"href":"https:\/\/curated.pt\/pt\/wp-json\/wp\/v2\/media?parent=3836"}],"curies":[{"name":"wp","href":"https:\/\/api.w.org\/{rel}","templated":true}]}}