
{"id":3848,"date":"2021-08-17T08:50:42","date_gmt":"2021-08-17T08:50:42","guid":{"rendered":"https:\/\/portugalcurated.pt\/newcuratedinvestments\/art-advisory\/"},"modified":"2022-06-11T09:07:04","modified_gmt":"2022-06-11T09:07:04","slug":"consultoria-em-arte","status":"publish","type":"page","link":"https:\/\/curated.pt\/pt\/consultoria-em-arte\/","title":{"rendered":"Consultoria em Arte"},"content":{"rendered":"\t\t<div data-elementor-type=\"wp-page\" data-elementor-id=\"3848\" class=\"elementor elementor-3848 elementor-869\">\r\n\t\t\t\t\t\t\t\t\t<section class=\"elementor-section elementor-top-section elementor-element elementor-element-11ea1b55 elementor-section-boxed elementor-section-height-default elementor-section-height-default\" data-id=\"11ea1b55\" data-element_type=\"section\">\r\n\t\t\t\t\t\t<div class=\"elementor-container elementor-column-gap-default\">\r\n\t\t\t\t\t<div class=\"elementor-column elementor-col-100 elementor-top-column elementor-element elementor-element-6c2488a5\" data-id=\"6c2488a5\" data-element_type=\"column\">\r\n\t\t\t<div class=\"elementor-widget-wrap elementor-element-populated\">\r\n\t\t\t\t\t\t\t\t<div class=\"elementor-element elementor-element-57552d47 elementor-widget elementor-widget-text-editor\" data-id=\"57552d47\" data-element_type=\"widget\" data-widget_type=\"text-editor.default\">\r\n\t\t\t\t<div class=\"elementor-widget-container\">\r\n\t\t\t<style>\/*! elementor - v3.12.2 - 23-04-2023 *\/\r\n.elementor-widget-text-editor.elementor-drop-cap-view-stacked .elementor-drop-cap{background-color:#69727d;color:#fff}.elementor-widget-text-editor.elementor-drop-cap-view-framed .elementor-drop-cap{color:#69727d;border:3px solid;background-color:transparent}.elementor-widget-text-editor:not(.elementor-drop-cap-view-default) .elementor-drop-cap{margin-top:8px}.elementor-widget-text-editor:not(.elementor-drop-cap-view-default) .elementor-drop-cap-letter{width:1em;height:1em}.elementor-widget-text-editor .elementor-drop-cap{float:left;text-align:center;line-height:1;font-size:50px}.elementor-widget-text-editor .elementor-drop-cap-letter{display:inline-block}<\/style>\t\t\t\t<div><div><p><span lang=\"PT\">Trabalhamos com antiguidades e artistas de forma privilegiada, podendo oferecer o atendimento e contato aos mais conceituados Antiqu\u00e1rios, Artistas e Consultores de arte para orientar a escolha de obras ou constru\u00e7\u00e3o de cole\u00e7\u00f5es para compradores, investidores, colecionadores particulares e institucionais, ajudando-os a tra\u00e7ar o seu crit\u00e9rio de sele\u00e7\u00e3o.<\/span><\/p><\/div><div><p><span lang=\"PT\">A nossa assessoria no mundo da aquisi\u00e7\u00e3o de obras de arte \u00e9 sempre acompanhada de visitas a ateli\u00eas de artistas, galerias ou at\u00e9 feiras de arte e antiqu\u00e1rios.<\/span><\/p><\/div><div><p><span lang=\"PT\">Privilegiamos sempre a est\u00e9tica desejada e as obras anteriores da cole\u00e7\u00e3o para encontrar obras de arte que complementem o espa\u00e7o ou a cole\u00e7\u00e3o do investidor.<\/span><\/p><\/div><div><span lang=\"PT\">Para ajudar com as suas necessidades, por favor contacte-nos em <\/span><a href=\"mailto:contact@curated.pt\">contact@curated.pt<\/a><\/div><\/div><p class=\"credit\">photo \u00a9 Sancha.Co collection<\/p>\t\t\t\t\t\t<\/div>\r\n\t\t\t\t<\/div>\r\n\t\t\t\t\t<\/div>\r\n\t\t<\/div>\r\n\t\t\t\t\t\t\t<\/div>\r\n\t\t<\/section>\r\n\t\t\t\t\t\t\t<\/div>\r\n\t\t","protected":false},"excerpt":{"rendered":"<p>Trabalhamos com antiguidades e artistas de forma privilegiada, podendo oferecer o atendimento e contato aos mais conceituados Antiqu\u00e1rios, Artistas e Consultores de arte para orientar a escolha de obras ou&#46;&#46;&#46;<\/p>\n","protected":false},"author":1,"featured_media":3849,"parent":0,"menu_order":0,"comment_status":"closed","ping_status":"closed","template":"page-templates\/default-page.php","meta":{"footnotes":""},"_links":{"self":[{"href":"https:\/\/curated.pt\/pt\/wp-json\/wp\/v2\/pages\/3848"}],"collection":[{"href":"https:\/\/curated.pt\/pt\/wp-json\/wp\/v2\/pages"}],"about":[{"href":"https:\/\/curated.pt\/pt\/wp-json\/wp\/v2\/types\/page"}],"author":[{"embeddable":true,"href":"https:\/\/curated.pt\/pt\/wp-json\/wp\/v2\/users\/1"}],"replies":[{"embeddable":true,"href":"https:\/\/curated.pt\/pt\/wp-json\/wp\/v2\/comments?post=3848"}],"version-history":[{"count":5,"href":"https:\/\/curated.pt\/pt\/wp-json\/wp\/v2\/pages\/3848\/revisions"}],"predecessor-version":[{"id":4064,"href":"https:\/\/curated.pt\/pt\/wp-json\/wp\/v2\/pages\/3848\/revisions\/4064"}],"wp:featuredmedia":[{"embeddable":true,"href":"https:\/\/curated.pt\/pt\/wp-json\/wp\/v2\/media\/3849"}],"wp:attachment":[{"href":"https:\/\/curated.pt\/pt\/wp-json\/wp\/v2\/media?parent=3848"}],"curies":[{"name":"wp","href":"https:\/\/api.w.org\/{rel}","templated":true}]}}