
{"id":3851,"date":"2021-08-17T08:59:37","date_gmt":"2021-08-17T08:59:37","guid":{"rendered":"https:\/\/portugalcurated.pt\/newcuratedinvestments\/carreiras\/"},"modified":"2022-06-08T15:26:04","modified_gmt":"2022-06-08T15:26:04","slug":"carreiras","status":"publish","type":"page","link":"https:\/\/curated.pt\/pt\/carreiras\/","title":{"rendered":"Carreiras"},"content":{"rendered":"\t\t<div data-elementor-type=\"wp-page\" data-elementor-id=\"3851\" class=\"elementor elementor-3851 elementor-890\">\r\n\t\t\t\t\t\t\t\t\t<section class=\"elementor-section elementor-top-section elementor-element elementor-element-1e6e8589 elementor-section-boxed elementor-section-height-default elementor-section-height-default\" data-id=\"1e6e8589\" data-element_type=\"section\">\r\n\t\t\t\t\t\t<div class=\"elementor-container elementor-column-gap-default\">\r\n\t\t\t\t\t<div class=\"elementor-column elementor-col-100 elementor-top-column elementor-element elementor-element-593d53c3\" data-id=\"593d53c3\" data-element_type=\"column\">\r\n\t\t\t<div class=\"elementor-widget-wrap elementor-element-populated\">\r\n\t\t\t\t\t\t\t\t<div class=\"elementor-element elementor-element-72ca123d elementor-widget elementor-widget-text-editor\" data-id=\"72ca123d\" data-element_type=\"widget\" data-widget_type=\"text-editor.default\">\r\n\t\t\t\t<div class=\"elementor-widget-container\">\r\n\t\t\t<style>\/*! elementor - v3.12.2 - 23-04-2023 *\/\r\n.elementor-widget-text-editor.elementor-drop-cap-view-stacked .elementor-drop-cap{background-color:#69727d;color:#fff}.elementor-widget-text-editor.elementor-drop-cap-view-framed .elementor-drop-cap{color:#69727d;border:3px solid;background-color:transparent}.elementor-widget-text-editor:not(.elementor-drop-cap-view-default) .elementor-drop-cap{margin-top:8px}.elementor-widget-text-editor:not(.elementor-drop-cap-view-default) .elementor-drop-cap-letter{width:1em;height:1em}.elementor-widget-text-editor .elementor-drop-cap{float:left;text-align:center;line-height:1;font-size:50px}.elementor-widget-text-editor .elementor-drop-cap-letter{display:inline-block}<\/style>\t\t\t\t<div><div><p><span lang=\"PT\">O amor pelo patrim\u00f3nio est\u00e1 no cora\u00e7\u00e3o da nossa marca.<\/span><\/p><\/div><div><p><span lang=\"PT\">No momento, n\u00e3o temos vagas dispon\u00edveis, mas viver com sentido de excel\u00eancia ser\u00e1 a porta de entrada para oportunidades futuras.<\/span><\/p><\/div><div><p><span lang=\"PT\">Mesmo sem nenhuma vaga em aberto, pode sempre ousar em enviar-nos uma candidatura espont\u00e2nea com as suas ideias.<\/span><\/p><\/div><div><span lang=\"PT\">Todos os candidatos devem enviar um link de perfil do LinkedIn com uma carta de motiva\u00e7\u00e3o para <\/span><a href=\"mailto:contact@curated.pt\">contact@curated.pt<\/a>.<\/div><\/div>\t\t\t\t\t\t<\/div>\r\n\t\t\t\t<\/div>\r\n\t\t\t\t\t<\/div>\r\n\t\t<\/div>\r\n\t\t\t\t\t\t\t<\/div>\r\n\t\t<\/section>\r\n\t\t\t\t\t\t\t<\/div>\r\n\t\t","protected":false},"excerpt":{"rendered":"<p>O amor pelo patrim\u00f3nio est\u00e1 no cora\u00e7\u00e3o da nossa marca. No momento, n\u00e3o temos vagas dispon\u00edveis, mas viver com sentido de excel\u00eancia ser\u00e1 a porta de entrada para oportunidades futuras.&#46;&#46;&#46;<\/p>\n","protected":false},"author":1,"featured_media":3852,"parent":0,"menu_order":0,"comment_status":"closed","ping_status":"closed","template":"page-templates\/default-page.php","meta":{"footnotes":""},"_links":{"self":[{"href":"https:\/\/curated.pt\/pt\/wp-json\/wp\/v2\/pages\/3851"}],"collection":[{"href":"https:\/\/curated.pt\/pt\/wp-json\/wp\/v2\/pages"}],"about":[{"href":"https:\/\/curated.pt\/pt\/wp-json\/wp\/v2\/types\/page"}],"author":[{"embeddable":true,"href":"https:\/\/curated.pt\/pt\/wp-json\/wp\/v2\/users\/1"}],"replies":[{"embeddable":true,"href":"https:\/\/curated.pt\/pt\/wp-json\/wp\/v2\/comments?post=3851"}],"version-history":[{"count":1,"href":"https:\/\/curated.pt\/pt\/wp-json\/wp\/v2\/pages\/3851\/revisions"}],"predecessor-version":[{"id":3853,"href":"https:\/\/curated.pt\/pt\/wp-json\/wp\/v2\/pages\/3851\/revisions\/3853"}],"wp:featuredmedia":[{"embeddable":true,"href":"https:\/\/curated.pt\/pt\/wp-json\/wp\/v2\/media\/3852"}],"wp:attachment":[{"href":"https:\/\/curated.pt\/pt\/wp-json\/wp\/v2\/media?parent=3851"}],"curies":[{"name":"wp","href":"https:\/\/api.w.org\/{rel}","templated":true}]}}