
{"id":3854,"date":"2021-08-17T08:48:41","date_gmt":"2021-08-17T08:48:41","guid":{"rendered":"https:\/\/portugalcurated.pt\/newcuratedinvestments\/comprar\/"},"modified":"2024-02-29T17:57:27","modified_gmt":"2024-02-29T17:57:27","slug":"comprar","status":"publish","type":"page","link":"https:\/\/curated.pt\/pt\/comprar\/","title":{"rendered":"Comprar"},"content":{"rendered":"\t\t<div data-elementor-type=\"wp-page\" data-elementor-id=\"3854\" class=\"elementor elementor-3854 elementor-863\">\r\n\t\t\t\t\t\t\t\t\t<section class=\"elementor-section elementor-top-section elementor-element elementor-element-fd48e25 elementor-section-boxed elementor-section-height-default elementor-section-height-default\" data-id=\"fd48e25\" data-element_type=\"section\">\r\n\t\t\t\t\t\t<div class=\"elementor-container elementor-column-gap-default\">\r\n\t\t\t\t\t<div class=\"elementor-column elementor-col-100 elementor-top-column elementor-element elementor-element-555bfcca\" data-id=\"555bfcca\" data-element_type=\"column\">\r\n\t\t\t<div class=\"elementor-widget-wrap elementor-element-populated\">\r\n\t\t\t\t\t\t\t\t<div class=\"elementor-element elementor-element-37d5e240 elementor-widget elementor-widget-text-editor\" data-id=\"37d5e240\" data-element_type=\"widget\" data-widget_type=\"text-editor.default\">\r\n\t\t\t\t<div class=\"elementor-widget-container\">\r\n\t\t\t<style>\/*! elementor - v3.12.2 - 23-04-2023 *\/\r\n.elementor-widget-text-editor.elementor-drop-cap-view-stacked .elementor-drop-cap{background-color:#69727d;color:#fff}.elementor-widget-text-editor.elementor-drop-cap-view-framed .elementor-drop-cap{color:#69727d;border:3px solid;background-color:transparent}.elementor-widget-text-editor:not(.elementor-drop-cap-view-default) .elementor-drop-cap{margin-top:8px}.elementor-widget-text-editor:not(.elementor-drop-cap-view-default) .elementor-drop-cap-letter{width:1em;height:1em}.elementor-widget-text-editor .elementor-drop-cap{float:left;text-align:center;line-height:1;font-size:50px}.elementor-widget-text-editor .elementor-drop-cap-letter{display:inline-block}<\/style>\t\t\t\t<div><p><span lang=\"PT\">Para ter a melhor experi\u00eancia, contamos com um servi\u00e7o integrado que facilitar\u00e1 todo o processo burocr\u00e1tico de uma compra.<\/span><\/p><\/div><div><p><span lang=\"PT\">A nossa marca foi constru\u00edda para agilizar o seu processo, cuidando de cada fase com todo o cuidado e detalhe, preparada para atender investidores, ou compra de casa pr\u00f3pria, casa de f\u00e9rias ou compras para vistos Gold.<\/span><\/p><\/div><div><p><span lang=\"PT\">Atrav\u00e9s das nossas parcerias estabelecidas com Advogados e Especialistas Fiscais Portugueses, fornecemos uma solu\u00e7\u00e3o \u00e1gil.<\/span><\/p><\/div><div><p>Tamb\u00e9m estamos preparados para aconselh\u00e1-lo sobre a categoria dos Residentes N\u00e3o Habituais seja nas etapas preliminares, nos processos de transa\u00e7\u00e3o, nos custos de compra e custos relacionados cont\u00ednuos de propriedade.<\/p><\/div><div>Para mais informa\u00e7\u00f5es contacte-nos em <a href=\"mailto:contact@curated.pt\">contact@curated.pt<\/a><\/div><p class=\"credit\">photo \u00a9 Marko Roth<\/p>\t\t\t\t\t\t<\/div>\r\n\t\t\t\t<\/div>\r\n\t\t\t\t\t<\/div>\r\n\t\t<\/div>\r\n\t\t\t\t\t\t\t<\/div>\r\n\t\t<\/section>\r\n\t\t\t\t\t\t\t<\/div>\r\n\t\t","protected":false},"excerpt":{"rendered":"<p>Para ter a melhor experi\u00eancia, contamos com um servi\u00e7o integrado que facilitar\u00e1 todo o processo burocr\u00e1tico de uma compra. A nossa marca foi constru\u00edda para agilizar o seu processo, cuidando&#46;&#46;&#46;<\/p>\n","protected":false},"author":1,"featured_media":3855,"parent":0,"menu_order":0,"comment_status":"closed","ping_status":"closed","template":"page-templates\/default-page.php","meta":{"footnotes":""},"_links":{"self":[{"href":"https:\/\/curated.pt\/pt\/wp-json\/wp\/v2\/pages\/3854"}],"collection":[{"href":"https:\/\/curated.pt\/pt\/wp-json\/wp\/v2\/pages"}],"about":[{"href":"https:\/\/curated.pt\/pt\/wp-json\/wp\/v2\/types\/page"}],"author":[{"embeddable":true,"href":"https:\/\/curated.pt\/pt\/wp-json\/wp\/v2\/users\/1"}],"replies":[{"embeddable":true,"href":"https:\/\/curated.pt\/pt\/wp-json\/wp\/v2\/comments?post=3854"}],"version-history":[{"count":4,"href":"https:\/\/curated.pt\/pt\/wp-json\/wp\/v2\/pages\/3854\/revisions"}],"predecessor-version":[{"id":4622,"href":"https:\/\/curated.pt\/pt\/wp-json\/wp\/v2\/pages\/3854\/revisions\/4622"}],"wp:featuredmedia":[{"embeddable":true,"href":"https:\/\/curated.pt\/pt\/wp-json\/wp\/v2\/media\/3855"}],"wp:attachment":[{"href":"https:\/\/curated.pt\/pt\/wp-json\/wp\/v2\/media?parent=3854"}],"curies":[{"name":"wp","href":"https:\/\/api.w.org\/{rel}","templated":true}]}}