
{"id":3859,"date":"2021-08-17T08:50:04","date_gmt":"2021-08-17T08:50:04","guid":{"rendered":"https:\/\/portugalcurated.pt\/newcuratedinvestments\/concierge-relocation\/"},"modified":"2022-06-11T09:12:09","modified_gmt":"2022-06-11T09:12:09","slug":"concierge-e-relocacao","status":"publish","type":"page","link":"https:\/\/curated.pt\/pt\/concierge-e-relocacao\/","title":{"rendered":"Concierge &#038; Reloca\u00e7\u00e3o"},"content":{"rendered":"\t\t<div data-elementor-type=\"wp-page\" data-elementor-id=\"3859\" class=\"elementor elementor-3859 elementor-867\">\r\n\t\t\t\t\t\t\t\t\t<section class=\"elementor-section elementor-top-section elementor-element elementor-element-52af4f11 elementor-section-boxed elementor-section-height-default elementor-section-height-default\" data-id=\"52af4f11\" data-element_type=\"section\">\r\n\t\t\t\t\t\t<div class=\"elementor-container elementor-column-gap-default\">\r\n\t\t\t\t\t<div class=\"elementor-column elementor-col-100 elementor-top-column elementor-element elementor-element-54117c4c\" data-id=\"54117c4c\" data-element_type=\"column\">\r\n\t\t\t<div class=\"elementor-widget-wrap elementor-element-populated\">\r\n\t\t\t\t\t\t\t\t<div class=\"elementor-element elementor-element-67349b69 elementor-widget elementor-widget-text-editor\" data-id=\"67349b69\" data-element_type=\"widget\" data-widget_type=\"text-editor.default\">\r\n\t\t\t\t<div class=\"elementor-widget-container\">\r\n\t\t\t<style>\/*! elementor - v3.12.2 - 23-04-2023 *\/\r\n.elementor-widget-text-editor.elementor-drop-cap-view-stacked .elementor-drop-cap{background-color:#69727d;color:#fff}.elementor-widget-text-editor.elementor-drop-cap-view-framed .elementor-drop-cap{color:#69727d;border:3px solid;background-color:transparent}.elementor-widget-text-editor:not(.elementor-drop-cap-view-default) .elementor-drop-cap{margin-top:8px}.elementor-widget-text-editor:not(.elementor-drop-cap-view-default) .elementor-drop-cap-letter{width:1em;height:1em}.elementor-widget-text-editor .elementor-drop-cap{float:left;text-align:center;line-height:1;font-size:50px}.elementor-widget-text-editor .elementor-drop-cap-letter{display:inline-block}<\/style>\t\t\t\t<div><p>O nosso apoio ao cliente tamb\u00e9m se estende aos servi\u00e7os de Concierge e Reloca\u00e7\u00e3o.<\/p><p>Para elevar a sua estadia em Portugal ao potencial m\u00e1ximo, a nossa fundadora, <a href=\"https:\/\/sancha.co\" target=\"_blank\" rel=\"noopener\">Sancha.Co<\/a>, que trabalhou e trabalha h\u00e1 quase duas d\u00e9cadas na \u00e1rea dos conte\u00fados, tendo sido \u00a0autora do seu pr\u00f3prio programa de televis\u00e3o, partilhando as melhores dicas sobre o melhor, o mais exclusivo de Portugal, sempre com grande sentido de genuinidade, autenticidade e excel\u00eancia.<\/p><p>Na sua Reloca\u00e7\u00e3o, cuidamos de todas os processos para o funcionamento da casa e garantimos a manuten\u00e7\u00e3o do seu im\u00f3vel. Tamb\u00e9m prestamos servi\u00e7os de <em>house sitting<\/em>, desde a gest\u00e3o do condom\u00ednio \u00e0 manuten\u00e7\u00e3o e prepara\u00e7\u00e3o da casa para a sua chegada, entre outros servi\u00e7os.<\/p><p>Para ajudar por favor contacte-nos em <a href=\"mailto:contact@curated.pt\">contact@curated.pt<\/a><\/p><\/div>\t\t\t\t\t\t<\/div>\r\n\t\t\t\t<\/div>\r\n\t\t\t\t\t<\/div>\r\n\t\t<\/div>\r\n\t\t\t\t\t\t\t<\/div>\r\n\t\t<\/section>\r\n\t\t\t\t\t\t\t<\/div>\r\n\t\t","protected":false},"excerpt":{"rendered":"<p>O nosso apoio ao cliente tamb\u00e9m se estende aos servi\u00e7os de Concierge e Reloca\u00e7\u00e3o. Para elevar a sua estadia em Portugal ao potencial m\u00e1ximo, a nossa fundadora, Sancha.Co, que trabalhou&#46;&#46;&#46;<\/p>\n","protected":false},"author":1,"featured_media":3860,"parent":0,"menu_order":0,"comment_status":"closed","ping_status":"closed","template":"page-templates\/default-page.php","meta":{"footnotes":""},"_links":{"self":[{"href":"https:\/\/curated.pt\/pt\/wp-json\/wp\/v2\/pages\/3859"}],"collection":[{"href":"https:\/\/curated.pt\/pt\/wp-json\/wp\/v2\/pages"}],"about":[{"href":"https:\/\/curated.pt\/pt\/wp-json\/wp\/v2\/types\/page"}],"author":[{"embeddable":true,"href":"https:\/\/curated.pt\/pt\/wp-json\/wp\/v2\/users\/1"}],"replies":[{"embeddable":true,"href":"https:\/\/curated.pt\/pt\/wp-json\/wp\/v2\/comments?post=3859"}],"version-history":[{"count":11,"href":"https:\/\/curated.pt\/pt\/wp-json\/wp\/v2\/pages\/3859\/revisions"}],"predecessor-version":[{"id":4050,"href":"https:\/\/curated.pt\/pt\/wp-json\/wp\/v2\/pages\/3859\/revisions\/4050"}],"wp:featuredmedia":[{"embeddable":true,"href":"https:\/\/curated.pt\/pt\/wp-json\/wp\/v2\/media\/3860"}],"wp:attachment":[{"href":"https:\/\/curated.pt\/pt\/wp-json\/wp\/v2\/media?parent=3859"}],"curies":[{"name":"wp","href":"https:\/\/api.w.org\/{rel}","templated":true}]}}