
{"id":3867,"date":"2021-08-17T08:48:48","date_gmt":"2021-08-17T08:48:48","guid":{"rendered":"https:\/\/portugalcurated.pt\/newcuratedinvestments\/for-sellers\/"},"modified":"2022-06-11T09:11:41","modified_gmt":"2022-06-11T09:11:41","slug":"vender","status":"publish","type":"page","link":"https:\/\/curated.pt\/pt\/vender\/","title":{"rendered":"Vender"},"content":{"rendered":"\t\t<div data-elementor-type=\"wp-page\" data-elementor-id=\"3867\" class=\"elementor elementor-3867 elementor-864\">\r\n\t\t\t\t\t\t\t\t\t<section class=\"elementor-section elementor-top-section elementor-element elementor-element-41f2783c elementor-section-boxed elementor-section-height-default elementor-section-height-default\" data-id=\"41f2783c\" data-element_type=\"section\">\r\n\t\t\t\t\t\t<div class=\"elementor-container elementor-column-gap-default\">\r\n\t\t\t\t\t<div class=\"elementor-column elementor-col-100 elementor-top-column elementor-element elementor-element-24911dce\" data-id=\"24911dce\" data-element_type=\"column\">\r\n\t\t\t<div class=\"elementor-widget-wrap elementor-element-populated\">\r\n\t\t\t\t\t\t\t\t<div class=\"elementor-element elementor-element-48f38232 elementor-widget elementor-widget-text-editor\" data-id=\"48f38232\" data-element_type=\"widget\" data-widget_type=\"text-editor.default\">\r\n\t\t\t\t<div class=\"elementor-widget-container\">\r\n\t\t\t<style>\/*! elementor - v3.12.2 - 23-04-2023 *\/\r\n.elementor-widget-text-editor.elementor-drop-cap-view-stacked .elementor-drop-cap{background-color:#69727d;color:#fff}.elementor-widget-text-editor.elementor-drop-cap-view-framed .elementor-drop-cap{color:#69727d;border:3px solid;background-color:transparent}.elementor-widget-text-editor:not(.elementor-drop-cap-view-default) .elementor-drop-cap{margin-top:8px}.elementor-widget-text-editor:not(.elementor-drop-cap-view-default) .elementor-drop-cap-letter{width:1em;height:1em}.elementor-widget-text-editor .elementor-drop-cap{float:left;text-align:center;line-height:1;font-size:50px}.elementor-widget-text-editor .elementor-drop-cap-letter{display:inline-block}<\/style>\t\t\t\t<p style=\"font-weight: 400;\">A CURATED Investments n\u00e3o representa qualquer im\u00f3vel. A escolha de curadoria implica n\u00f3s gostarmos do seu im\u00f3vel e o considerarmos para o nosso portfolio escolhido a dedo.<\/p><p style=\"font-weight: 400;\">Se deseja ver sua propriedade misturada com muitas outras propriedades em sites rotativos, de in\u00fameras propriedades onde n\u00e3o h\u00e1 distin\u00e7\u00e3o do nicho de mercado, talvez a nossa marca n\u00e3o seja a melhor empresa para o ajudar.<\/p><p style=\"font-weight: 400;\">Acreditamos que os tesouros s\u00f3 devem ser apresentados ao mercado que os procura, sempre de forma discreta e em muitos casos sem exposi\u00e7\u00e3o que revele ou identifique o im\u00f3vel, a menos que seja da sua vontade.<\/p><p style=\"font-weight: 400;\">Ao confiar-nos o seu im\u00f3vel, garantimos-lhe a m\u00e1xima discri\u00e7\u00e3o e uma equipa profissional e conhecedora que lhe permitir\u00e1 aceder \u00e0 informa\u00e7\u00e3o atual do mercado, recursos avan\u00e7ados de marketing e publicidade, tanto a n\u00edvel nacional como internacional.<\/p><p style=\"font-weight: 400;\">O que voc\u00ea pode esperar da CURATED Investments:<\/p><ul><li>Planeamento e melhor estrat\u00e9gia de venda do seu im\u00f3vel, sempre com a m\u00e1xima discri\u00e7\u00e3o.<\/li><li>Uma avalia\u00e7\u00e3o justa e precisa do seu im\u00f3vel de acordo com o nosso conhecimento para garantir o melhor pre\u00e7o.<\/li><li>Disposi\u00e7\u00e3o para assinar um NDA (Acordo de Divulga\u00e7\u00e3o Confidencial) para n\u00e3o promover ou revelar que sua propriedade est\u00e1 \u00e0 venda.<\/li><li>Home staging com exposi\u00e7\u00e3o total, fotografia e v\u00eddeos profissionais, promo\u00e7\u00e3o online em portais nacionais e internacionais, vendas privadas, publicidade, campanhas de email, newsletters e Google AdWords s\u00e3o tudo formulas poss\u00edveis, sempre com a sua aprova\u00e7\u00e3o.<\/li><li>Acesso a potenciais compradores atrav\u00e9s da nossa rede de contactos, estrat\u00e9gia de marketing, base de dados e acesso indirecto da nossa extensa lista de outros parceiros imobili\u00e1rios nacionais e internacionais.<\/li><li>Gest\u00e3o das consultas sobre sua propriedade, qualificando os clientes de acordo com suas necessidades individuais antes das visitas, para evitar a exposi\u00e7\u00e3o da propriedade.<\/li><li>Planeamento de visitas, registro de feedback do comprador e comunica\u00e7\u00e3o no formato que melhor lhe convier.<\/li><li>Finalizar a venda atrav\u00e9s de nossa equipa parceira de advogados e cart\u00f3rios, garantindo que todas as partes estejam legalmente protegidas e bem representadas, com tratamento direto livre de intermedi\u00e1rios ou outros colaboradores.<\/li><li>Ter\u00e1 sempre um contacto personalizado para todos os assuntos, tratados no formato que solicitar, tendo em conta a sua agenda.<\/li><li>Inser\u00e7\u00e3o do seu im\u00f3vel numa sele\u00e7\u00e3o de im\u00f3veis sempre escolhida a dedo, com foco no patrim\u00f3nio portugu\u00eas, qualidade e excel\u00eancia imobili\u00e1ria, assente em elevados padr\u00f5es de qualidade e oportunidades de investimento atrativas.<\/li><\/ul><p style=\"font-weight: 400;\"><span style=\"font-weight: 400;\">Para ajudar contacte-nos em <\/span><a href=\"mailto:contact@curated.pt\">contact@curated.pt<\/a><\/p>\t\t\t\t\t\t<\/div>\r\n\t\t\t\t<\/div>\r\n\t\t\t\t\t<\/div>\r\n\t\t<\/div>\r\n\t\t\t\t\t\t\t<\/div>\r\n\t\t<\/section>\r\n\t\t\t\t\t\t\t<\/div>\r\n\t\t","protected":false},"excerpt":{"rendered":"<p>A CURATED Investments n\u00e3o representa qualquer im\u00f3vel. A escolha de curadoria implica n\u00f3s gostarmos do seu im\u00f3vel e o considerarmos para o nosso portfolio escolhido a dedo. Se deseja ver&#46;&#46;&#46;<\/p>\n","protected":false},"author":1,"featured_media":3857,"parent":0,"menu_order":0,"comment_status":"closed","ping_status":"closed","template":"page-templates\/default-page.php","meta":{"footnotes":""},"_links":{"self":[{"href":"https:\/\/curated.pt\/pt\/wp-json\/wp\/v2\/pages\/3867"}],"collection":[{"href":"https:\/\/curated.pt\/pt\/wp-json\/wp\/v2\/pages"}],"about":[{"href":"https:\/\/curated.pt\/pt\/wp-json\/wp\/v2\/types\/page"}],"author":[{"embeddable":true,"href":"https:\/\/curated.pt\/pt\/wp-json\/wp\/v2\/users\/1"}],"replies":[{"embeddable":true,"href":"https:\/\/curated.pt\/pt\/wp-json\/wp\/v2\/comments?post=3867"}],"version-history":[{"count":2,"href":"https:\/\/curated.pt\/pt\/wp-json\/wp\/v2\/pages\/3867\/revisions"}],"predecessor-version":[{"id":4038,"href":"https:\/\/curated.pt\/pt\/wp-json\/wp\/v2\/pages\/3867\/revisions\/4038"}],"wp:featuredmedia":[{"embeddable":true,"href":"https:\/\/curated.pt\/pt\/wp-json\/wp\/v2\/media\/3857"}],"wp:attachment":[{"href":"https:\/\/curated.pt\/pt\/wp-json\/wp\/v2\/media?parent=3867"}],"curies":[{"name":"wp","href":"https:\/\/api.w.org\/{rel}","templated":true}]}}