
{"id":3869,"date":"2021-08-17T08:49:40","date_gmt":"2021-08-17T08:49:40","guid":{"rendered":"https:\/\/portugalcurated.pt\/newcuratedinvestments\/costumer-care-post-sales\/"},"modified":"2024-11-15T09:58:26","modified_gmt":"2024-11-15T09:58:26","slug":"apoio-cliente-e-pos-vendas","status":"publish","type":"page","link":"https:\/\/curated.pt\/pt\/apoio-cliente-e-pos-vendas\/","title":{"rendered":"Apoio Cliente &#038; P\u00f3s Vendas"},"content":{"rendered":"\t\t<div data-elementor-type=\"wp-page\" data-elementor-id=\"3869\" class=\"elementor elementor-3869 elementor-866\">\r\n\t\t\t\t\t\t\t\t\t<section class=\"elementor-section elementor-top-section elementor-element elementor-element-4fb9db67 elementor-section-boxed elementor-section-height-default elementor-section-height-default\" data-id=\"4fb9db67\" data-element_type=\"section\">\r\n\t\t\t\t\t\t<div class=\"elementor-container elementor-column-gap-default\">\r\n\t\t\t\t\t<div class=\"elementor-column elementor-col-100 elementor-top-column elementor-element elementor-element-84911d2\" data-id=\"84911d2\" data-element_type=\"column\">\r\n\t\t\t<div class=\"elementor-widget-wrap elementor-element-populated\">\r\n\t\t\t\t\t\t\t\t<div class=\"elementor-element elementor-element-5a0288e9 elementor-widget elementor-widget-text-editor\" data-id=\"5a0288e9\" data-element_type=\"widget\" data-widget_type=\"text-editor.default\">\r\n\t\t\t\t<div class=\"elementor-widget-container\">\r\n\t\t\t<style>\/*! elementor - v3.12.2 - 23-04-2023 *\/\r\n.elementor-widget-text-editor.elementor-drop-cap-view-stacked .elementor-drop-cap{background-color:#69727d;color:#fff}.elementor-widget-text-editor.elementor-drop-cap-view-framed .elementor-drop-cap{color:#69727d;border:3px solid;background-color:transparent}.elementor-widget-text-editor:not(.elementor-drop-cap-view-default) .elementor-drop-cap{margin-top:8px}.elementor-widget-text-editor:not(.elementor-drop-cap-view-default) .elementor-drop-cap-letter{width:1em;height:1em}.elementor-widget-text-editor .elementor-drop-cap{float:left;text-align:center;line-height:1;font-size:50px}.elementor-widget-text-editor .elementor-drop-cap-letter{display:inline-block}<\/style>\t\t\t\t<div><p><span lang=\"PT\">O nossa fundadora <a href=\"https:\/\/sancha.co\" target=\"_blank\" rel=\"noopener\">Sancha.Co<\/a>\u00a0o \u00e9 apaixonada por patrim\u00f3nio e est\u00e1 h\u00e1 duas d\u00e9cadas no neg\u00f3cio de conte\u00fados como embaixadora da excel\u00eancia de Portugal.<\/span><\/p><\/div><div><p><span lang=\"PT\">A nossas primeiras transa\u00e7\u00f5es foram feitas por meio de indica\u00e7\u00f5es e recomenda\u00e7\u00f5es, por isso temos certeza de que nossa paix\u00e3o \u00e9 o atendimento personalizado constante, ajudando-nos a nos diferenciar e superar as expectativas de nossos clientes.<br \/><br \/><\/span><\/p><\/div><div><p><span lang=\"PT\">Os nossos servi\u00e7os tamb\u00e9m s\u00e3o projetados para fornecer suporte e orienta\u00e7\u00e3o durante as fases de p\u00f3s-venda da compra de im\u00f3veis, incluindo licen\u00e7as e actualiza\u00e7\u00f5es de constru\u00e7\u00e3o, inspe\u00e7\u00f5es, configura\u00e7\u00e3o de utilit\u00e1rios e entrega de chaves, at\u00e9 mesmo ajudando os clientes a se acomodarem com dicas curated sobre de Portugal escolhidos a dedo pela nossa fundadora.<\/span><\/p><\/div><div><span lang=\"PT\">Para ajudar por favor contacte-nos em <\/span><a href=\"mailto:contact@curated.pt\">contact@curated.pt<\/a><\/div>\t\t\t\t\t\t<\/div>\r\n\t\t\t\t<\/div>\r\n\t\t\t\t\t<\/div>\r\n\t\t<\/div>\r\n\t\t\t\t\t\t\t<\/div>\r\n\t\t<\/section>\r\n\t\t\t\t\t\t\t<\/div>\r\n\t\t","protected":false},"excerpt":{"rendered":"<p>O nossa fundadora Sancha.Co\u00a0o \u00e9 apaixonada por patrim\u00f3nio e est\u00e1 h\u00e1 duas d\u00e9cadas no neg\u00f3cio de conte\u00fados como embaixadora da excel\u00eancia de Portugal. A nossas primeiras transa\u00e7\u00f5es foram feitas por&#46;&#46;&#46;<\/p>\n","protected":false},"author":1,"featured_media":3870,"parent":0,"menu_order":0,"comment_status":"closed","ping_status":"closed","template":"page-templates\/default-page.php","meta":{"footnotes":""},"_links":{"self":[{"href":"https:\/\/curated.pt\/pt\/wp-json\/wp\/v2\/pages\/3869"}],"collection":[{"href":"https:\/\/curated.pt\/pt\/wp-json\/wp\/v2\/pages"}],"about":[{"href":"https:\/\/curated.pt\/pt\/wp-json\/wp\/v2\/types\/page"}],"author":[{"embeddable":true,"href":"https:\/\/curated.pt\/pt\/wp-json\/wp\/v2\/users\/1"}],"replies":[{"embeddable":true,"href":"https:\/\/curated.pt\/pt\/wp-json\/wp\/v2\/comments?post=3869"}],"version-history":[{"count":15,"href":"https:\/\/curated.pt\/pt\/wp-json\/wp\/v2\/pages\/3869\/revisions"}],"predecessor-version":[{"id":4896,"href":"https:\/\/curated.pt\/pt\/wp-json\/wp\/v2\/pages\/3869\/revisions\/4896"}],"wp:featuredmedia":[{"embeddable":true,"href":"https:\/\/curated.pt\/pt\/wp-json\/wp\/v2\/media\/3870"}],"wp:attachment":[{"href":"https:\/\/curated.pt\/pt\/wp-json\/wp\/v2\/media?parent=3869"}],"curies":[{"name":"wp","href":"https:\/\/api.w.org\/{rel}","templated":true}]}}