
{"id":3877,"date":"2022-02-09T17:36:01","date_gmt":"2022-02-09T17:36:01","guid":{"rendered":"https:\/\/portugalcurated.pt\/newcuratedinvestments\/home-staging\/"},"modified":"2022-06-11T09:07:24","modified_gmt":"2022-06-11T09:07:24","slug":"encenacao-de-interiores","status":"publish","type":"page","link":"https:\/\/curated.pt\/pt\/encenacao-de-interiores\/","title":{"rendered":"Encena\u00e7\u00e3o de Interiores"},"content":{"rendered":"\t\t<div data-elementor-type=\"wp-page\" data-elementor-id=\"3877\" class=\"elementor elementor-3877 elementor-1001\">\r\n\t\t\t\t\t\t\t\t\t<section class=\"elementor-section elementor-top-section elementor-element elementor-element-62a83e76 elementor-section-boxed elementor-section-height-default elementor-section-height-default\" data-id=\"62a83e76\" data-element_type=\"section\">\r\n\t\t\t\t\t\t<div class=\"elementor-container elementor-column-gap-default\">\r\n\t\t\t\t\t<div class=\"elementor-column elementor-col-100 elementor-top-column elementor-element elementor-element-65a2888a\" data-id=\"65a2888a\" data-element_type=\"column\">\r\n\t\t\t<div class=\"elementor-widget-wrap elementor-element-populated\">\r\n\t\t\t\t\t\t\t\t<div class=\"elementor-element elementor-element-e36b3d8 elementor-widget elementor-widget-text-editor\" data-id=\"e36b3d8\" data-element_type=\"widget\" data-widget_type=\"text-editor.default\">\r\n\t\t\t\t<div class=\"elementor-widget-container\">\r\n\t\t\t<style>\/*! elementor - v3.12.2 - 23-04-2023 *\/\r\n.elementor-widget-text-editor.elementor-drop-cap-view-stacked .elementor-drop-cap{background-color:#69727d;color:#fff}.elementor-widget-text-editor.elementor-drop-cap-view-framed .elementor-drop-cap{color:#69727d;border:3px solid;background-color:transparent}.elementor-widget-text-editor:not(.elementor-drop-cap-view-default) .elementor-drop-cap{margin-top:8px}.elementor-widget-text-editor:not(.elementor-drop-cap-view-default) .elementor-drop-cap-letter{width:1em;height:1em}.elementor-widget-text-editor .elementor-drop-cap{float:left;text-align:center;line-height:1;font-size:50px}.elementor-widget-text-editor .elementor-drop-cap-letter{display:inline-block}<\/style>\t\t\t\t<div><p><span lang=\"PT\">A Encena\u00e7\u00e3o de Interiores tem como miss\u00e3o encenar o interior do seu im\u00f3vel, uma mais-valia para tornar a casa mais atrativa para o maior n\u00famero de potenciais compradores.<\/span><\/p><\/div><div><p><span lang=\"PT\">Esta ser\u00e1 sempre a melhor forma de materializar solu\u00e7\u00f5es arquitet\u00f3nicas e experi\u00eancias est\u00e9ticas para a valoriza\u00e7\u00e3o do im\u00f3vel, para consolidar o neg\u00f3cio rapidamente, sempre atendendo \u00e0s expectativas do mercado. <\/span><\/p><p><span lang=\"PT\">Conte connosco e com nosso servi\u00e7o de <em>Home Staging<\/em> para acrescentar ainda mais valor ao seu de im\u00f3vel.<\/span><\/p><\/div><div><span lang=\"PT\">Para ajudar com as suas necessidades, por favor contacte-nos em <\/span><a href=\"mailto:contact@curated.pt\">contact@curated.pt<\/a><\/div><p class=\"credit\">photo \u00a9 Sancha.Co with Nini Andrade e Silva book<\/p>\t\t\t\t\t\t<\/div>\r\n\t\t\t\t<\/div>\r\n\t\t\t\t\t<\/div>\r\n\t\t<\/div>\r\n\t\t\t\t\t\t\t<\/div>\r\n\t\t<\/section>\r\n\t\t\t\t\t\t\t<\/div>\r\n\t\t","protected":false},"excerpt":{"rendered":"<p>Home Staging has the mission of staging the interior of your property, an added value to making the house more attractive to the greatest number of potential buyers. This will&#46;&#46;&#46;<\/p>\n","protected":false},"author":1,"featured_media":3878,"parent":0,"menu_order":0,"comment_status":"closed","ping_status":"closed","template":"page-templates\/default-page.php","meta":{"footnotes":""},"_links":{"self":[{"href":"https:\/\/curated.pt\/pt\/wp-json\/wp\/v2\/pages\/3877"}],"collection":[{"href":"https:\/\/curated.pt\/pt\/wp-json\/wp\/v2\/pages"}],"about":[{"href":"https:\/\/curated.pt\/pt\/wp-json\/wp\/v2\/types\/page"}],"author":[{"embeddable":true,"href":"https:\/\/curated.pt\/pt\/wp-json\/wp\/v2\/users\/1"}],"replies":[{"embeddable":true,"href":"https:\/\/curated.pt\/pt\/wp-json\/wp\/v2\/comments?post=3877"}],"version-history":[{"count":9,"href":"https:\/\/curated.pt\/pt\/wp-json\/wp\/v2\/pages\/3877\/revisions"}],"predecessor-version":[{"id":4060,"href":"https:\/\/curated.pt\/pt\/wp-json\/wp\/v2\/pages\/3877\/revisions\/4060"}],"wp:featuredmedia":[{"embeddable":true,"href":"https:\/\/curated.pt\/pt\/wp-json\/wp\/v2\/media\/3878"}],"wp:attachment":[{"href":"https:\/\/curated.pt\/pt\/wp-json\/wp\/v2\/media?parent=3877"}],"curies":[{"name":"wp","href":"https:\/\/api.w.org\/{rel}","templated":true}]}}