
{"id":3884,"date":"2022-02-09T17:19:00","date_gmt":"2022-02-09T17:19:00","guid":{"rendered":"https:\/\/portugalcurated.pt\/newcuratedinvestments\/invest-remotely\/"},"modified":"2024-03-05T14:57:40","modified_gmt":"2024-03-05T14:57:40","slug":"investir-remotamente","status":"publish","type":"page","link":"https:\/\/curated.pt\/pt\/investir-remotamente\/","title":{"rendered":"Investir Remotamente"},"content":{"rendered":"\t\t<div data-elementor-type=\"wp-page\" data-elementor-id=\"3884\" class=\"elementor elementor-3884 elementor-997\">\r\n\t\t\t\t\t\t\t\t\t<section class=\"elementor-section elementor-top-section elementor-element elementor-element-5738b04 elementor-section-boxed elementor-section-height-default elementor-section-height-default\" data-id=\"5738b04\" data-element_type=\"section\">\r\n\t\t\t\t\t\t<div class=\"elementor-container elementor-column-gap-default\">\r\n\t\t\t\t\t<div class=\"elementor-column elementor-col-100 elementor-top-column elementor-element elementor-element-16fe808\" data-id=\"16fe808\" data-element_type=\"column\">\r\n\t\t\t<div class=\"elementor-widget-wrap elementor-element-populated\">\r\n\t\t\t\t\t\t\t\t<div class=\"elementor-element elementor-element-13f4c75 elementor-widget elementor-widget-text-editor\" data-id=\"13f4c75\" data-element_type=\"widget\" data-widget_type=\"text-editor.default\">\r\n\t\t\t\t<div class=\"elementor-widget-container\">\r\n\t\t\t<style>\/*! elementor - v3.12.2 - 23-04-2023 *\/\r\n.elementor-widget-text-editor.elementor-drop-cap-view-stacked .elementor-drop-cap{background-color:#69727d;color:#fff}.elementor-widget-text-editor.elementor-drop-cap-view-framed .elementor-drop-cap{color:#69727d;border:3px solid;background-color:transparent}.elementor-widget-text-editor:not(.elementor-drop-cap-view-default) .elementor-drop-cap{margin-top:8px}.elementor-widget-text-editor:not(.elementor-drop-cap-view-default) .elementor-drop-cap-letter{width:1em;height:1em}.elementor-widget-text-editor .elementor-drop-cap{float:left;text-align:center;line-height:1;font-size:50px}.elementor-widget-text-editor .elementor-drop-cap-letter{display:inline-block}<\/style>\t\t\t\t<div>\n<p>Gostamos que os nossos clientes se sintam confiantes neste processo e podemos acompanh\u00e1-los ao longo de todo o processo.<\/p>\n<p>Para o efeito, \u00e9 necess\u00e1rio um n\u00famero de identifica\u00e7\u00e3o. Geralmente, n\u00e3o \u00e9 necess\u00e1rio nomear um representante fiscal, exceto se estiver ou vier a estar brevemente sujeito a tributa\u00e7\u00e3o em Portugal. E, neste caso, se n\u00e3o tiver morada em nenhum pa\u00eds da UE ou em nenhum membro do Espa\u00e7o Econ\u00f3mico Europeu. &nbsp;<\/p>\n<p>Para adquirir um im\u00f3vel, \u00e9 tamb\u00e9m necess\u00e1rio abrir uma conta banc\u00e1ria portuguesa. Para abrir a conta, s\u00e3o necess\u00e1rios documentos de identifica\u00e7\u00e3o e um n\u00famero de identifica\u00e7\u00e3o fiscal.<\/p>\n<p>No caso de uma avalia\u00e7\u00e3o banc\u00e1ria, o banco avalia o valor do im\u00f3vel, que \u00e9 normalmente inferior ao valor de mercado. Com ou sem distin\u00e7\u00e3o, quando o pre\u00e7o de compra for fechado, o processo ser\u00e1 acompanhado pela nossa empresa e por um advogado, indicado por n\u00f3s ou por outra pessoa da sua confian\u00e7a.<\/p>\n<\/div>\n<div>\n<\/div>\n<div><span lang=\"PT\">Para ajudar por favor contacte-nos em <\/span><a href=\"mailto:contact@curated.pt\">contact@curated.pt<\/a><\/div>\n<p>photo \u00a9 Sancha.Co with Nini Andrade e Silva book<\/p>\t\t\t\t\t\t<\/div>\r\n\t\t\t\t<\/div>\r\n\t\t\t\t\t<\/div>\r\n\t\t<\/div>\r\n\t\t\t\t\t\t\t<\/div>\r\n\t\t<\/section>\r\n\t\t\t\t\t\t\t<\/div>\r\n\t\t","protected":false},"excerpt":{"rendered":"<p>Gostamos que os nossos clientes se sintam confiantes neste processo e podemos acompanh\u00e1-los ao longo de todo o processo. Para o efeito, \u00e9 necess\u00e1rio um n\u00famero de identifica\u00e7\u00e3o. Geralmente, n\u00e3o&#46;&#46;&#46;<\/p>\n","protected":false},"author":1,"featured_media":3885,"parent":0,"menu_order":0,"comment_status":"closed","ping_status":"closed","template":"page-templates\/default-page.php","meta":{"footnotes":""},"_links":{"self":[{"href":"https:\/\/curated.pt\/pt\/wp-json\/wp\/v2\/pages\/3884"}],"collection":[{"href":"https:\/\/curated.pt\/pt\/wp-json\/wp\/v2\/pages"}],"about":[{"href":"https:\/\/curated.pt\/pt\/wp-json\/wp\/v2\/types\/page"}],"author":[{"embeddable":true,"href":"https:\/\/curated.pt\/pt\/wp-json\/wp\/v2\/users\/1"}],"replies":[{"embeddable":true,"href":"https:\/\/curated.pt\/pt\/wp-json\/wp\/v2\/comments?post=3884"}],"version-history":[{"count":13,"href":"https:\/\/curated.pt\/pt\/wp-json\/wp\/v2\/pages\/3884\/revisions"}],"predecessor-version":[{"id":4714,"href":"https:\/\/curated.pt\/pt\/wp-json\/wp\/v2\/pages\/3884\/revisions\/4714"}],"wp:featuredmedia":[{"embeddable":true,"href":"https:\/\/curated.pt\/pt\/wp-json\/wp\/v2\/media\/3885"}],"wp:attachment":[{"href":"https:\/\/curated.pt\/pt\/wp-json\/wp\/v2\/media?parent=3884"}],"curies":[{"name":"wp","href":"https:\/\/api.w.org\/{rel}","templated":true}]}}