
{"id":3889,"date":"2021-08-17T08:45:58","date_gmt":"2021-08-17T08:45:58","guid":{"rendered":"https:\/\/portugalcurated.pt\/newcuratedinvestments\/non-habitual-residents\/"},"modified":"2024-03-04T19:49:12","modified_gmt":"2024-03-04T19:49:12","slug":"residentes-nao-habituais","status":"publish","type":"page","link":"https:\/\/curated.pt\/pt\/residentes-nao-habituais\/","title":{"rendered":"Residentes N\u00e3o Habituais"},"content":{"rendered":"\t\t<div data-elementor-type=\"wp-page\" data-elementor-id=\"3889\" class=\"elementor elementor-3889 elementor-854\">\r\n\t\t\t\t\t\t\t\t\t<section class=\"elementor-section elementor-top-section elementor-element elementor-element-96321df elementor-section-boxed elementor-section-height-default elementor-section-height-default\" data-id=\"96321df\" data-element_type=\"section\">\r\n\t\t\t\t\t\t<div class=\"elementor-container elementor-column-gap-default\">\r\n\t\t\t\t\t<div class=\"elementor-column elementor-col-100 elementor-top-column elementor-element elementor-element-ac150a6\" data-id=\"ac150a6\" data-element_type=\"column\">\r\n\t\t\t<div class=\"elementor-widget-wrap elementor-element-populated\">\r\n\t\t\t\t\t\t\t\t<div class=\"elementor-element elementor-element-ad0ec8b elementor-widget elementor-widget-text-editor\" data-id=\"ad0ec8b\" data-element_type=\"widget\" data-widget_type=\"text-editor.default\">\r\n\t\t\t\t<div class=\"elementor-widget-container\">\r\n\t\t\t<style>\/*! elementor - v3.12.2 - 23-04-2023 *\/\r\n.elementor-widget-text-editor.elementor-drop-cap-view-stacked .elementor-drop-cap{background-color:#69727d;color:#fff}.elementor-widget-text-editor.elementor-drop-cap-view-framed .elementor-drop-cap{color:#69727d;border:3px solid;background-color:transparent}.elementor-widget-text-editor:not(.elementor-drop-cap-view-default) .elementor-drop-cap{margin-top:8px}.elementor-widget-text-editor:not(.elementor-drop-cap-view-default) .elementor-drop-cap-letter{width:1em;height:1em}.elementor-widget-text-editor .elementor-drop-cap{float:left;text-align:center;line-height:1;font-size:50px}.elementor-widget-text-editor .elementor-drop-cap-letter{display:inline-block}<\/style>\t\t\t\t<div><p>Em Portugal, o regime fiscal dos Residentes N\u00e3o Habituais (RNH) \u00e9 um programa muito atrativo de concess\u00e3o de benef\u00edcios fiscais, dispon\u00edvel para a aquisi\u00e7\u00e3o de resid\u00eancia por um per\u00edodo m\u00ednimo de 183 dias por ano em Portugal. O regime de Residente N\u00e3o Habitual (RNH) foi pensado para que investidores e profissionais especializados tenham acesso a muitos benef\u00edcios.<\/p><p>Qualquer cidad\u00e3o do mundo pode candidatar-se a RNH se n\u00e3o tiver residido em Portugal nos \u00faltimos cinco anos civis.<\/p><p>Para se qualificar como RNH, \u00e9 necess\u00e1rio estar fisicamente presente em Portugal durante mais de 183 dias por ano civil e \u00e9 necess\u00e1ria uma prova de resid\u00eancia permanente em Portugal a 31 de dezembro desse ano.<\/p><p>Os rendimentos do estrangeiro podem ser considerados como parte dos rendimentos do estrangeiro e os rendimentos n\u00e3o s\u00e3o equivalentes ao imposto. O regime de Residente N\u00e3o Habitual concede benef\u00edcios fiscais a quem se muda para Portugal. Os estrangeiros que fixem resid\u00eancia em Portugal podem beneficiar de um regime fiscal especial por um per\u00edodo de dez anos.<\/p><p>No entanto, o Or\u00e7amento do Estado para 2024 revogou o regime dos RNH, permitindo apenas que aqueles que j\u00e1 se registaram como RNH terminem o per\u00edodo de 10 anos de benef\u00edcios fiscais e permitindo que as pessoas se registem at\u00e9 ao final de 2024 em algumas situa\u00e7\u00f5es muito espec\u00edficas.<\/p><\/div><div><span lang=\"PT\">Para ajudar contacte-nos em <\/span><a href=\"mailto:contact@curated.pt\">contact@curated.pt<\/a><\/div>\t\t\t\t\t\t<\/div>\r\n\t\t\t\t<\/div>\r\n\t\t\t\t\t<\/div>\r\n\t\t<\/div>\r\n\t\t\t\t\t\t\t<\/div>\r\n\t\t<\/section>\r\n\t\t\t\t\t\t\t<\/div>\r\n\t\t","protected":false},"excerpt":{"rendered":"<p>Em Portugal, o regime fiscal dos Residentes N\u00e3o Habituais (RNH) \u00e9 um programa muito atrativo de concess\u00e3o de benef\u00edcios fiscais, dispon\u00edvel para a aquisi\u00e7\u00e3o de resid\u00eancia por um per\u00edodo m\u00ednimo&#46;&#46;&#46;<\/p>\n","protected":false},"author":1,"featured_media":3890,"parent":0,"menu_order":0,"comment_status":"closed","ping_status":"closed","template":"page-templates\/default-page.php","meta":{"footnotes":""},"_links":{"self":[{"href":"https:\/\/curated.pt\/pt\/wp-json\/wp\/v2\/pages\/3889"}],"collection":[{"href":"https:\/\/curated.pt\/pt\/wp-json\/wp\/v2\/pages"}],"about":[{"href":"https:\/\/curated.pt\/pt\/wp-json\/wp\/v2\/types\/page"}],"author":[{"embeddable":true,"href":"https:\/\/curated.pt\/pt\/wp-json\/wp\/v2\/users\/1"}],"replies":[{"embeddable":true,"href":"https:\/\/curated.pt\/pt\/wp-json\/wp\/v2\/comments?post=3889"}],"version-history":[{"count":11,"href":"https:\/\/curated.pt\/pt\/wp-json\/wp\/v2\/pages\/3889\/revisions"}],"predecessor-version":[{"id":4681,"href":"https:\/\/curated.pt\/pt\/wp-json\/wp\/v2\/pages\/3889\/revisions\/4681"}],"wp:featuredmedia":[{"embeddable":true,"href":"https:\/\/curated.pt\/pt\/wp-json\/wp\/v2\/media\/3890"}],"wp:attachment":[{"href":"https:\/\/curated.pt\/pt\/wp-json\/wp\/v2\/media?parent=3889"}],"curies":[{"name":"wp","href":"https:\/\/api.w.org\/{rel}","templated":true}]}}