
{"id":3898,"date":"2021-08-17T08:59:04","date_gmt":"2021-08-17T08:59:04","guid":{"rendered":"https:\/\/portugalcurated.pt\/newcuratedinvestments\/parcerias\/"},"modified":"2022-06-08T15:33:59","modified_gmt":"2022-06-08T15:33:59","slug":"parcerias","status":"publish","type":"page","link":"https:\/\/curated.pt\/pt\/parcerias\/","title":{"rendered":"Parcerias"},"content":{"rendered":"\t\t<div data-elementor-type=\"wp-page\" data-elementor-id=\"3898\" class=\"elementor elementor-3898 elementor-888\">\r\n\t\t\t\t\t\t\t\t\t<section class=\"elementor-section elementor-top-section elementor-element elementor-element-4e6f896f elementor-section-boxed elementor-section-height-default elementor-section-height-default\" data-id=\"4e6f896f\" data-element_type=\"section\">\r\n\t\t\t\t\t\t<div class=\"elementor-container elementor-column-gap-default\">\r\n\t\t\t\t\t<div class=\"elementor-column elementor-col-100 elementor-top-column elementor-element elementor-element-22cb10f6\" data-id=\"22cb10f6\" data-element_type=\"column\">\r\n\t\t\t<div class=\"elementor-widget-wrap elementor-element-populated\">\r\n\t\t\t\t\t\t\t\t<div class=\"elementor-element elementor-element-2a2cbc58 elementor-widget elementor-widget-text-editor\" data-id=\"2a2cbc58\" data-element_type=\"widget\" data-widget_type=\"text-editor.default\">\r\n\t\t\t\t<div class=\"elementor-widget-container\">\r\n\t\t\t<style>\/*! elementor - v3.12.2 - 23-04-2023 *\/\r\n.elementor-widget-text-editor.elementor-drop-cap-view-stacked .elementor-drop-cap{background-color:#69727d;color:#fff}.elementor-widget-text-editor.elementor-drop-cap-view-framed .elementor-drop-cap{color:#69727d;border:3px solid;background-color:transparent}.elementor-widget-text-editor:not(.elementor-drop-cap-view-default) .elementor-drop-cap{margin-top:8px}.elementor-widget-text-editor:not(.elementor-drop-cap-view-default) .elementor-drop-cap-letter{width:1em;height:1em}.elementor-widget-text-editor .elementor-drop-cap{float:left;text-align:center;line-height:1;font-size:50px}.elementor-widget-text-editor .elementor-drop-cap-letter{display:inline-block}<\/style>\t\t\t\t<p>Acreditamos em parceiros que compartilham nossos valores.<\/p><p>Estamos conscientes de que nem todos trabalham da mesma forma, pelo que esta partilha de valores e sentido de excel\u00eancia \u00e9 fundamental para a nossa marca.<\/p><p>De nossa parte, estar\u00e1 comprometido em trabalhar de forma transparente em equipa, continuamente focado em encontrar a melhor solu\u00e7\u00e3o para o cliente final, propriet\u00e1rio ou comprador, sempre com um servi\u00e7o de excel\u00eancia e sem falhas.<br>Se acha que podemos trabalhar em conjunto, contacte-nos par <a href=\"mailto:contact@curated.pt\">contact@curated.pt<\/a><\/p>\t\t\t\t\t\t<\/div>\r\n\t\t\t\t<\/div>\r\n\t\t\t\t\t<\/div>\r\n\t\t<\/div>\r\n\t\t\t\t\t\t\t<\/div>\r\n\t\t<\/section>\r\n\t\t\t\t\t\t\t<\/div>\r\n\t\t","protected":false},"excerpt":{"rendered":"<p>Acreditamos em parceiros que compartilham nossos valores. Estamos conscientes de que nem todos trabalham da mesma forma, pelo que esta partilha de valores e sentido de excel\u00eancia \u00e9 fundamental para&#46;&#46;&#46;<\/p>\n","protected":false},"author":1,"featured_media":3899,"parent":0,"menu_order":0,"comment_status":"closed","ping_status":"closed","template":"page-templates\/default-page.php","meta":{"footnotes":""},"_links":{"self":[{"href":"https:\/\/curated.pt\/pt\/wp-json\/wp\/v2\/pages\/3898"}],"collection":[{"href":"https:\/\/curated.pt\/pt\/wp-json\/wp\/v2\/pages"}],"about":[{"href":"https:\/\/curated.pt\/pt\/wp-json\/wp\/v2\/types\/page"}],"author":[{"embeddable":true,"href":"https:\/\/curated.pt\/pt\/wp-json\/wp\/v2\/users\/1"}],"replies":[{"embeddable":true,"href":"https:\/\/curated.pt\/pt\/wp-json\/wp\/v2\/comments?post=3898"}],"version-history":[{"count":3,"href":"https:\/\/curated.pt\/pt\/wp-json\/wp\/v2\/pages\/3898\/revisions"}],"predecessor-version":[{"id":3902,"href":"https:\/\/curated.pt\/pt\/wp-json\/wp\/v2\/pages\/3898\/revisions\/3902"}],"wp:featuredmedia":[{"embeddable":true,"href":"https:\/\/curated.pt\/pt\/wp-json\/wp\/v2\/media\/3899"}],"wp:attachment":[{"href":"https:\/\/curated.pt\/pt\/wp-json\/wp\/v2\/media?parent=3898"}],"curies":[{"name":"wp","href":"https:\/\/api.w.org\/{rel}","templated":true}]}}