
{"id":3903,"date":"2021-08-17T08:11:56","date_gmt":"2021-08-17T08:11:56","guid":{"rendered":"https:\/\/portugalcurated.pt\/newcuratedinvestments\/o-que-nos-diferencia\/"},"modified":"2024-11-15T14:10:27","modified_gmt":"2024-11-15T14:10:27","slug":"o-que-nos-diferencia","status":"publish","type":"page","link":"https:\/\/curated.pt\/pt\/o-que-nos-diferencia\/","title":{"rendered":"O que nos Diferencia"},"content":{"rendered":"\t\t<div data-elementor-type=\"wp-page\" data-elementor-id=\"3903\" class=\"elementor elementor-3903 elementor-829\">\r\n\t\t\t\t\t\t\t\t\t<section class=\"elementor-section elementor-top-section elementor-element elementor-element-93bd6e0 elementor-section-boxed elementor-section-height-default elementor-section-height-default\" data-id=\"93bd6e0\" data-element_type=\"section\">\r\n\t\t\t\t\t\t<div class=\"elementor-container elementor-column-gap-default\">\r\n\t\t\t\t\t<div class=\"elementor-column elementor-col-100 elementor-top-column elementor-element elementor-element-6721ddb4\" data-id=\"6721ddb4\" data-element_type=\"column\">\r\n\t\t\t<div class=\"elementor-widget-wrap elementor-element-populated\">\r\n\t\t\t\t\t\t\t\t<div class=\"elementor-element elementor-element-270011da elementor-widget elementor-widget-text-editor\" data-id=\"270011da\" data-element_type=\"widget\" data-widget_type=\"text-editor.default\">\r\n\t\t\t\t<div class=\"elementor-widget-container\">\r\n\t\t\t<style>\/*! elementor - v3.12.2 - 23-04-2023 *\/\r\n.elementor-widget-text-editor.elementor-drop-cap-view-stacked .elementor-drop-cap{background-color:#69727d;color:#fff}.elementor-widget-text-editor.elementor-drop-cap-view-framed .elementor-drop-cap{color:#69727d;border:3px solid;background-color:transparent}.elementor-widget-text-editor:not(.elementor-drop-cap-view-default) .elementor-drop-cap{margin-top:8px}.elementor-widget-text-editor:not(.elementor-drop-cap-view-default) .elementor-drop-cap-letter{width:1em;height:1em}.elementor-widget-text-editor .elementor-drop-cap{float:left;text-align:center;line-height:1;font-size:50px}.elementor-widget-text-editor .elementor-drop-cap-letter{display:inline-block}<\/style>\t\t\t\t<div>\u00a0<\/div><p>Somos uma <strong>empresa de investimento imobili\u00e1rio a operar em Portugal,<\/strong> especializada em im\u00f3veis escolhidos com curadoria para clientes e investidores altamente exigentes.<\/p><div><p><span lang=\"PT\">A nossa <strong>rede de influ\u00eancia<\/strong> permite-nos acesso a diversos <strong>contatos internacionais<\/strong> e al\u00e9m de nossas propriedades exclusivas <strong>temos parcerias com as mais relevantes ag\u00eancias e promotores imobili\u00e1rios<\/strong> o que nos permite complementar nosso portf\u00f3lio de im\u00f3veis, encontrando com mestria e assertividade o que o cliente procura.<\/span><\/p><\/div><div><p><span lang=\"PT\">Orgulhamo-nos de unir propriet\u00e1rios a investidores, sempre com a <strong>m\u00e1xima discri\u00e7\u00e3o<\/strong>, atendendo \u00e0s suas necessidades espec\u00edficas. A nossa oferta de servi\u00e7os combina a sua propriedade de sonho com uma forte rede de diferentes servi\u00e7os: Jur\u00eddicos, Financeiros Fiscais, Recoloca\u00e7\u00e3o, Vistos Gold, Residentes N\u00e3o Habituais, Estatuto de Resid\u00eancia e Investimentos Remotos.<\/span><\/p><\/div><div><p><span lang=\"PT\">A nossa fundadora, Sancha.Co, tem um carinho especial pelo patrim\u00f3nio, uma paix\u00e3o que vem de fam\u00edlia pela hist\u00f3ria do seu Pai, que como alfarrabista-antiqu\u00e1rio descobriu o primeiro livro impresso em Portugal. O <strong>respeito ao patrim\u00f3nio<\/strong>, mas acima de tudo o <strong>sentido de qualidade e excel\u00eancia<\/strong>, s\u00e3o muito importantes para a CURATED Investments.<\/span><\/p><\/div><div><p><span lang=\"PT\">Com um <strong>portefolio de im\u00f3veis e de servi\u00e7os <\/strong>escolhidos a dedo, aliados a um <strong>servi\u00e7o de excel\u00eancia<\/strong>, alia-se uma <strong>experi\u00eancia singular<\/strong>, onde a est\u00e9tica, a qualidade, mas acima de tudo o seu tempo s\u00e3o elevadamente considerados<\/span><\/p><\/div><div><p><span lang=\"PT\">Contacte-nos em <a href=\"mailto:contact@curated.pt\">contact@curated.pt<\/a><\/span><\/p><\/div>\t\t\t\t\t\t<\/div>\r\n\t\t\t\t<\/div>\r\n\t\t\t\t\t<\/div>\r\n\t\t<\/div>\r\n\t\t\t\t\t\t\t<\/div>\r\n\t\t<\/section>\r\n\t\t\t\t\t\t\t<\/div>\r\n\t\t","protected":false},"excerpt":{"rendered":"<p>\u00a0 Somos uma empresa de investimento imobili\u00e1rio a operar em Portugal, especializada em im\u00f3veis escolhidos com curadoria para clientes e investidores altamente exigentes. A nossa rede de influ\u00eancia permite-nos acesso&#46;&#46;&#46;<\/p>\n","protected":false},"author":1,"featured_media":3351,"parent":0,"menu_order":0,"comment_status":"closed","ping_status":"closed","template":"page-templates\/default-page.php","meta":{"footnotes":""},"_links":{"self":[{"href":"https:\/\/curated.pt\/pt\/wp-json\/wp\/v2\/pages\/3903"}],"collection":[{"href":"https:\/\/curated.pt\/pt\/wp-json\/wp\/v2\/pages"}],"about":[{"href":"https:\/\/curated.pt\/pt\/wp-json\/wp\/v2\/types\/page"}],"author":[{"embeddable":true,"href":"https:\/\/curated.pt\/pt\/wp-json\/wp\/v2\/users\/1"}],"replies":[{"embeddable":true,"href":"https:\/\/curated.pt\/pt\/wp-json\/wp\/v2\/comments?post=3903"}],"version-history":[{"count":10,"href":"https:\/\/curated.pt\/pt\/wp-json\/wp\/v2\/pages\/3903\/revisions"}],"predecessor-version":[{"id":4917,"href":"https:\/\/curated.pt\/pt\/wp-json\/wp\/v2\/pages\/3903\/revisions\/4917"}],"wp:featuredmedia":[{"embeddable":true,"href":"https:\/\/curated.pt\/pt\/wp-json\/wp\/v2\/media\/3351"}],"wp:attachment":[{"href":"https:\/\/curated.pt\/pt\/wp-json\/wp\/v2\/media?parent=3903"}],"curies":[{"name":"wp","href":"https:\/\/api.w.org\/{rel}","templated":true}]}}