
{"id":3910,"date":"2021-08-16T15:09:19","date_gmt":"2021-08-16T15:09:19","guid":{"rendered":"https:\/\/portugalcurated.pt\/newcuratedinvestments\/portugal\/"},"modified":"2025-06-22T19:18:30","modified_gmt":"2025-06-22T19:18:30","slug":"portugal","status":"publish","type":"page","link":"https:\/\/curated.pt\/pt\/portugal\/","title":{"rendered":"Portugal"},"content":{"rendered":"\t\t<div data-elementor-type=\"wp-page\" data-elementor-id=\"3910\" class=\"elementor elementor-3910 elementor-805\">\r\n\t\t\t\t\t\t\t\t\t<section class=\"elementor-section elementor-top-section elementor-element elementor-element-0653923 elementor-section-boxed elementor-section-height-default elementor-section-height-default\" data-id=\"0653923\" data-element_type=\"section\">\r\n\t\t\t\t\t\t<div class=\"elementor-container elementor-column-gap-default\">\r\n\t\t\t\t\t<div class=\"elementor-column elementor-col-100 elementor-top-column elementor-element elementor-element-77d8b4e\" data-id=\"77d8b4e\" data-element_type=\"column\">\r\n\t\t\t<div class=\"elementor-widget-wrap elementor-element-populated\">\r\n\t\t\t\t\t\t\t\t<div class=\"elementor-element elementor-element-2501caf elementor-widget elementor-widget-text-editor\" data-id=\"2501caf\" data-element_type=\"widget\" data-widget_type=\"text-editor.default\">\r\n\t\t\t\t<div class=\"elementor-widget-container\">\r\n\t\t\t<style>\/*! elementor - v3.12.2 - 23-04-2023 *\/\r\n.elementor-widget-text-editor.elementor-drop-cap-view-stacked .elementor-drop-cap{background-color:#69727d;color:#fff}.elementor-widget-text-editor.elementor-drop-cap-view-framed .elementor-drop-cap{color:#69727d;border:3px solid;background-color:transparent}.elementor-widget-text-editor:not(.elementor-drop-cap-view-default) .elementor-drop-cap{margin-top:8px}.elementor-widget-text-editor:not(.elementor-drop-cap-view-default) .elementor-drop-cap-letter{width:1em;height:1em}.elementor-widget-text-editor .elementor-drop-cap{float:left;text-align:center;line-height:1;font-size:50px}.elementor-widget-text-editor .elementor-drop-cap-letter{display:inline-block}<\/style>\t\t\t\t<p style=\"font-weight: 400;\">Portugal tem estado em destaque mundial como <strong>um dos pa\u00edses mais fascinantes para se viver na Europa<\/strong>. Os motivos para Portugal ser um destino apetec\u00edvel, tanto aos olhos dos grandes investidores como dos estrangeiros que escolhem Portugal para viver \u00e9 a <strong>qualidade de vida excecional<\/strong>.<\/p><p style=\"font-weight: 400;\">Localizado no Sudoeste da Europa e um ponto fulcral entre tr\u00eas continentes, o europeu, o americano e o africano, Portugal \u00e9 um importante <strong>ponto de paragem de rotas internacionais<\/strong>. Com tr\u00eas aeroportos que cobrem o Norte, Centro e Sul do pa\u00eds \u2013 Porto, Lisboa e Faro \u2013 todos t\u00eam liga\u00e7\u00f5es regulares \u00e0s principais cidades do mundo.<\/p><p style=\"font-weight: 400;\">Portugal \u00e9 conhecido por ter um <strong>clima extraordin\u00e1rio<\/strong>. Falando da capital, a luminosa Lisboa, conhecida pelos fot\u00f3grafos como a \u2018Cidade da Luz\u2019, o n\u00famero de horas de sol chega a 3300 por ano, principalmente no Sul, um dos mais altos da Europa. Vivendo em Portugal, pode esperar invernos amenos e ver\u00f5es mais quentes e secos.<\/p><p style=\"font-weight: 400;\"><strong>Portugal \u00e9 conhecido pela seguran\u00e7a<\/strong>, atr\u00e1s da Isl\u00e2ndia, Nova Zel\u00e2ndia e Dinamarca, ocupa o quarto lugar na lista dos pa\u00edses mais seguros do mundo.<\/p><p style=\"font-weight: 400;\">Portugal est\u00e1 em terceiro lugar no ranking dos passaportes mais desejados do mundo, atrav\u00e9s da circula\u00e7\u00e3o de cidad\u00e3os sem visto para um total de cento e trinta e sete destinos.<\/p><p style=\"font-weight: 400;\">Portugal \u00e9 tamb\u00e9m conhecido por ser um pa\u00eds muito <strong>favor\u00e1vel a oportunidades e neg\u00f3cios<\/strong>, ocupando o trig\u00e9simo nono lugar entre cento e noventa economias no ranking Ease of Doing Business 2020 do Banco Mundial, e d\u00e9cimo segundo no mundo no ranking Travel &amp; Tourism Competitiveness do F\u00f3rum Econ\u00f3mico Mundial.<\/p><p style=\"font-weight: 400;\">Como membro da Uni\u00e3o Europeia h\u00e1 26 anos, Portugal faz parte do sistema monet\u00e1rio europeu, utilizando a moeda \u00fanica europeia.<\/p><p style=\"font-weight: 400;\">Lisboa foi considerada<strong> um dos dez destinos mais importantes preferidos pelos investidores europeus para o setor imobili\u00e1rio<\/strong>, sendo tamb\u00e9m sede da Web Summit, o maior evento de tecnologia da Europa.<\/p><p style=\"font-weight: 400;\">Um dos nossos destaques mais desejados s\u00e3o os nossos <strong>benef\u00edcios fiscais<\/strong>. Como um dos mercados imobili\u00e1rios mais din\u00e2micos da Europa, <strong>Portugal oferece regimes fiscais est\u00e1veis \u200b\u200bque facilitam o investimento estrangeiro e a integra\u00e7\u00e3o<\/strong>.<\/p><p style=\"font-weight: 400;\">A m\u00e3o-de-obra portuguesa \u00e9 qualificada e produtiva, com <strong>elevadas compet\u00eancias lingu\u00edsticas<\/strong> e apoiada por institui\u00e7\u00f5es de ensino de classe mundial e escolas de refer\u00eancia em gest\u00e3o e forma\u00e7\u00e3o profissional para o turismo.<\/p><p style=\"font-weight: 400;\">Reconhecida internacionalmente pela qualidade da sua infraestrutura de acessibilidades e telecomunica\u00e7\u00f5es, com uma <strong>extensa rede de rotas terrestres, ferrovi\u00e1rias, mar\u00edtimas e aeroportu\u00e1rias<\/strong>. Todas as grandes cidades t\u00eam escolas e universidades alinhadas internacionalmente, ideais para mudar a vida das fam\u00edlias. Portugal est\u00e1 tamb\u00e9m em d\u00e9cimo segundo lugar na lista dos melhores sistemas de sa\u00fade no inqu\u00e9rito da OMS.<\/p><p style=\"font-weight: 400;\">Com o nosso <strong>clima extraordin\u00e1rio<\/strong>, \u00e9 f\u00e1cil praticar desportos ao ar livre em Portugal, assim como praticar desportos aqu\u00e1ticos e jogar golfe nos melhores campos do mundo. O nosso territ\u00f3rio \u00e9 de <strong>natureza diversa<\/strong> e somos reconhecidos pelas experi\u00eancias de bem-estar e pelo nosso <strong>belo patrim\u00f3nio, com nove s\u00e9culos de hist\u00f3ria<\/strong> e dezasseis classifica\u00e7\u00f5es da UNESCO, entre monumentos, paisagens e patrim\u00f3nio imaterial.<\/p><p style=\"font-weight: 400;\"><strong>Os portugueses s\u00e3o conhecidos por serem muito acolhedores e simp\u00e1ticos<\/strong> o que ajuda muito na integra\u00e7\u00e3o dos estrangeiros que visitam e passam a viver em Portugal.<\/p><p style=\"font-weight: 400;\">Para al\u00e9m de uma Costa Atl\u00e2ntica a perder de vista, ainda temos o arquip\u00e9lago dos A\u00e7ores e da Madeira, e uma gastronomia muito \u00e0 base do mar com uma <strong>gastronomia sustentada em ingredientes de alta qualidade<\/strong>.<\/p><p style=\"font-weight: 400;\">Somos suspeitos mas escolher em Portugal ser\u00e1 sempre uma decis\u00e3o acertada.<\/p><p style=\"font-weight: 400;\">Para nos perguntar mais sobre Portugal contacte-nos em <a href=\"mailto:contact@curated.pt\">contact@curated.pt<\/a><\/p><p class=\"credit\">photo \u00a9 Marko Roth<\/p>\t\t\t\t\t\t<\/div>\r\n\t\t\t\t<\/div>\r\n\t\t\t\t\t<\/div>\r\n\t\t<\/div>\r\n\t\t\t\t\t\t\t<\/div>\r\n\t\t<\/section>\r\n\t\t\t\t\t\t\t<\/div>\r\n\t\t","protected":false},"excerpt":{"rendered":"<p>Portugal tem estado em destaque mundial como um dos pa\u00edses mais fascinantes para se viver na Europa. Os motivos para Portugal ser um destino apetec\u00edvel, tanto aos olhos dos grandes&#46;&#46;&#46;<\/p>\n","protected":false},"author":1,"featured_media":4978,"parent":0,"menu_order":0,"comment_status":"closed","ping_status":"closed","template":"page-templates\/default-page.php","meta":{"footnotes":""},"_links":{"self":[{"href":"https:\/\/curated.pt\/pt\/wp-json\/wp\/v2\/pages\/3910"}],"collection":[{"href":"https:\/\/curated.pt\/pt\/wp-json\/wp\/v2\/pages"}],"about":[{"href":"https:\/\/curated.pt\/pt\/wp-json\/wp\/v2\/types\/page"}],"author":[{"embeddable":true,"href":"https:\/\/curated.pt\/pt\/wp-json\/wp\/v2\/users\/1"}],"replies":[{"embeddable":true,"href":"https:\/\/curated.pt\/pt\/wp-json\/wp\/v2\/comments?post=3910"}],"version-history":[{"count":4,"href":"https:\/\/curated.pt\/pt\/wp-json\/wp\/v2\/pages\/3910\/revisions"}],"predecessor-version":[{"id":4985,"href":"https:\/\/curated.pt\/pt\/wp-json\/wp\/v2\/pages\/3910\/revisions\/4985"}],"wp:featuredmedia":[{"embeddable":true,"href":"https:\/\/curated.pt\/pt\/wp-json\/wp\/v2\/media\/4978"}],"wp:attachment":[{"href":"https:\/\/curated.pt\/pt\/wp-json\/wp\/v2\/media?parent=3910"}],"curies":[{"name":"wp","href":"https:\/\/api.w.org\/{rel}","templated":true}]}}