
{"id":3918,"date":"2021-08-17T08:50:24","date_gmt":"2021-08-17T08:50:24","guid":{"rendered":"https:\/\/portugalcurated.pt\/newcuratedinvestments\/renovation-interior-design\/"},"modified":"2022-06-11T09:14:08","modified_gmt":"2022-06-11T09:14:08","slug":"renovacao-e-design-de-interiores","status":"publish","type":"page","link":"https:\/\/curated.pt\/pt\/renovacao-e-design-de-interiores\/","title":{"rendered":"Renova\u00e7\u00e3o &#038; Design de Interiores"},"content":{"rendered":"\t\t<div data-elementor-type=\"wp-page\" data-elementor-id=\"3918\" class=\"elementor elementor-3918 elementor-868\">\r\n\t\t\t\t\t\t\t\t\t<section class=\"elementor-section elementor-top-section elementor-element elementor-element-5119c6c8 elementor-section-boxed elementor-section-height-default elementor-section-height-default\" data-id=\"5119c6c8\" data-element_type=\"section\">\r\n\t\t\t\t\t\t<div class=\"elementor-container elementor-column-gap-default\">\r\n\t\t\t\t\t<div class=\"elementor-column elementor-col-100 elementor-top-column elementor-element elementor-element-53cf892b\" data-id=\"53cf892b\" data-element_type=\"column\">\r\n\t\t\t<div class=\"elementor-widget-wrap elementor-element-populated\">\r\n\t\t\t\t\t\t\t\t<div class=\"elementor-element elementor-element-6cce2be8 elementor-widget elementor-widget-text-editor\" data-id=\"6cce2be8\" data-element_type=\"widget\" data-widget_type=\"text-editor.default\">\r\n\t\t\t\t<div class=\"elementor-widget-container\">\r\n\t\t\t<style>\/*! elementor - v3.12.2 - 23-04-2023 *\/\r\n.elementor-widget-text-editor.elementor-drop-cap-view-stacked .elementor-drop-cap{background-color:#69727d;color:#fff}.elementor-widget-text-editor.elementor-drop-cap-view-framed .elementor-drop-cap{color:#69727d;border:3px solid;background-color:transparent}.elementor-widget-text-editor:not(.elementor-drop-cap-view-default) .elementor-drop-cap{margin-top:8px}.elementor-widget-text-editor:not(.elementor-drop-cap-view-default) .elementor-drop-cap-letter{width:1em;height:1em}.elementor-widget-text-editor .elementor-drop-cap{float:left;text-align:center;line-height:1;font-size:50px}.elementor-widget-text-editor .elementor-drop-cap-letter{display:inline-block}<\/style>\t\t\t\t<div><div><p><span lang=\"PT\">Ap\u00f3s a compra do seu im\u00f3vel, pode ser necess\u00e1ria uma reforma ao seu gosto.<\/span><\/p><\/div><div><p><span lang=\"PT\">Somos especialistas em avaliar o DNA de nossos clientes caso surja a necessidade de um atelier de arquitetura ou design de interiores para reformar o seu novo im\u00f3vel.<\/span><\/p><\/div><div><p><span lang=\"PT\">Do minimalista ao cl\u00e1ssico, do modernista, contempor\u00e2neo ao tradicional, o valor inerente ao design contemplativo ser\u00e1 sempre o mote para encontrar o arquiteto ou designer que melhor se adapte \u00e0 sua hist\u00f3ria pessoal e \u00e0s suas expectativas est\u00e9ticas.<\/span><\/p><\/div><div><p><span lang=\"PT\">Acompanhamos os trabalhos de constru\u00e7\u00e3o, remodela\u00e7\u00e3o e design e interiores, seja atrav\u00e9s da conce\u00e7\u00e3o do projeto, seja garantindo a entrega das encomendas, incluindo instala\u00e7\u00e3o e montagem.<\/span><\/p><\/div><div><p><span lang=\"PT\">Conte com a nossa rede de contactos e os nossos conselhos para gui\u00e1-lo pelas mais amplas op\u00e7\u00f5es.<\/span><\/p><\/div><div><span lang=\"PT\">Para ajudar por favor contacte-nos em <\/span><a href=\"mailto:contact@curated.pt\">contact@curated.pt<\/a><\/div><\/div>\t\t\t\t\t\t<\/div>\r\n\t\t\t\t<\/div>\r\n\t\t\t\t\t<\/div>\r\n\t\t<\/div>\r\n\t\t\t\t\t\t\t<\/div>\r\n\t\t<\/section>\r\n\t\t\t\t\t\t\t<\/div>\r\n\t\t","protected":false},"excerpt":{"rendered":"<p>Ap\u00f3s a compra do seu im\u00f3vel, pode ser necess\u00e1ria uma reforma ao seu gosto. Somos especialistas em avaliar o DNA de nossos clientes caso surja a necessidade de um atelier&#46;&#46;&#46;<\/p>\n","protected":false},"author":1,"featured_media":3919,"parent":0,"menu_order":0,"comment_status":"closed","ping_status":"closed","template":"page-templates\/default-page.php","meta":{"footnotes":""},"_links":{"self":[{"href":"https:\/\/curated.pt\/pt\/wp-json\/wp\/v2\/pages\/3918"}],"collection":[{"href":"https:\/\/curated.pt\/pt\/wp-json\/wp\/v2\/pages"}],"about":[{"href":"https:\/\/curated.pt\/pt\/wp-json\/wp\/v2\/types\/page"}],"author":[{"embeddable":true,"href":"https:\/\/curated.pt\/pt\/wp-json\/wp\/v2\/users\/1"}],"replies":[{"embeddable":true,"href":"https:\/\/curated.pt\/pt\/wp-json\/wp\/v2\/comments?post=3918"}],"version-history":[{"count":8,"href":"https:\/\/curated.pt\/pt\/wp-json\/wp\/v2\/pages\/3918\/revisions"}],"predecessor-version":[{"id":4068,"href":"https:\/\/curated.pt\/pt\/wp-json\/wp\/v2\/pages\/3918\/revisions\/4068"}],"wp:featuredmedia":[{"embeddable":true,"href":"https:\/\/curated.pt\/pt\/wp-json\/wp\/v2\/media\/3919"}],"wp:attachment":[{"href":"https:\/\/curated.pt\/pt\/wp-json\/wp\/v2\/media?parent=3918"}],"curies":[{"name":"wp","href":"https:\/\/api.w.org\/{rel}","templated":true}]}}