
{"id":3921,"date":"2021-08-17T08:49:09","date_gmt":"2021-08-17T08:49:09","guid":{"rendered":"https:\/\/portugalcurated.pt\/newcuratedinvestments\/rentals-management\/"},"modified":"2022-06-11T09:07:44","modified_gmt":"2022-06-11T09:07:44","slug":"gestao-de-arrendamentos","status":"publish","type":"page","link":"https:\/\/curated.pt\/pt\/gestao-de-arrendamentos\/","title":{"rendered":"Gest\u00e3o de Arrendamentos"},"content":{"rendered":"\t\t<div data-elementor-type=\"wp-page\" data-elementor-id=\"3921\" class=\"elementor elementor-3921 elementor-865\">\r\n\t\t\t\t\t\t\t\t\t<section class=\"elementor-section elementor-top-section elementor-element elementor-element-3bb83f2f elementor-section-boxed elementor-section-height-default elementor-section-height-default\" data-id=\"3bb83f2f\" data-element_type=\"section\">\r\n\t\t\t\t\t\t<div class=\"elementor-container elementor-column-gap-default\">\r\n\t\t\t\t\t<div class=\"elementor-column elementor-col-100 elementor-top-column elementor-element elementor-element-38eebfb8\" data-id=\"38eebfb8\" data-element_type=\"column\">\r\n\t\t\t<div class=\"elementor-widget-wrap elementor-element-populated\">\r\n\t\t\t\t\t\t\t\t<div class=\"elementor-element elementor-element-39fc524b elementor-widget elementor-widget-text-editor\" data-id=\"39fc524b\" data-element_type=\"widget\" data-widget_type=\"text-editor.default\">\r\n\t\t\t\t<div class=\"elementor-widget-container\">\r\n\t\t\t<style>\/*! elementor - v3.12.2 - 23-04-2023 *\/\r\n.elementor-widget-text-editor.elementor-drop-cap-view-stacked .elementor-drop-cap{background-color:#69727d;color:#fff}.elementor-widget-text-editor.elementor-drop-cap-view-framed .elementor-drop-cap{color:#69727d;border:3px solid;background-color:transparent}.elementor-widget-text-editor:not(.elementor-drop-cap-view-default) .elementor-drop-cap{margin-top:8px}.elementor-widget-text-editor:not(.elementor-drop-cap-view-default) .elementor-drop-cap-letter{width:1em;height:1em}.elementor-widget-text-editor .elementor-drop-cap{float:left;text-align:center;line-height:1;font-size:50px}.elementor-widget-text-editor .elementor-drop-cap-letter{display:inline-block}<\/style>\t\t\t\t<div><div><p><span lang=\"PT\">Estamos empenhados em apoi\u00e1-lo no seu investimento caso o decida alugar a terceiros.<\/span><\/p><\/div><div><p><span lang=\"PT\">Ter\u00e1 a garantia de inquilinos de confian\u00e7a, mantendo o seu im\u00f3vel em excelentes condi\u00e7\u00f5es e garantindo o cumprimento da legisla\u00e7\u00e3o portuguesa. Devido \u00e0 nossa experi\u00eancia e rede de contactos, oferecemos um servi\u00e7o de confian\u00e7a com excelentes profissionais.<\/span><\/p><\/div><div><p><span lang=\"PT\">Fazemos quest\u00e3o de oferecer um servi\u00e7o completo, escolhendo profissionais que compartilham nossos valores e integridade profissional. O neg\u00f3cio oferecer\u00e1 uma experi\u00eancia personalizada, garantindo o cumprimento de todas as obriga\u00e7\u00f5es legais. Conseguimos orientar o acompanhamento de moradias individuais, apartamentos e edif\u00edcios inteiros.<\/span><\/p><\/div><div><p><span lang=\"PT\">Na Gest\u00e3o de Im\u00f3veis, podemos assegurar-lhe os servi\u00e7os essenciais, a gest\u00e3o de arrendamentos, acompanhamento jur\u00eddico e financeira, inspe\u00e7\u00f5es, manuten\u00e7\u00e3o e repara\u00e7\u00f5es. Nos arredamentos, fornecemos valor de mercado, estrat\u00e9gia, branding &amp; marketing, gest\u00e3o do arrendamento, apoio no contrato, mudan\u00e7as, relat\u00f3rios, gest\u00e3o de factura\u00e7\u00e3o e atualiza\u00e7\u00f5es anuais de renda.<\/span><\/p><\/div><div><span lang=\"PT\">Para ajudar por favor contacte-nos em\u00a0<\/span><a href=\"mailto:contact@curated.pt\">contact@curated.pt<\/a><\/div><\/div>\t\t\t\t\t\t<\/div>\r\n\t\t\t\t<\/div>\r\n\t\t\t\t\t<\/div>\r\n\t\t<\/div>\r\n\t\t\t\t\t\t\t<\/div>\r\n\t\t<\/section>\r\n\t\t\t\t\t\t\t<\/div>\r\n\t\t","protected":false},"excerpt":{"rendered":"<p>Estamos empenhados em apoi\u00e1-lo no seu investimento caso o decida alugar a terceiros. Ter\u00e1 a garantia de inquilinos de confian\u00e7a, mantendo o seu im\u00f3vel em excelentes condi\u00e7\u00f5es e garantindo o&#46;&#46;&#46;<\/p>\n","protected":false},"author":1,"featured_media":3922,"parent":0,"menu_order":0,"comment_status":"closed","ping_status":"closed","template":"page-templates\/default-page.php","meta":{"footnotes":""},"_links":{"self":[{"href":"https:\/\/curated.pt\/pt\/wp-json\/wp\/v2\/pages\/3921"}],"collection":[{"href":"https:\/\/curated.pt\/pt\/wp-json\/wp\/v2\/pages"}],"about":[{"href":"https:\/\/curated.pt\/pt\/wp-json\/wp\/v2\/types\/page"}],"author":[{"embeddable":true,"href":"https:\/\/curated.pt\/pt\/wp-json\/wp\/v2\/users\/1"}],"replies":[{"embeddable":true,"href":"https:\/\/curated.pt\/pt\/wp-json\/wp\/v2\/comments?post=3921"}],"version-history":[{"count":11,"href":"https:\/\/curated.pt\/pt\/wp-json\/wp\/v2\/pages\/3921\/revisions"}],"predecessor-version":[{"id":4042,"href":"https:\/\/curated.pt\/pt\/wp-json\/wp\/v2\/pages\/3921\/revisions\/4042"}],"wp:featuredmedia":[{"embeddable":true,"href":"https:\/\/curated.pt\/pt\/wp-json\/wp\/v2\/media\/3922"}],"wp:attachment":[{"href":"https:\/\/curated.pt\/pt\/wp-json\/wp\/v2\/media?parent=3921"}],"curies":[{"name":"wp","href":"https:\/\/api.w.org\/{rel}","templated":true}]}}