
{"id":4463,"date":"2023-04-21T11:08:50","date_gmt":"2023-04-21T11:08:50","guid":{"rendered":"https:\/\/portugalcurated.pt\/newcuratedinvestments\/area-lisbon\/"},"modified":"2024-02-29T18:01:46","modified_gmt":"2024-02-29T18:01:46","slug":"area-lisboa","status":"publish","type":"page","link":"https:\/\/curated.pt\/pt\/area-lisboa\/","title":{"rendered":"Lisboa"},"content":{"rendered":"\t\t<div data-elementor-type=\"wp-page\" data-elementor-id=\"4463\" class=\"elementor elementor-4463 elementor-4451\">\r\n\t\t\t\t\t\t\t\t\t<section class=\"elementor-section elementor-top-section elementor-element elementor-element-6ca5efe elementor-section-boxed elementor-section-height-default elementor-section-height-default\" data-id=\"6ca5efe\" data-element_type=\"section\">\r\n\t\t\t\t\t\t<div class=\"elementor-container elementor-column-gap-default\">\r\n\t\t\t\t\t<div class=\"elementor-column elementor-col-100 elementor-top-column elementor-element elementor-element-5fd5936\" data-id=\"5fd5936\" data-element_type=\"column\">\r\n\t\t\t<div class=\"elementor-widget-wrap elementor-element-populated\">\r\n\t\t\t\t\t\t\t\t<div class=\"elementor-element elementor-element-5c1f5b3 elementor-widget elementor-widget-text-editor\" data-id=\"5c1f5b3\" data-element_type=\"widget\" data-widget_type=\"text-editor.default\">\r\n\t\t\t\t<div class=\"elementor-widget-container\">\r\n\t\t\t<style>\/*! elementor - v3.12.2 - 23-04-2023 *\/\r\n.elementor-widget-text-editor.elementor-drop-cap-view-stacked .elementor-drop-cap{background-color:#69727d;color:#fff}.elementor-widget-text-editor.elementor-drop-cap-view-framed .elementor-drop-cap{color:#69727d;border:3px solid;background-color:transparent}.elementor-widget-text-editor:not(.elementor-drop-cap-view-default) .elementor-drop-cap{margin-top:8px}.elementor-widget-text-editor:not(.elementor-drop-cap-view-default) .elementor-drop-cap-letter{width:1em;height:1em}.elementor-widget-text-editor .elementor-drop-cap{float:left;text-align:center;line-height:1;font-size:50px}.elementor-widget-text-editor .elementor-drop-cap-letter{display:inline-block}<\/style>\t\t\t\t<p>Lisboa, Portugal, destaca-se como um destino promissor para os investidores devido \u00e0 sua economia vibrante, localiza\u00e7\u00e3o estrat\u00e9gica e mercado imobili\u00e1rio atrativo. Enquanto capital, Lisboa tem registado um crescimento econ\u00f3mico significativo nos \u00faltimos anos, impulsionado por um sector tecnol\u00f3gico pr\u00f3spero, pelo turismo e por um cen\u00e1rio de startups em expans\u00e3o.<\/p><p>A localiza\u00e7\u00e3o estrat\u00e9gica da cidade na Europa faz dela uma porta de entrada para neg\u00f3cios e com\u00e9rcio, aumentando ainda mais o seu atrativo para os investidores. Al\u00e9m disso, Lisboa oferece um custo de vida relativamente baixo em compara\u00e7\u00e3o com outras capitais europeias, o que a torna uma op\u00e7\u00e3o atractiva para empresas e particulares.<\/p><p>O mercado imobili\u00e1rio em Lisboa tamb\u00e9m tem vindo a crescer, com um aumento constante do valor das propriedades e uma procura crescente de im\u00f3veis para arrendamento. Com um rico patrim\u00f3nio cultural, um clima ameno e uma atmosfera acolhedora, Lisboa n\u00e3o s\u00f3 proporciona um ambiente de neg\u00f3cios favor\u00e1vel, como tamb\u00e9m oferece uma excelente qualidade de vida aos residentes e investidores.<\/p><p>Para mais informa\u00e7\u00f5es, contacte-nos em <a href=\"mailto:contact@curated.pt\">contact@curated.pt<\/a><\/p>\t\t\t\t\t\t<\/div>\r\n\t\t\t\t<\/div>\r\n\t\t\t\t\t<\/div>\r\n\t\t<\/div>\r\n\t\t\t\t\t\t\t<\/div>\r\n\t\t<\/section>\r\n\t\t\t\t\t\t\t<\/div>\r\n\t\t","protected":false},"excerpt":{"rendered":"<p>Lisboa, Portugal, destaca-se como um destino promissor para os investidores devido \u00e0 sua economia vibrante, localiza\u00e7\u00e3o estrat\u00e9gica e mercado imobili\u00e1rio atrativo. Enquanto capital, Lisboa tem registado um crescimento econ\u00f3mico significativo&#46;&#46;&#46;<\/p>\n","protected":false},"author":1,"featured_media":4567,"parent":0,"menu_order":0,"comment_status":"closed","ping_status":"closed","template":"page-templates\/default-page.php","meta":{"footnotes":""},"_links":{"self":[{"href":"https:\/\/curated.pt\/pt\/wp-json\/wp\/v2\/pages\/4463"}],"collection":[{"href":"https:\/\/curated.pt\/pt\/wp-json\/wp\/v2\/pages"}],"about":[{"href":"https:\/\/curated.pt\/pt\/wp-json\/wp\/v2\/types\/page"}],"author":[{"embeddable":true,"href":"https:\/\/curated.pt\/pt\/wp-json\/wp\/v2\/users\/1"}],"replies":[{"embeddable":true,"href":"https:\/\/curated.pt\/pt\/wp-json\/wp\/v2\/comments?post=4463"}],"version-history":[{"count":7,"href":"https:\/\/curated.pt\/pt\/wp-json\/wp\/v2\/pages\/4463\/revisions"}],"predecessor-version":[{"id":4626,"href":"https:\/\/curated.pt\/pt\/wp-json\/wp\/v2\/pages\/4463\/revisions\/4626"}],"wp:featuredmedia":[{"embeddable":true,"href":"https:\/\/curated.pt\/pt\/wp-json\/wp\/v2\/media\/4567"}],"wp:attachment":[{"href":"https:\/\/curated.pt\/pt\/wp-json\/wp\/v2\/media?parent=4463"}],"curies":[{"name":"wp","href":"https:\/\/api.w.org\/{rel}","templated":true}]}}