
{"id":4600,"date":"2023-04-21T11:18:19","date_gmt":"2023-04-21T11:18:19","guid":{"rendered":"https:\/\/portugalcurated.pt\/newcuratedinvestments\/area-alentejo-algarve\/"},"modified":"2024-02-29T20:15:09","modified_gmt":"2024-02-29T20:15:09","slug":"area-alentejo-algarve","status":"publish","type":"page","link":"https:\/\/curated.pt\/pt\/area-alentejo-algarve\/","title":{"rendered":"Alentejo &#038; Algarve"},"content":{"rendered":"\r\n<p>O investimento em actividades imobili\u00e1rias no Alentejo e no Algarve constitui uma oportunidade estrat\u00e9gica, impulsionada pelas qualidades \u00fanicas destas duas regi\u00f5es de Portugal. O Alentejo, com as suas vastas extens\u00f5es de colinas ondulantes, florestas de sobreiros e cidades hist\u00f3ricas, proporciona um ambiente tranquilo e aut\u00eantico que apela a quem procura um estilo de vida pac\u00edfico.<\/p>\r\n<p>O Algarve, por outro lado, possui praias deslumbrantes, um clima mediterr\u00e2nico e uma cena cultural vibrante, o que o torna um eterno favorito entre turistas e expatriados. Ambas as regi\u00f5es beneficiam do ambiente econ\u00f3mico est\u00e1vel de Portugal e das pol\u00edticas pr\u00f3-investimento, o que as torna atractivas para empreendimentos imobili\u00e1rios.<\/p>\r\n<p>O potencial do Alentejo reside nas suas vastas e intocadas paisagens, que apresentam oportunidades para desenvolvimentos sustent\u00e1veis e amigos do ambiente, respondendo a uma crescente procura global de uma vida respons\u00e1vel e consciente. Entretanto, a ind\u00fastria tur\u00edstica estabelecida no Algarve assegura uma procura consistente de v\u00e1rias ofertas imobili\u00e1rias, desde propriedades de luxo \u00e0 beira-mar a resorts de golfe. O investimento em neg\u00f3cios imobili\u00e1rios no Alentejo e no Algarve proporciona, uma carteira equilibrada com potencial de crescimento a longo prazo, capitalizando a atra\u00e7\u00e3o diversificada e a estabilidade econ\u00f3mica destas regi\u00f5es portuguesas distintas.<\/p>\r\n\r\n\r\n\r\n<p>Para mais informa\u00e7\u00f5es, contacte-nos em <a href=\"mailto:contact@curated.pt\">contact@curated.pt<\/a><\/p>\r\n","protected":false},"excerpt":{"rendered":"<p>O investimento em actividades imobili\u00e1rias no Alentejo e no Algarve constitui uma oportunidade estrat\u00e9gica, impulsionada pelas qualidades \u00fanicas destas duas regi\u00f5es de Portugal. O Alentejo, com as suas vastas extens\u00f5es&#46;&#46;&#46;<\/p>\n","protected":false},"author":1,"featured_media":4576,"parent":0,"menu_order":0,"comment_status":"closed","ping_status":"closed","template":"page-templates\/default-page.php","meta":{"footnotes":""},"_links":{"self":[{"href":"https:\/\/curated.pt\/pt\/wp-json\/wp\/v2\/pages\/4600"}],"collection":[{"href":"https:\/\/curated.pt\/pt\/wp-json\/wp\/v2\/pages"}],"about":[{"href":"https:\/\/curated.pt\/pt\/wp-json\/wp\/v2\/types\/page"}],"author":[{"embeddable":true,"href":"https:\/\/curated.pt\/pt\/wp-json\/wp\/v2\/users\/1"}],"replies":[{"embeddable":true,"href":"https:\/\/curated.pt\/pt\/wp-json\/wp\/v2\/comments?post=4600"}],"version-history":[{"count":2,"href":"https:\/\/curated.pt\/pt\/wp-json\/wp\/v2\/pages\/4600\/revisions"}],"predecessor-version":[{"id":4656,"href":"https:\/\/curated.pt\/pt\/wp-json\/wp\/v2\/pages\/4600\/revisions\/4656"}],"wp:featuredmedia":[{"embeddable":true,"href":"https:\/\/curated.pt\/pt\/wp-json\/wp\/v2\/media\/4576"}],"wp:attachment":[{"href":"https:\/\/curated.pt\/pt\/wp-json\/wp\/v2\/media?parent=4600"}],"curies":[{"name":"wp","href":"https:\/\/api.w.org\/{rel}","templated":true}]}}