
{"id":4603,"date":"2023-04-21T11:17:32","date_gmt":"2023-04-21T11:17:32","guid":{"rendered":"https:\/\/portugalcurated.pt\/newcuratedinvestments\/area-estoril-cascais-sintra\/"},"modified":"2024-02-29T18:42:28","modified_gmt":"2024-02-29T18:42:28","slug":"area-estoril-cascais-sintra","status":"publish","type":"page","link":"https:\/\/curated.pt\/pt\/area-estoril-cascais-sintra\/","title":{"rendered":"Estoril Cascais &#038; Sintra"},"content":{"rendered":"\r\n<p>O investimento em neg\u00f3cios imobili\u00e1rios no Estoril, Cascais e Sintra, situados ao longo da Linha (Riviera Portuguesa), oferece uma proposta atractiva impulsionada pelos atributos \u00fanicos da regi\u00e3o. A Linha, com as suas deslumbrantes paisagens costeiras, marcos hist\u00f3ricos e estilo de vida cosmopolita, tornou-se um destino cada vez mais popular tanto para turistas como para quem procura uma experi\u00eancia de vida de alta qualidade.<\/p>\r\n<p>O fluxo constante de visitantes e a tend\u00eancia crescente para a aquisi\u00e7\u00e3o de uma segunda habita\u00e7\u00e3o criam uma forte procura de v\u00e1rios empreendimentos imobili\u00e1rios. Desde hot\u00e9is de charme, resid\u00eancias de luxo e espa\u00e7os comerciais, a diversidade do panorama imobili\u00e1rio nestas \u00e1reas oferece uma vasta gama de oportunidades de investimento. A economia est\u00e1vel de Portugal, o quadro legal favor\u00e1vel e os incentivos governamentais para investidores estrangeiros aumentam ainda mais a atratividade do Estoril, Cascais e Sintra como locais ideais para neg\u00f3cios imobili\u00e1rios.<\/p>\r\n<p>Com um panorama tur\u00edstico promissor e uma reputa\u00e7\u00e3o de qualidade de vida, o investimento imobili\u00e1rio no estoril, cascais ou Sintra, n\u00e3o s\u00f3 se alinha com a tend\u00eancia global de procura de mercados imobili\u00e1rios atractivos, como tamb\u00e9m promete potencial de crescimento sustentado e rentabilidade.<\/p>\r\n\r\n\r\n\r\n<p>Para mais informa\u00e7\u00f5es, contacte-nos em <a href=\"mailto:contact@curated.pt\">contact@curated.pt<\/a><\/p>\r\n\r\n\r\n\r\n<p>&nbsp;<\/p>\r\n","protected":false},"excerpt":{"rendered":"<p>O investimento em neg\u00f3cios imobili\u00e1rios no Estoril, Cascais e Sintra, situados ao longo da Linha (Riviera Portuguesa), oferece uma proposta atractiva impulsionada pelos atributos \u00fanicos da regi\u00e3o. A Linha, com&#46;&#46;&#46;<\/p>\n","protected":false},"author":1,"featured_media":4571,"parent":0,"menu_order":0,"comment_status":"closed","ping_status":"closed","template":"page-templates\/default-page.php","meta":{"footnotes":""},"_links":{"self":[{"href":"https:\/\/curated.pt\/pt\/wp-json\/wp\/v2\/pages\/4603"}],"collection":[{"href":"https:\/\/curated.pt\/pt\/wp-json\/wp\/v2\/pages"}],"about":[{"href":"https:\/\/curated.pt\/pt\/wp-json\/wp\/v2\/types\/page"}],"author":[{"embeddable":true,"href":"https:\/\/curated.pt\/pt\/wp-json\/wp\/v2\/users\/1"}],"replies":[{"embeddable":true,"href":"https:\/\/curated.pt\/pt\/wp-json\/wp\/v2\/comments?post=4603"}],"version-history":[{"count":5,"href":"https:\/\/curated.pt\/pt\/wp-json\/wp\/v2\/pages\/4603\/revisions"}],"predecessor-version":[{"id":4642,"href":"https:\/\/curated.pt\/pt\/wp-json\/wp\/v2\/pages\/4603\/revisions\/4642"}],"wp:featuredmedia":[{"embeddable":true,"href":"https:\/\/curated.pt\/pt\/wp-json\/wp\/v2\/media\/4571"}],"wp:attachment":[{"href":"https:\/\/curated.pt\/pt\/wp-json\/wp\/v2\/media?parent=4603"}],"curies":[{"name":"wp","href":"https:\/\/api.w.org\/{rel}","templated":true}]}}