
{"id":4605,"date":"2023-04-21T11:17:54","date_gmt":"2023-04-21T11:17:54","guid":{"rendered":"https:\/\/portugalcurated.pt\/newcuratedinvestments\/area-comporta-melides\/"},"modified":"2024-02-29T19:04:25","modified_gmt":"2024-02-29T19:04:25","slug":"area-comporta-melides","status":"publish","type":"page","link":"https:\/\/curated.pt\/pt\/area-comporta-melides\/","title":{"rendered":"Comporta &#038; Melides"},"content":{"rendered":"\r\n<p>Investir em neg\u00f3cios imobili\u00e1rios na Comporta e em Melides representa uma oportunidade atractiva, enraizada no charme \u00fanico e no potencial inexplorado desta j\u00f3ia costeira portuguesa. A Comporta, conhecida pelas suas praias imaculadas, campos de arroz e charme tradicional, emergiu como um destino cobi\u00e7ado, atraindo a aten\u00e7\u00e3o de investidores que procuram uma mistura de exclusividade e beleza natural. Melides, com as suas paisagens intocadas e arredores tranquilos, oferece um ref\u00fagio sereno que apela a quem procura um retiro mais isolado.<\/p>\r\n<p>O mercado imobili\u00e1rio tanto na Comporta como em Melides ainda est\u00e1 a evoluir, proporcionando aos primeiros investidores a oportunidade de capitalizar num destino em crescimento. O fasc\u00ednio destas \u00e1reas reside n\u00e3o s\u00f3 nas suas paisagens c\u00e9nicas, mas tamb\u00e9m no potencial de desenvolvimento de propriedades sustent\u00e1veis e amigas do ambiente, alinhadas com a crescente tend\u00eancia global para o turismo respons\u00e1vel.<\/p>\r\n<p>\u00c0 medida que Portugal continua a ganhar popularidade como destino procurado, o investimento em neg\u00f3cios imobili\u00e1rios na Comporta e em Melides permite aos investidores tirar partido da crescente procura de propriedades distintas e respeitadoras do ambiente, tornando-se uma perspetiva atractiva para aqueles que procuram tanto o retorno financeiro como a satisfa\u00e7\u00e3o de contribuir para o desenvolvimento destes locais id\u00edlicos.<\/p>\r\n\r\n\r\n\r\n<p>Para mais informa\u00e7\u00f5es, contacte-nos em <a href=\"mailto:contact@curated.pt\">contact@curated.pt<\/a><\/p>\r\n","protected":false},"excerpt":{"rendered":"<p>Investir em neg\u00f3cios imobili\u00e1rios na Comporta e em Melides representa uma oportunidade atractiva, enraizada no charme \u00fanico e no potencial inexplorado desta j\u00f3ia costeira portuguesa. A Comporta, conhecida pelas suas&#46;&#46;&#46;<\/p>\n","protected":false},"author":1,"featured_media":4574,"parent":0,"menu_order":0,"comment_status":"closed","ping_status":"closed","template":"page-templates\/default-page.php","meta":{"footnotes":""},"_links":{"self":[{"href":"https:\/\/curated.pt\/pt\/wp-json\/wp\/v2\/pages\/4605"}],"collection":[{"href":"https:\/\/curated.pt\/pt\/wp-json\/wp\/v2\/pages"}],"about":[{"href":"https:\/\/curated.pt\/pt\/wp-json\/wp\/v2\/types\/page"}],"author":[{"embeddable":true,"href":"https:\/\/curated.pt\/pt\/wp-json\/wp\/v2\/users\/1"}],"replies":[{"embeddable":true,"href":"https:\/\/curated.pt\/pt\/wp-json\/wp\/v2\/comments?post=4605"}],"version-history":[{"count":5,"href":"https:\/\/curated.pt\/pt\/wp-json\/wp\/v2\/pages\/4605\/revisions"}],"predecessor-version":[{"id":4648,"href":"https:\/\/curated.pt\/pt\/wp-json\/wp\/v2\/pages\/4605\/revisions\/4648"}],"wp:featuredmedia":[{"embeddable":true,"href":"https:\/\/curated.pt\/pt\/wp-json\/wp\/v2\/media\/4574"}],"wp:attachment":[{"href":"https:\/\/curated.pt\/pt\/wp-json\/wp\/v2\/media?parent=4605"}],"curies":[{"name":"wp","href":"https:\/\/api.w.org\/{rel}","templated":true}]}}