
{"id":4607,"date":"2023-04-21T11:19:20","date_gmt":"2023-04-21T11:19:20","guid":{"rendered":"https:\/\/portugalcurated.pt\/newcuratedinvestments\/area-islands\/"},"modified":"2024-02-29T20:28:47","modified_gmt":"2024-02-29T20:28:47","slug":"area-islands","status":"publish","type":"page","link":"https:\/\/curated.pt\/pt\/area-islands\/","title":{"rendered":"Islands"},"content":{"rendered":"\r\n<p>O investimento em neg\u00f3cios imobili\u00e1rios na Madeira e nos A\u00e7ores apresenta uma oportunidade atractiva, enraizada na beleza natural e na atra\u00e7\u00e3o \u00fanica destes arquip\u00e9lagos portugueses.<\/p>\r\n<p>A Madeira, conhecida como a &#8220;P\u00e9rola do Atl\u00e2ntico&#8221;, oferece um clima subtropical, paisagens exuberantes e uma atmosfera acolhedora. Os A\u00e7ores, um grupo de ilhas vulc\u00e2nicas, apresentam um cen\u00e1rio deslumbrante, incluindo lagos de crateras, fontes termais e pitorescas aldeias costeiras. Ambas as regi\u00f5es est\u00e3o a tornar-se destinos tur\u00edsticos cada vez mais populares, atraindo visitantes que procuram aventura, natureza e tranquilidade.<\/p>\r\n<p>Investir em imobili\u00e1rio na Madeira e nos A\u00e7ores permite uma gama diversificada de oportunidades, desde hot\u00e9is boutique e alugueres para f\u00e9rias a empreendimentos ecol\u00f3gicos que se alinham com a tend\u00eancia crescente do turismo sustent\u00e1vel. O empenho do governo portugu\u00eas em fomentar o crescimento econ\u00f3mico nestas regi\u00f5es, aliado ao potencial para experi\u00eancias \u00fanicas e aut\u00eanticas, torna o investimento imobili\u00e1rio na Madeira e nos A\u00e7ores uma perspetiva apelativa para quem procura capitalizar o mercado tur\u00edstico em expans\u00e3o e o charme carater\u00edstico destes para\u00edsos insulares.<\/p>\r\n\r\n\r\n\r\n<p>Para mais informa\u00e7\u00f5es, contacte-nos em <a href=\"mailto:contact@curated.pt\">contact@curated.pt<\/a><\/p>\r\n","protected":false},"excerpt":{"rendered":"<p>O investimento em neg\u00f3cios imobili\u00e1rios na Madeira e nos A\u00e7ores apresenta uma oportunidade atractiva, enraizada na beleza natural e na atra\u00e7\u00e3o \u00fanica destes arquip\u00e9lagos portugueses. A Madeira, conhecida como a&#46;&#46;&#46;<\/p>\n","protected":false},"author":1,"featured_media":4580,"parent":0,"menu_order":0,"comment_status":"closed","ping_status":"closed","template":"page-templates\/default-page.php","meta":{"footnotes":""},"_links":{"self":[{"href":"https:\/\/curated.pt\/pt\/wp-json\/wp\/v2\/pages\/4607"}],"collection":[{"href":"https:\/\/curated.pt\/pt\/wp-json\/wp\/v2\/pages"}],"about":[{"href":"https:\/\/curated.pt\/pt\/wp-json\/wp\/v2\/types\/page"}],"author":[{"embeddable":true,"href":"https:\/\/curated.pt\/pt\/wp-json\/wp\/v2\/users\/1"}],"replies":[{"embeddable":true,"href":"https:\/\/curated.pt\/pt\/wp-json\/wp\/v2\/comments?post=4607"}],"version-history":[{"count":2,"href":"https:\/\/curated.pt\/pt\/wp-json\/wp\/v2\/pages\/4607\/revisions"}],"predecessor-version":[{"id":4665,"href":"https:\/\/curated.pt\/pt\/wp-json\/wp\/v2\/pages\/4607\/revisions\/4665"}],"wp:featuredmedia":[{"embeddable":true,"href":"https:\/\/curated.pt\/pt\/wp-json\/wp\/v2\/media\/4580"}],"wp:attachment":[{"href":"https:\/\/curated.pt\/pt\/wp-json\/wp\/v2\/media?parent=4607"}],"curies":[{"name":"wp","href":"https:\/\/api.w.org\/{rel}","templated":true}]}}